{"id":147,"date":"2021-10-26T15:01:17","date_gmt":"2021-10-26T15:01:17","guid":{"rendered":"https:\/\/mosdata.com\/bonomo\/?page_id=147"},"modified":"2021-11-13T21:57:14","modified_gmt":"2021-11-13T21:57:14","slug":"servicio-tecnico","status":"publish","type":"page","link":"https:\/\/bonomosistemas.com.ar\/site\/servicio-tecnico\/","title":{"rendered":"Servicio T\u00e9cnico"},"content":{"rendered":"<p>[et_pb_section fb_built=\u00bb1&#8243; _builder_version=\u00bb4.13.1&#8243; _module_preset=\u00bbdefault\u00bb hover_enabled=\u00bb0&#8243; global_colors_info=\u00bb{}\u00bb custom_margin_last_edited=\u00bbon|phone\u00bb custom_margin_phone=\u00bb0px||0px||true|false\u00bb custom_padding_last_edited=\u00bbon|phone\u00bb custom_padding_phone=\u00bb30px||30px||true|false\u00bb sticky_enabled=\u00bb0&#8243;][et_pb_row _builder_version=\u00bb4.13.1&#8243; _module_preset=\u00bbdefault\u00bb hover_enabled=\u00bb0&#8243; global_colors_info=\u00bb{}\u00bb width_last_edited=\u00bbon|phone\u00bb width_phone=\u00bb90%\u00bb sticky_enabled=\u00bb0&#8243;][et_pb_column type=\u00bb4_4&#8243; _builder_version=\u00bb4.11.4&#8243; _module_preset=\u00bbdefault\u00bb global_colors_info=\u00bb{}\u00bb][et_pb_blurb title=\u00bbServicio T\u00e9cnico\u00bb image_icon_width=\u00bb37%\u00bb _builder_version=\u00bb4.13.0&#8243; _module_preset=\u00bbdefault\u00bb header_font_size=\u00bb30px\u00bb text_orientation=\u00bbcenter\u00bb custom_margin=\u00bb0px||0px||true|false\u00bb custom_padding=\u00bb0px||0px||true|false\u00bb border_color_bottom=\u00bbgcid-42111648-a2ee-4c00-8898-426b36ff5cac\u00bb image_max_width=\u00bb37%\u00bb global_colors_info=\u00bb{%22gcid-42111648-a2ee-4c00-8898-426b36ff5cac%22:%91%22border_color_bottom%22%93}\u00bb][\/et_pb_blurb][et_pb_divider color=\u00bbgcid-42111648-a2ee-4c00-8898-426b36ff5cac\u00bb divider_weight=\u00bb2px\u00bb _builder_version=\u00bb4.13.1&#8243; _module_preset=\u00bbdefault\u00bb width=\u00bb15%\u00bb module_alignment=\u00bbcenter\u00bb custom_margin=\u00bb0px||20px||false|false\u00bb custom_padding=\u00bb0px||0px||true|false\u00bb hover_enabled=\u00bb0&#8243; global_colors_info=\u00bb{%22gcid-42111648-a2ee-4c00-8898-426b36ff5cac%22:%91%22color%22%93}\u00bb width_last_edited=\u00bbon|phone\u00bb width_phone=\u00bb46%\u00bb sticky_enabled=\u00bb0&#8243; width_tablet=\u00bb15%\u00bb][\/et_pb_divider][et_pb_text _builder_version=\u00bb4.11.4&#8243; _module_preset=\u00bbdefault\u00bb text_font_size=\u00bb15px\u00bb global_colors_info=\u00bb{}\u00bb]Nuestro servicio de mantenimiento a empresas est\u00e1 dise\u00f1ado con el fin de cubrir integralmente todos los aspectos del \u00e1rea de tecnolog\u00eda de su negocio.<br \/>\nBrindamos respuestas inteligentes para que nuestros clientes sean m\u00e1s competitivos y exitosos a trav\u00e9s del desarrollo y optimizaci\u00f3n de su plataforma tencnol\u00f3gica.[\/et_pb_text][\/et_pb_column][\/et_pb_row][et_pb_row column_structure=\u00bb1_2,1_2&#8243; _builder_version=\u00bb4.13.1&#8243; _module_preset=\u00bbdefault\u00bb hover_enabled=\u00bb0&#8243; global_colors_info=\u00bb{}\u00bb width_last_edited=\u00bbon|phone\u00bb width_phone=\u00bb90%\u00bb sticky_enabled=\u00bb0&#8243;][et_pb_column type=\u00bb1_2&#8243; _builder_version=\u00bb4.11.4&#8243; _module_preset=\u00bbdefault\u00bb global_colors_info=\u00bb{}\u00bb][et_pb_text _builder_version=\u00bb4.13.1&#8243; _module_preset=\u00bbdefault\u00bb text_font_size=\u00bb15px\u00bb hover_enabled=\u00bb0&#8243; global_colors_info=\u00bb{}\u00bb custom_margin_last_edited=\u00bbon|phone\u00bb custom_margin_phone=\u00bb||0px||false|false\u00bb custom_padding_last_edited=\u00bbon|phone\u00bb custom_padding_phone=\u00bb||0px||false|false\u00bb sticky_enabled=\u00bb0&#8243;]<\/p>\n<ul>\n<li>Servicio T\u00e9cnico Autorizado por AFIP (controladores fiscales, impresoras fiscales, tickeadoras, registradoras, comanderas, etc.)<\/li>\n<li>Aprovisionamiento de equipos con instalaci\u00f3n llave en mano.<\/li>\n<li>Instalaci\u00f3n y configuraci\u00f3n de equipos inform\u00e1ticos.<\/li>\n<li>Instalaci\u00f3n y provisi\u00f3n de sistemas de CCTV a empresas y comercios.<\/li>\n<li>Soporte T\u00e9cnico integral de parque inform\u00e1tico a empresas.<\/li>\n<li>Instalaci\u00f3n y mantenimiento de fotocopiadoras.<\/li>\n<li>Mantenimiento y soporte por cualquier problema que pudieran tener las terminales y servidores.<\/li>\n<li>Instalaci\u00f3n de sistemas operativos en caso de ser necesario formateo de equipos.<\/li>\n<li>Instalaci\u00f3n de Software y Drivers.<\/li>\n<li>Backups de la informaci\u00f3n contenida en los sistemas.<\/li>\n<li>Dise\u00f1o de una estrategia de seguridad a trav\u00e9s de Antivirus y Firewall.<\/li>\n<\/ul>\n<p>[\/et_pb_text][\/et_pb_column][et_pb_column type=\u00bb1_2&#8243; _builder_version=\u00bb4.11.4&#8243; _module_preset=\u00bbdefault\u00bb global_colors_info=\u00bb{}\u00bb][et_pb_text _builder_version=\u00bb4.13.1&#8243; _module_preset=\u00bbdefault\u00bb text_font_size=\u00bb15px\u00bb hover_enabled=\u00bb0&#8243; global_colors_info=\u00bb{}\u00bb custom_margin_last_edited=\u00bbon|phone\u00bb custom_margin_phone=\u00bb-40px||0px||false|false\u00bb custom_padding_last_edited=\u00bbon|phone\u00bb custom_padding_phone=\u00bb0px||0px||true|false\u00bb sticky_enabled=\u00bb0&#8243;]<\/p>\n<ul>\n<li><span style=\"font-size: 15px;\">Eliminaci\u00f3n de virus\/malware en caso de que ingresaran al sistema.<\/span><\/li>\n<li>Visitas preventivas en su negocio para realizar mantenimiento de rutina.<\/li>\n<li>Instalaci\u00f3n de componentes y\/o perif\u00e9ricos de hardware.<\/li>\n<li>Instalaci\u00f3n de servidores DNS\/DHCP\/WINS para control de internet.<\/li>\n<li>Soporte para Pc, Notebooks, Netbooks y All In One.<\/li>\n<li>Limpieza interna del PC.<\/li>\n<li>Configuraci\u00f3n, Planificaci\u00f3n y Administraci\u00f3n de Redes.<\/li>\n<li>Migraci\u00f3n a plataforma Microsoft a Linux o bien Linux a Microsoft.<\/li>\n<li>Venta de insumos para que no necesiten derivar a un tercero las compras.<\/li>\n<li>Instalaci\u00f3n de redes dom\u00e9sticas y de oficina.<\/li>\n<li>Configuraci\u00f3n de Router \/ Modem \/Switch.<\/li>\n<li>Instalaci\u00f3n y ampliaci\u00f3n de redes Wi-Fi.<\/li>\n<li>Servicio t\u00e9cnico a servidores Tower, Rack, Blade; IBM, DELL y HP.<\/li>\n<\/ul>\n<p>[\/et_pb_text][\/et_pb_column][\/et_pb_row][et_pb_row _builder_version=\u00bb4.13.1&#8243; _module_preset=\u00bbdefault\u00bb hover_enabled=\u00bb0&#8243; global_colors_info=\u00bb{}\u00bb custom_margin=\u00bb0px||0px||true|false\u00bb custom_padding=\u00bb0px||30px||false|false\u00bb sticky_enabled=\u00bb0&#8243;][et_pb_column type=\u00bb4_4&#8243; _builder_version=\u00bb4.11.4&#8243; _module_preset=\u00bbdefault\u00bb global_colors_info=\u00bb{}\u00bb][et_pb_button button_url=\u00bb@ET-DC@eyJkeW5hbWljIjp0cnVlLCJjb250ZW50IjoicG9zdF9saW5rX3VybF9wYWdlIiwic2V0dGluZ3MiOnsicG9zdF9pZCI6IjU1NCJ9fQ==@\u00bb button_text=\u00bbCont\u00e1ctenos\u00bb _builder_version=\u00bb4.13.0&#8243; _dynamic_attributes=\u00bbbutton_url\u00bb _module_preset=\u00bbdefault\u00bb custom_button=\u00bbon\u00bb button_text_size=\u00bb18px\u00bb button_text_color=\u00bb#000000&#8243; button_bg_color=\u00bb#d8d8d8&#8243; button_border_color=\u00bbRGBA(0,0,0,0)\u00bb custom_padding=\u00bb5px||5px||true|true\u00bb hover_enabled=\u00bb0&#8243; global_colors_info=\u00bb{%22gcid-1ba47d60-c27f-46fd-a12f-d4e04936acd1%22:%91%22button_bg_color__hover%22%93}\u00bb button_bg_color__hover_enabled=\u00bbon|desktop\u00bb button_bg_color__hover=\u00bb#f68002&#8243; button_bg_enable_color__hover=\u00bbon\u00bb sticky_enabled=\u00bb0&#8243;][\/et_pb_button][\/et_pb_column][\/et_pb_row][\/et_pb_section]<\/p>\n","protected":false},"excerpt":{"rendered":"<p>Nuestro servicio de mantenimiento a empresas est\u00e1 dise\u00f1ado con el fin de cubrir integralmente todos los aspectos del \u00e1rea de tecnolog\u00eda de su negocio. Brindamos respuestas inteligentes para que nuestros clientes sean m\u00e1s competitivos y exitosos a trav\u00e9s del desarrollo y optimizaci\u00f3n de su plataforma tencnol\u00f3gica. Servicio T\u00e9cnico Autorizado por AFIP (controladores fiscales, impresoras fiscales, [&hellip;]<\/p>\n","protected":false},"author":14,"featured_media":0,"parent":0,"menu_order":0,"comment_status":"closed","ping_status":"closed","template":"","meta":{"_et_pb_use_builder":"on","_et_pb_old_content":"","_et_gb_content_width":"","footnotes":""},"class_list":["post-147","page","type-page","status-publish","hentry"],"_links":{"self":[{"href":"https:\/\/bonomosistemas.com.ar\/site\/wp-json\/wp\/v2\/pages\/147","targetHints":{"allow":["GET"]}}],"collection":[{"href":"https:\/\/bonomosistemas.com.ar\/site\/wp-json\/wp\/v2\/pages"}],"about":[{"href":"https:\/\/bonomosistemas.com.ar\/site\/wp-json\/wp\/v2\/types\/page"}],"author":[{"embeddable":true,"href":"https:\/\/bonomosistemas.com.ar\/site\/wp-json\/wp\/v2\/users\/14"}],"replies":[{"embeddable":true,"href":"https:\/\/bonomosistemas.com.ar\/site\/wp-json\/wp\/v2\/comments?post=147"}],"version-history":[{"count":6,"href":"https:\/\/bonomosistemas.com.ar\/site\/wp-json\/wp\/v2\/pages\/147\/revisions"}],"predecessor-version":[{"id":795,"href":"https:\/\/bonomosistemas.com.ar\/site\/wp-json\/wp\/v2\/pages\/147\/revisions\/795"}],"wp:attachment":[{"href":"https:\/\/bonomosistemas.com.ar\/site\/wp-json\/wp\/v2\/media?parent=147"}],"curies":[{"name":"wp","href":"https:\/\/api.w.org\/{rel}","templated":true}]}}