{"id":1110,"date":"2021-12-16T23:05:18","date_gmt":"2021-12-17T02:05:18","guid":{"rendered":"https:\/\/bonomosistemas.com.ar\/site\/?post_type=product&#038;p=1110"},"modified":"2026-03-06T13:59:35","modified_gmt":"2026-03-06T16:59:35","slug":"memoria-kingston-hyperx-4gb-ddr4-2400mhz","status":"publish","type":"product","link":"https:\/\/bonomosistemas.com.ar\/site\/producto\/memoria-kingston-hyperx-4gb-ddr4-2400mhz\/","title":{"rendered":"Memoria Kingston HyperX 4GB DDR4 2400Mhz"},"content":{"rendered":"<ul>\n<li class=\"mb-0\"><b>Marca: <\/b>Kingston<\/li>\n<li class=\"mb-0\"><b>Modelo: <\/b>HX424C15FB3\/4<\/li>\n<li class=\"mb-0\"><b>L\u00ednea: <\/b>HyperX<\/li>\n<li class=\"mb-0\"><b>Tipo: <\/b>DDR4<\/li>\n<li class=\"mb-0\"><b>Latencia: <\/b>15<\/li>\n<li class=\"mb-0\"><b>Voltaje: <\/b>1.2V<\/li>\n<li class=\"mb-0\"><b>Capacidad: <\/b>4 GB<\/li>\n<li class=\"mb-0\"><b>Velocidad: <\/b>2400 MHz<\/li>\n<li class=\"mb-0\"><b>Aplicaci\u00f3n: <\/b>PC<\/li>\n<li class=\"mb-0\"><b>Disipador: <\/b>Si<\/li>\n<li class=\"mb-0\"><b>Iluminaci\u00f3n: <\/b>No<\/li>\n<\/ul>\n","protected":false},"excerpt":{"rendered":"<p>Marca: Kingston Modelo: HX424C15FB3\/4 L\u00ednea: HyperX Tipo: DDR4 Latencia: 15 Voltaje: 1.2V Capacidad: 4 GB Velocidad: 2400 MHz Aplicaci\u00f3n: PC Disipador: Si Iluminaci\u00f3n: No<\/p>\n","protected":false},"featured_media":1111,"comment_status":"open","ping_status":"closed","template":"","meta":{"_et_pb_use_builder":"","_et_pb_old_content":"","_et_gb_content_width":""},"product_brand":[],"product_cat":[62],"product_tag":[126,127,120,124,125],"class_list":{"0":"post-1110","1":"product","2":"type-product","3":"status-publish","4":"has-post-thumbnail","6":"product_cat-memorias-ram","7":"product_tag-ddr4","8":"product_tag-hyperx","9":"product_tag-kingston","10":"product_tag-memoria","11":"product_tag-ram","13":"first","14":"instock","15":"sale","16":"shipping-taxable","17":"purchasable","18":"product-type-simple"},"_links":{"self":[{"href":"https:\/\/bonomosistemas.com.ar\/site\/wp-json\/wp\/v2\/product\/1110","targetHints":{"allow":["GET"]}}],"collection":[{"href":"https:\/\/bonomosistemas.com.ar\/site\/wp-json\/wp\/v2\/product"}],"about":[{"href":"https:\/\/bonomosistemas.com.ar\/site\/wp-json\/wp\/v2\/types\/product"}],"replies":[{"embeddable":true,"href":"https:\/\/bonomosistemas.com.ar\/site\/wp-json\/wp\/v2\/comments?post=1110"}],"wp:featuredmedia":[{"embeddable":true,"href":"https:\/\/bonomosistemas.com.ar\/site\/wp-json\/wp\/v2\/media\/1111"}],"wp:attachment":[{"href":"https:\/\/bonomosistemas.com.ar\/site\/wp-json\/wp\/v2\/media?parent=1110"}],"wp:term":[{"taxonomy":"product_brand","embeddable":true,"href":"https:\/\/bonomosistemas.com.ar\/site\/wp-json\/wp\/v2\/product_brand?post=1110"},{"taxonomy":"product_cat","embeddable":true,"href":"https:\/\/bonomosistemas.com.ar\/site\/wp-json\/wp\/v2\/product_cat?post=1110"},{"taxonomy":"product_tag","embeddable":true,"href":"https:\/\/bonomosistemas.com.ar\/site\/wp-json\/wp\/v2\/product_tag?post=1110"}],"curies":[{"name":"wp","href":"https:\/\/api.w.org\/{rel}","templated":true}]}}