{"id":1116,"date":"2021-12-16T23:14:19","date_gmt":"2021-12-17T02:14:19","guid":{"rendered":"https:\/\/bonomosistemas.com.ar\/site\/?post_type=product&#038;p=1116"},"modified":"2026-02-28T22:14:49","modified_gmt":"2026-03-01T01:14:49","slug":"memoria-sodimm-corsair-vengeance-8gb-ddr4-2400mhz","status":"publish","type":"product","link":"https:\/\/bonomosistemas.com.ar\/site\/producto\/memoria-sodimm-corsair-vengeance-8gb-ddr4-2400mhz\/","title":{"rendered":"Memoria SODIMM Corsair Vengeance 8GB DDR4 2400Mhz"},"content":{"rendered":"<ul>\n<li class=\"mb-0\"><b>Marca: <\/b>Corsair<\/li>\n<li class=\"mb-0\"><b>Modelo: <\/b>CMSX8GX4M1A2400C16<\/li>\n<li class=\"mb-0\"><b>L\u00ednea: <\/b>Value Select<\/li>\n<li class=\"mb-0\"><b>Tipo: <\/b>DDR4 SODIMM<\/li>\n<li class=\"mb-0\"><b>Latencia: <\/b>16<\/li>\n<li class=\"mb-0\"><b>Voltaje: <\/b>1.2V<\/li>\n<li class=\"mb-0\"><b>Capacidad: <\/b>8 GB<\/li>\n<li class=\"mb-0\"><b>Velocidad: <\/b>2400 MHz<\/li>\n<li class=\"mb-0\"><b>Aplicaci\u00f3n: <\/b>Notebook<\/li>\n<li class=\"mb-0\"><b>Disipador: <\/b>No<\/li>\n<li class=\"mb-0\"><b>Iluminaci\u00f3n: <\/b>No<\/li>\n<\/ul>\n","protected":false},"excerpt":{"rendered":"<p>Marca: Corsair Modelo: CMSX8GX4M1A2400C16 L\u00ednea: Value Select Tipo: DDR4 SODIMM Latencia: 16 Voltaje: 1.2V Capacidad: 8 GB Velocidad: 2400 MHz Aplicaci\u00f3n: Notebook Disipador: No Iluminaci\u00f3n: No<\/p>\n","protected":false},"featured_media":1117,"comment_status":"open","ping_status":"closed","template":"","meta":{"_et_pb_use_builder":"","_et_pb_old_content":"","_et_gb_content_width":""},"product_brand":[],"product_cat":[62],"product_tag":[121,126,124,125,128],"class_list":{"0":"post-1116","1":"product","2":"type-product","3":"status-publish","4":"has-post-thumbnail","6":"product_cat-memorias-ram","7":"product_tag-corsair","8":"product_tag-ddr4","9":"product_tag-memoria","10":"product_tag-ram","11":"product_tag-sodimm","13":"first","14":"instock","15":"shipping-taxable","16":"purchasable","17":"product-type-simple"},"_links":{"self":[{"href":"https:\/\/bonomosistemas.com.ar\/site\/wp-json\/wp\/v2\/product\/1116","targetHints":{"allow":["GET"]}}],"collection":[{"href":"https:\/\/bonomosistemas.com.ar\/site\/wp-json\/wp\/v2\/product"}],"about":[{"href":"https:\/\/bonomosistemas.com.ar\/site\/wp-json\/wp\/v2\/types\/product"}],"replies":[{"embeddable":true,"href":"https:\/\/bonomosistemas.com.ar\/site\/wp-json\/wp\/v2\/comments?post=1116"}],"wp:featuredmedia":[{"embeddable":true,"href":"https:\/\/bonomosistemas.com.ar\/site\/wp-json\/wp\/v2\/media\/1117"}],"wp:attachment":[{"href":"https:\/\/bonomosistemas.com.ar\/site\/wp-json\/wp\/v2\/media?parent=1116"}],"wp:term":[{"taxonomy":"product_brand","embeddable":true,"href":"https:\/\/bonomosistemas.com.ar\/site\/wp-json\/wp\/v2\/product_brand?post=1116"},{"taxonomy":"product_cat","embeddable":true,"href":"https:\/\/bonomosistemas.com.ar\/site\/wp-json\/wp\/v2\/product_cat?post=1116"},{"taxonomy":"product_tag","embeddable":true,"href":"https:\/\/bonomosistemas.com.ar\/site\/wp-json\/wp\/v2\/product_tag?post=1116"}],"curies":[{"name":"wp","href":"https:\/\/api.w.org\/{rel}","templated":true}]}}