{"id":1125,"date":"2021-12-19T13:45:22","date_gmt":"2021-12-19T13:45:22","guid":{"rendered":"https:\/\/bonomosistemas.com.ar\/site\/?post_type=product&#038;p=1125"},"modified":"2026-02-28T21:49:53","modified_gmt":"2026-03-01T00:49:53","slug":"auriculares-xpg-emix-h20","status":"publish","type":"product","link":"https:\/\/bonomosistemas.com.ar\/site\/producto\/auriculares-xpg-emix-h20\/","title":{"rendered":"Auriculares XPG Emix H20"},"content":{"rendered":"<div class=\"specification-row dark-border\" data-v-d1ec4f24=\"\">\n<ul>\n<li class=\"specification-row-title\"><strong>Peso:<\/strong> 305g<\/li>\n<li class=\"specification-row-title\"><strong>Unidad del transductor:<\/strong> \u042450 mm<\/li>\n<li class=\"specification-row-title\"><strong>Respuesta de frecuencia:<\/strong> 20 \u2013 20k Hz<\/li>\n<li class=\"specification-row-title\"><strong>Sensibilidad:<\/strong>106dB<\/li>\n<li class=\"specification-row-title\"><strong>Direccionalidad del micr\u00f3fono:<\/strong> Omnidirectional<\/li>\n<li class=\"specification-row-title\"><strong>Compatibilidad PRIME<\/strong><\/li>\n<li class=\"specification-row-title\"><strong>Efecto de iluminaci\u00f3n:<\/strong> RGB<\/li>\n<li class=\"specification-row-title\"><strong>Sistemas operativos compatibles:<\/strong> Windows 10\/8\/7<\/li>\n<li class=\"specification-row-title\"><strong>Certificados:<\/strong> CE \/ FCC \/ KC \/ VCCI \/ RCM \/ EAC<\/li>\n<\/ul>\n<\/div>\n","protected":false},"excerpt":{"rendered":"<p>Tener conciencia de la situaci\u00f3n es clave para ganar en el campo de batalla. Sin ella, sus adversarios le ganar\u00e1n la delantera y le tender\u00e1n una emboscada cuando menos se lo espere. Incline las balanzas a su favor siendo capaz de escuchar a sus enemigos con los auriculares para juegos EMIX H20 equipados con sonido envolvente virtual 7.1. Para mayor comodidad y conveniencia, cuenta con almohadillas giratorias que pueden girar 90\u00b0 para descansar f\u00e1cilmente sobre el cuello durante los descansos.<\/p>\n","protected":false},"featured_media":1126,"comment_status":"open","ping_status":"closed","template":"","meta":{"_et_pb_use_builder":"","_et_pb_old_content":"","_et_gb_content_width":""},"product_brand":[],"product_cat":[80,411],"product_tag":[134,156,135,133],"class_list":{"0":"post-1125","1":"product","2":"type-product","3":"status-publish","4":"has-post-thumbnail","6":"product_cat-auriculares","7":"product_cat-dia-del-nino","8":"product_tag-auriculares","9":"product_tag-gamer","10":"product_tag-sonido","11":"product_tag-xpg","13":"first","14":"instock","15":"shipping-taxable","16":"purchasable","17":"product-type-simple"},"_links":{"self":[{"href":"https:\/\/bonomosistemas.com.ar\/site\/wp-json\/wp\/v2\/product\/1125","targetHints":{"allow":["GET"]}}],"collection":[{"href":"https:\/\/bonomosistemas.com.ar\/site\/wp-json\/wp\/v2\/product"}],"about":[{"href":"https:\/\/bonomosistemas.com.ar\/site\/wp-json\/wp\/v2\/types\/product"}],"replies":[{"embeddable":true,"href":"https:\/\/bonomosistemas.com.ar\/site\/wp-json\/wp\/v2\/comments?post=1125"}],"wp:featuredmedia":[{"embeddable":true,"href":"https:\/\/bonomosistemas.com.ar\/site\/wp-json\/wp\/v2\/media\/1126"}],"wp:attachment":[{"href":"https:\/\/bonomosistemas.com.ar\/site\/wp-json\/wp\/v2\/media?parent=1125"}],"wp:term":[{"taxonomy":"product_brand","embeddable":true,"href":"https:\/\/bonomosistemas.com.ar\/site\/wp-json\/wp\/v2\/product_brand?post=1125"},{"taxonomy":"product_cat","embeddable":true,"href":"https:\/\/bonomosistemas.com.ar\/site\/wp-json\/wp\/v2\/product_cat?post=1125"},{"taxonomy":"product_tag","embeddable":true,"href":"https:\/\/bonomosistemas.com.ar\/site\/wp-json\/wp\/v2\/product_tag?post=1125"}],"curies":[{"name":"wp","href":"https:\/\/api.w.org\/{rel}","templated":true}]}}