{"id":1127,"date":"2021-12-19T13:47:28","date_gmt":"2021-12-19T16:47:28","guid":{"rendered":"https:\/\/bonomosistemas.com.ar\/site\/?post_type=product&#038;p=1127"},"modified":"2026-02-28T21:49:42","modified_gmt":"2026-03-01T00:49:42","slug":"auriculares-genius-hs-200c","status":"publish","type":"product","link":"https:\/\/bonomosistemas.com.ar\/site\/producto\/auriculares-genius-hs-200c\/","title":{"rendered":"Auriculares Genius HS-200C"},"content":{"rendered":"<div class=\"specification-row dark-border\" data-v-d1ec4f24=\"\">\n<ul>\n<li><strong>Nombre del modelo:<\/strong> HS-200C<\/li>\n<li><strong>Tipo:<\/strong> Vincha ajustable<\/li>\n<li><strong>Conexi\u00f3n:<\/strong> Conector de 3,5 mm<\/li>\n<li><strong>Frecuencia:<\/strong> 20Hz &#8211; 20KHz<\/li>\n<li><strong>Sensibilidad:<\/strong> 105 dB<\/li>\n<li><strong>Impedancia:<\/strong> 32 \u03a9<\/li>\n<li><strong>Con Micr\u00f3fono:<\/strong> Si<\/li>\n<li><strong>Longitud de cable (m):<\/strong> 1.8 m<\/li>\n<li><strong>Peso (g):<\/strong> Aprox. 57 g<\/li>\n<li><strong>Requisitos del sistema<\/strong>: Ordenadores Windows\u00ae o Mac OS o los ordenadores port\u00e1tiles \/ tabletas o smartphones \/ reproductores de MP3<\/li>\n<li><strong>Colores:<\/strong> Negro<\/li>\n<\/ul>\n<p>&nbsp;<\/p>\n<\/div>\n","protected":false},"excerpt":{"rendered":"<p>Tener conciencia de la situaci\u00f3n es clave para ganar en el campo de batalla. Sin ella, sus adversarios le ganar\u00e1n la delantera y le tender\u00e1n una emboscada cuando menos se lo espere. Incline las balanzas a su favor siendo capaz de escuchar a sus enemigos con los auriculares para juegos EMIX H20 equipados con sonido envolvente virtual 7.1. Para mayor comodidad y conveniencia, cuenta con almohadillas giratorias que pueden girar 90\u00b0 para descansar f\u00e1cilmente sobre el cuello durante los descansos.<\/p>\n","protected":false},"featured_media":1128,"comment_status":"open","ping_status":"closed","template":"","meta":{"_et_pb_use_builder":"","_et_pb_old_content":"","_et_gb_content_width":""},"product_brand":[],"product_cat":[80],"product_tag":[134,136,135],"class_list":{"0":"post-1127","1":"product","2":"type-product","3":"status-publish","4":"has-post-thumbnail","6":"product_cat-auriculares","7":"product_tag-auriculares","8":"product_tag-genius","9":"product_tag-sonido","11":"first","12":"instock","13":"shipping-taxable","14":"purchasable","15":"product-type-simple"},"_links":{"self":[{"href":"https:\/\/bonomosistemas.com.ar\/site\/wp-json\/wp\/v2\/product\/1127","targetHints":{"allow":["GET"]}}],"collection":[{"href":"https:\/\/bonomosistemas.com.ar\/site\/wp-json\/wp\/v2\/product"}],"about":[{"href":"https:\/\/bonomosistemas.com.ar\/site\/wp-json\/wp\/v2\/types\/product"}],"replies":[{"embeddable":true,"href":"https:\/\/bonomosistemas.com.ar\/site\/wp-json\/wp\/v2\/comments?post=1127"}],"wp:featuredmedia":[{"embeddable":true,"href":"https:\/\/bonomosistemas.com.ar\/site\/wp-json\/wp\/v2\/media\/1128"}],"wp:attachment":[{"href":"https:\/\/bonomosistemas.com.ar\/site\/wp-json\/wp\/v2\/media?parent=1127"}],"wp:term":[{"taxonomy":"product_brand","embeddable":true,"href":"https:\/\/bonomosistemas.com.ar\/site\/wp-json\/wp\/v2\/product_brand?post=1127"},{"taxonomy":"product_cat","embeddable":true,"href":"https:\/\/bonomosistemas.com.ar\/site\/wp-json\/wp\/v2\/product_cat?post=1127"},{"taxonomy":"product_tag","embeddable":true,"href":"https:\/\/bonomosistemas.com.ar\/site\/wp-json\/wp\/v2\/product_tag?post=1127"}],"curies":[{"name":"wp","href":"https:\/\/api.w.org\/{rel}","templated":true}]}}