{"id":1138,"date":"2021-12-20T17:27:40","date_gmt":"2021-12-20T17:27:40","guid":{"rendered":"https:\/\/bonomosistemas.com.ar\/site\/?post_type=product&#038;p=1138"},"modified":"2023-11-04T10:30:32","modified_gmt":"2023-11-04T13:30:32","slug":"impresora-termica-serforce-tp-57","status":"publish","type":"product","link":"https:\/\/bonomosistemas.com.ar\/site\/producto\/impresora-termica-serforce-tp-57\/","title":{"rendered":"Impresora T\u00e9rmica Serforce TP-57"},"content":{"rendered":"<ul>\n<li><strong>M\u00e9todo de impresi\u00f3n:<\/strong> T\u00e9rmica directa por l\u00ednea<\/li>\n<li><strong>Resoluci\u00f3n:<\/strong> 203 dpi<\/li>\n<li><strong>Ancho de impresi\u00f3n:<\/strong> 58mm<\/li>\n<li><strong>Velocidad de impresi\u00f3n:<\/strong> M\u00e1x. 100 mm\/s<\/li>\n<li><strong>Duraci\u00f3n del cabezal:<\/strong> 100Km<\/li>\n<li><strong>Direcci\u00f3n de impresi\u00f3n:<\/strong> Vertical y horizontal<\/li>\n<li><strong>Densidad de impresi\u00f3n:<\/strong> Regulable &#8211; Grado 1 a 5<\/li>\n<li><strong>C\u00f3digos de barra:<\/strong> 1D \/ UPC-A, UPC-E, EAN8, EAN13, CODE39, ITF, CODEBAR, CODE128, CODE93<\/li>\n<li><strong>Opciones de interfaz:<\/strong> RS232 y USB<\/li>\n<li><strong>Carga de papel:<\/strong> Carga frontal, drop in<\/li>\n<li><strong>Drivers:<\/strong> Windows (10\/8\/7\/Vista\/XP\/2000), POS Ready, Linux y OPOS<\/li>\n<\/ul>\n","protected":false},"excerpt":{"rendered":"<p>Ideal para imprimir tickets con balanzas Systel. Gran dise\u00f1o y alta velocidad de impresi\u00f3n. Compacta y elegante. Resistente a las salpicaduras y al polvo, durable en ambientes demandantes. Compatible con diferentes SO. Cabezal de impresi\u00f3n de alta durabilidad. Bajo consumo, eficiente. Mecanismo met\u00e1lico con alta disipaci\u00f3n de calor. Interfaces RS232 y USB.<\/p>\n","protected":false},"featured_media":1139,"comment_status":"open","ping_status":"closed","template":"","meta":{"_et_pb_use_builder":"","_et_pb_old_content":"","_et_gb_content_width":""},"product_brand":[],"product_cat":[24],"product_tag":[138,122,139,145],"class_list":{"0":"post-1138","1":"product","2":"type-product","3":"status-publish","4":"has-post-thumbnail","6":"product_cat-comanderas","7":"product_tag-comandera","8":"product_tag-consulte","9":"product_tag-impresora-termica","10":"product_tag-serforce","12":"first","13":"instock","14":"shipping-taxable","15":"purchasable","16":"product-type-simple"},"_links":{"self":[{"href":"https:\/\/bonomosistemas.com.ar\/site\/wp-json\/wp\/v2\/product\/1138","targetHints":{"allow":["GET"]}}],"collection":[{"href":"https:\/\/bonomosistemas.com.ar\/site\/wp-json\/wp\/v2\/product"}],"about":[{"href":"https:\/\/bonomosistemas.com.ar\/site\/wp-json\/wp\/v2\/types\/product"}],"replies":[{"embeddable":true,"href":"https:\/\/bonomosistemas.com.ar\/site\/wp-json\/wp\/v2\/comments?post=1138"}],"wp:featuredmedia":[{"embeddable":true,"href":"https:\/\/bonomosistemas.com.ar\/site\/wp-json\/wp\/v2\/media\/1139"}],"wp:attachment":[{"href":"https:\/\/bonomosistemas.com.ar\/site\/wp-json\/wp\/v2\/media?parent=1138"}],"wp:term":[{"taxonomy":"product_brand","embeddable":true,"href":"https:\/\/bonomosistemas.com.ar\/site\/wp-json\/wp\/v2\/product_brand?post=1138"},{"taxonomy":"product_cat","embeddable":true,"href":"https:\/\/bonomosistemas.com.ar\/site\/wp-json\/wp\/v2\/product_cat?post=1138"},{"taxonomy":"product_tag","embeddable":true,"href":"https:\/\/bonomosistemas.com.ar\/site\/wp-json\/wp\/v2\/product_tag?post=1138"}],"curies":[{"name":"wp","href":"https:\/\/api.w.org\/{rel}","templated":true}]}}