{"id":1143,"date":"2021-12-20T17:40:38","date_gmt":"2021-12-20T17:40:38","guid":{"rendered":"https:\/\/bonomosistemas.com.ar\/site\/?post_type=product&#038;p=1143"},"modified":"2023-11-04T10:30:31","modified_gmt":"2023-11-04T13:30:31","slug":"impresora-termica-epson-tm-t20iii","status":"publish","type":"product","link":"https:\/\/bonomosistemas.com.ar\/site\/producto\/impresora-termica-epson-tm-t20iii\/","title":{"rendered":"Impresora T\u00e9rmica Epson TM-T20III"},"content":{"rendered":"<ul>\n<li><strong>Nuevo dise\u00f1o:<\/strong> A un precio accesible con la misma confiabilidad y calidad de impresi\u00f3n.<\/li>\n<li><strong>Fuente de alimentaci\u00f3n integrada:<\/strong> Dise\u00f1o m\u00e1s eficiente que incluye fuente de poder.<\/li>\n<li><strong>Impresi\u00f3n de alta velocidad:<\/strong> Hasta 200 mm\/seg.<\/li>\n<li><strong>Opciones de impresi\u00f3n mejoradas:<\/strong> Reduzca el uso de papel hasta en un 30%.<\/li>\n<li><strong>Cabezal de impresi\u00f3n confiable:<\/strong> 100 km\/100 millones de pulsos.<\/li>\n<li><strong>Larga vida del cortador autom\u00e1tico:<\/strong> 1,5 millones de cortes.<\/li>\n<li><strong>Fuentes de impresi\u00f3n:<\/strong> Fuente A (predeterminada): 12 x 24 (incluido el espaciado horizontal de 2 puntos), Fuente B: 9 x 17 (incluido espaciado horizontal de 2 puntos.<\/li>\n<li><strong>Capacidad de la columna:<\/strong> Est\u00e1ndar: modelo de ancho de papel de 80 mm, 48\/64 columnas, Modo de 42 columnas: ancho de papel 80 mm, 42\/60 columnas<\/li>\n<li><strong>Tama\u00f1o del car\u00e1cter:<\/strong> Fuente A: 1,25 x 3 mm, Fuente B: 0,88 x 2,13 mm<\/li>\n<li>Set de caracteres 95 alfanum\u00e9ricos, 43 p\u00e1ginas de gr\u00e1ficos extendidos (128&#215;43), 18 juegos de caracteres internacionales<\/li>\n<li><strong>C\u00f3digo de Barras:<\/strong> UPC-A\/E, JAN 13 (EAN 13), JAN 8 (EAN8), Code 39\/93\/128, ITF, CODABAR (NW-7), QR-CODE, MaxiCode, Composite Symbology, GS1-128, GS1 DataBar Omnidirectional\/Truncated\/Limited\/Expanded<\/li>\n<li><strong>Sistemas de Operaci\u00f3n:<\/strong> Windows\u00ae 7\/8\/8.1\/10, Windows Server\u00ae 2008\/2008 R2\/2012\/2012 R2\/2016\/2019, Windows\u00ae Embedded Standard 7\/POSReady 7\/8.1 industria, Linux\u00ae Ubuntu 18.04 \/ Cent OS 7 1810, openSUSE 13.1, Mac\u00ae OS 10.12\/10.13\/10.14, OS X 10.10.5\/10.11<\/li>\n<li><strong>Dimensiones:<\/strong> 140 mm x 192 mm x 137 mm (An x Pr x Al)<\/li>\n<li><strong>Peso:<\/strong> 3,31 lb (1,5 kg) (sin rollo de papel)<\/li>\n<li><strong>Normas de Seguridad:<\/strong> UL62368-1\/CSA C22.2 No. 62368.1<\/li>\n<\/ul>\n","protected":false},"excerpt":{"rendered":"<p>La impresora t\u00e9rmica TM-T20III imprime textos y gr\u00e1ficos en recibos a velocidades de hasta 250 mm\/s, as\u00ed como logotipos, cupones y c\u00f3digos de barras de forma n\u00edtida.<\/p>\n<p>Aprovecha las caracter\u00edsticas que facilitan su uso, como la carga r\u00e1pida de papel, el cortador autom\u00e1tico y los indicadores LED. Con las opciones para reducir el consumo de papel en un 30%, y un promedio de fiabilidad que esperas de una impresora Epson.<\/p>\n","protected":false},"featured_media":1144,"comment_status":"open","ping_status":"closed","template":"","meta":{"_et_pb_use_builder":"","_et_pb_old_content":"","_et_gb_content_width":""},"product_brand":[],"product_cat":[24],"product_tag":[138,122,146,139],"class_list":{"0":"post-1143","1":"product","2":"type-product","3":"status-publish","4":"has-post-thumbnail","6":"product_cat-comanderas","7":"product_tag-comandera","8":"product_tag-consulte","9":"product_tag-epson","10":"product_tag-impresora-termica","12":"first","13":"instock","14":"shipping-taxable","15":"purchasable","16":"product-type-simple"},"_links":{"self":[{"href":"https:\/\/bonomosistemas.com.ar\/site\/wp-json\/wp\/v2\/product\/1143","targetHints":{"allow":["GET"]}}],"collection":[{"href":"https:\/\/bonomosistemas.com.ar\/site\/wp-json\/wp\/v2\/product"}],"about":[{"href":"https:\/\/bonomosistemas.com.ar\/site\/wp-json\/wp\/v2\/types\/product"}],"replies":[{"embeddable":true,"href":"https:\/\/bonomosistemas.com.ar\/site\/wp-json\/wp\/v2\/comments?post=1143"}],"wp:featuredmedia":[{"embeddable":true,"href":"https:\/\/bonomosistemas.com.ar\/site\/wp-json\/wp\/v2\/media\/1144"}],"wp:attachment":[{"href":"https:\/\/bonomosistemas.com.ar\/site\/wp-json\/wp\/v2\/media?parent=1143"}],"wp:term":[{"taxonomy":"product_brand","embeddable":true,"href":"https:\/\/bonomosistemas.com.ar\/site\/wp-json\/wp\/v2\/product_brand?post=1143"},{"taxonomy":"product_cat","embeddable":true,"href":"https:\/\/bonomosistemas.com.ar\/site\/wp-json\/wp\/v2\/product_cat?post=1143"},{"taxonomy":"product_tag","embeddable":true,"href":"https:\/\/bonomosistemas.com.ar\/site\/wp-json\/wp\/v2\/product_tag?post=1143"}],"curies":[{"name":"wp","href":"https:\/\/api.w.org\/{rel}","templated":true}]}}