{"id":1147,"date":"2021-12-20T18:00:29","date_gmt":"2021-12-20T21:00:29","guid":{"rendered":"https:\/\/bonomosistemas.com.ar\/site\/?post_type=product&#038;p=1147"},"modified":"2026-01-26T19:35:35","modified_gmt":"2026-01-26T22:35:35","slug":"mouse-logitech-m90","status":"publish","type":"product","link":"https:\/\/bonomosistemas.com.ar\/site\/producto\/mouse-logitech-m90\/","title":{"rendered":"Mouse Logitech M90"},"content":{"rendered":"<ul>\n<li><strong>Interfaz:<\/strong> USB<\/li>\n<li><strong>Unidad de sensor:<\/strong> \u00d3ptico<\/li>\n<li><strong>Resoluci\u00f3n (DPI):<\/strong> 1000<\/li>\n<li><strong>Cantidad de botones:<\/strong> Tres (izquierda, derecha y central con desplazamiento)<\/li>\n<li><strong>Longitud de cable de alimentaci\u00f3n:<\/strong> 2m<\/li>\n<li><strong>Peso:<\/strong> 70,5 g<\/li>\n<li><strong>Dimensiones (alto x ancho x profundidad):<\/strong> 97,7 x 61,5 x 35,2 mm<\/li>\n<li><strong>Compatible con sistema operativo:<\/strong> Windows\u00ae 7, 8, 8.1, 10 \/ Mac OS X 10.8 o superior<\/li>\n<\/ul>\n","protected":false},"excerpt":{"rendered":"<p><strong>COMODIDAD TOTAL, DISE\u00d1O PARA USO AMBIDIESTRO.<\/strong><br \/>\nComodidad para ambas manos. Se sentir\u00e1 c\u00f3modo, incluso tras periodos de uso prolongado.<\/p>\n<p><strong>SIN FALSOS MOVIMIENTOS.<\/strong><br \/>\nEl seguimiento \u00f3ptico preciso nunca falla. Ofrece un desplazamiento fluido, con o sin alfombrilla.<\/p>\n<p><strong>SENCILLO DE CONFIGURAR Y USAR.<\/strong><br \/>\nLa instalaci\u00f3n es r\u00e1pida y f\u00e1cil: basta con conectar el cable a un puerto USB. Sin necesidad de instalar software. Como tiene cable, puede conectarlo a un puerto USB y usarlo inmediatamente.<\/p>\n<p><strong>SEGUIMIENTO \u00d3PTICO DE ALTA DEFINICI\u00d3N.<\/strong><br \/>\nDisfrutar\u00e1 de un control preciso y uniforme del cursor, y de una selecci\u00f3n de texto f\u00e1cil, gracias al seguimiento \u00f3ptico de alta definici\u00f3n (1000 dpi).<\/p>\n","protected":false},"featured_media":1148,"comment_status":"open","ping_status":"closed","template":"","meta":{"_et_pb_use_builder":"","_et_pb_old_content":"","_et_gb_content_width":""},"product_brand":[],"product_cat":[411,82],"product_tag":[148,147],"class_list":{"0":"post-1147","1":"product","2":"type-product","3":"status-publish","4":"has-post-thumbnail","6":"product_cat-dia-del-nino","7":"product_cat-mouse","8":"product_tag-logitech","9":"product_tag-mouse","11":"first","12":"instock","13":"shipping-taxable","14":"purchasable","15":"product-type-simple"},"_links":{"self":[{"href":"https:\/\/bonomosistemas.com.ar\/site\/wp-json\/wp\/v2\/product\/1147","targetHints":{"allow":["GET"]}}],"collection":[{"href":"https:\/\/bonomosistemas.com.ar\/site\/wp-json\/wp\/v2\/product"}],"about":[{"href":"https:\/\/bonomosistemas.com.ar\/site\/wp-json\/wp\/v2\/types\/product"}],"replies":[{"embeddable":true,"href":"https:\/\/bonomosistemas.com.ar\/site\/wp-json\/wp\/v2\/comments?post=1147"}],"wp:featuredmedia":[{"embeddable":true,"href":"https:\/\/bonomosistemas.com.ar\/site\/wp-json\/wp\/v2\/media\/1148"}],"wp:attachment":[{"href":"https:\/\/bonomosistemas.com.ar\/site\/wp-json\/wp\/v2\/media?parent=1147"}],"wp:term":[{"taxonomy":"product_brand","embeddable":true,"href":"https:\/\/bonomosistemas.com.ar\/site\/wp-json\/wp\/v2\/product_brand?post=1147"},{"taxonomy":"product_cat","embeddable":true,"href":"https:\/\/bonomosistemas.com.ar\/site\/wp-json\/wp\/v2\/product_cat?post=1147"},{"taxonomy":"product_tag","embeddable":true,"href":"https:\/\/bonomosistemas.com.ar\/site\/wp-json\/wp\/v2\/product_tag?post=1147"}],"curies":[{"name":"wp","href":"https:\/\/api.w.org\/{rel}","templated":true}]}}