{"id":1176,"date":"2022-01-03T13:17:23","date_gmt":"2022-01-03T13:17:23","guid":{"rendered":"https:\/\/bonomosistemas.com.ar\/site\/?post_type=product&#038;p=1176"},"modified":"2026-03-06T14:17:53","modified_gmt":"2026-03-06T17:17:53","slug":"mouse-aorus-m3","status":"publish","type":"product","link":"https:\/\/bonomosistemas.com.ar\/site\/producto\/mouse-aorus-m3\/","title":{"rendered":"Mouse Aorus M3"},"content":{"rendered":"<ul>\n<li><strong>Interfaz:<\/strong> USB<\/li>\n<li><strong>Sistema de rastreo:<\/strong> Sensor \u00f3ptico para juegos (Pixart 3988)<\/li>\n<li><strong>Sensibilidad:<\/strong> 50 ~ 6400 ppp con incrementos de 50 ppp (predeterminado: 800\/1600\/2400\/3200 ppp)<\/li>\n<li><strong>Cuadros por segundo:<\/strong> Hasta 12500 cuadros \/ segundo<\/li>\n<li><strong>Desplazamiento:<\/strong> Est\u00e1ndar (3D)<\/li>\n<li><strong>Aceleraci\u00f3n m\u00e1xima:<\/strong> 50g<\/li>\n<li><strong>Velocidad m\u00e1xima de seguimiento:<\/strong> 200 pulgadas \/ segundo<\/li>\n<li><strong>Interruptor de DPI:<\/strong> SI<\/li>\n<li><strong>Vida Util (clic L \/ R):<\/strong> 20 millones de veces<\/li>\n<li><strong>Color:<\/strong> Negro mate<\/li>\n<li><strong>Longitud del cable:<\/strong> Cable de PVC negro mate de 1,8 m \/ conector USB dorado<\/li>\n<li><strong>Dimensi\u00f3n:<\/strong> (Largo) 128 * (ancho) 72 * (alto) 43 mm<\/li>\n<li><strong>Peso:<\/strong> 100g (+ -5%) sin cable<\/li>\n<\/ul>\n","protected":false},"excerpt":{"rendered":"<p>AORUS M3 cuenta con un sensor \u00f3ptico de 6400 DPI de nivel entusiasta (Pixart 3988) que le brinda la precisi\u00f3n \u00f3ptima para juegos competitivos.\u00a0Ajustable en incrementos de 50 DPI, adem\u00e1s, le permite realizar una transici\u00f3n perfecta desde su antiguo mouse ajustando el nivel que se adapte con precisi\u00f3n a su estilo de juego.<\/p>\n<p>Los interruptores japoneses Omron en ambos botones brindan la experiencia m\u00e1s c\u00f3moda con respuestas t\u00e1ctiles n\u00edtidas al alcance de su mano.\u00a0Los interruptores tambi\u00e9n est\u00e1n dise\u00f1ados para garantizar una vida \u00fatil prolongada de m\u00e1s de 20 millones de clics.<\/p>\n","protected":false},"featured_media":1177,"comment_status":"open","ping_status":"closed","template":"","meta":{"_et_pb_use_builder":"","_et_pb_old_content":"","_et_gb_content_width":""},"product_brand":[],"product_cat":[411,82],"product_tag":[155,156,147],"class_list":{"0":"post-1176","1":"product","2":"type-product","3":"status-publish","4":"has-post-thumbnail","6":"product_cat-dia-del-nino","7":"product_cat-mouse","8":"product_tag-aorus","9":"product_tag-gamer","10":"product_tag-mouse","12":"first","13":"instock","14":"sale","15":"shipping-taxable","16":"purchasable","17":"product-type-simple"},"_links":{"self":[{"href":"https:\/\/bonomosistemas.com.ar\/site\/wp-json\/wp\/v2\/product\/1176","targetHints":{"allow":["GET"]}}],"collection":[{"href":"https:\/\/bonomosistemas.com.ar\/site\/wp-json\/wp\/v2\/product"}],"about":[{"href":"https:\/\/bonomosistemas.com.ar\/site\/wp-json\/wp\/v2\/types\/product"}],"replies":[{"embeddable":true,"href":"https:\/\/bonomosistemas.com.ar\/site\/wp-json\/wp\/v2\/comments?post=1176"}],"wp:featuredmedia":[{"embeddable":true,"href":"https:\/\/bonomosistemas.com.ar\/site\/wp-json\/wp\/v2\/media\/1177"}],"wp:attachment":[{"href":"https:\/\/bonomosistemas.com.ar\/site\/wp-json\/wp\/v2\/media?parent=1176"}],"wp:term":[{"taxonomy":"product_brand","embeddable":true,"href":"https:\/\/bonomosistemas.com.ar\/site\/wp-json\/wp\/v2\/product_brand?post=1176"},{"taxonomy":"product_cat","embeddable":true,"href":"https:\/\/bonomosistemas.com.ar\/site\/wp-json\/wp\/v2\/product_cat?post=1176"},{"taxonomy":"product_tag","embeddable":true,"href":"https:\/\/bonomosistemas.com.ar\/site\/wp-json\/wp\/v2\/product_tag?post=1176"}],"curies":[{"name":"wp","href":"https:\/\/api.w.org\/{rel}","templated":true}]}}