{"id":1229,"date":"2022-01-05T13:34:21","date_gmt":"2022-01-05T16:34:21","guid":{"rendered":"https:\/\/bonomosistemas.com.ar\/site\/?post_type=product&#038;p=1229"},"modified":"2025-06-03T20:20:48","modified_gmt":"2025-06-03T23:20:48","slug":"teclado-inalambrico-logitech-k400-plus-tv","status":"publish","type":"product","link":"https:\/\/bonomosistemas.com.ar\/site\/producto\/teclado-inalambrico-logitech-k400-plus-tv\/","title":{"rendered":"Teclado Inal\u00e1mbrico Logitech K400 Plus TV"},"content":{"rendered":"<ul>\n<li class=\"specs-title\"><strong>Tipo de conexi\u00f3n:<\/strong> Logitech Unifying protocol (2.4 GHz)<\/li>\n<li class=\"specs-title\"><strong>Radio de acci\u00f3n inal\u00e1mbrico:<\/strong> &gt;10 m de alcance inal\u00e1mbrico<\/li>\n<li class=\"specs-title\"><strong>Software opcional:<\/strong> Logitech Options<\/li>\n<li><strong>Baterias:<\/strong> 2 AAA (incluidas)<\/li>\n<li class=\"specs-title\"><strong>Botones\/Teclas especiales:<\/strong> Silencio y ajuste de volumen<\/li>\n<li class=\"specs-title\"><strong>Duraci\u00f3n de las teclas:<\/strong> Hasta 5 millones de pulsaciones<\/li>\n<li class=\"specs-title\"><strong>Ruido al escribir:<\/strong> Hasta 55 dBA para todas las teclas<\/li>\n<li><strong>Dimensiones:<\/strong><\/li>\n<\/ul>\n<div class=\"specs-block\">\n<ul>\n<li style=\"list-style-type: none\">\n<ul>\n<li class=\"specs-title\"><strong>General<\/strong>\n<ul>\n<li class=\"specs-title\">Altura: 139,9 mm<\/li>\n<li class=\"specs-title\">Ancho: 354,3 mm<\/li>\n<li class=\"specs-title\">Profundidad: 23,5 mm<\/li>\n<li class=\"specs-title\">Peso: 390 g (con bater\u00edas)<\/li>\n<\/ul>\n<\/li>\n<\/ul>\n<\/li>\n<\/ul>\n<ul>\n<li style=\"list-style-type: none\"><\/li>\n<\/ul>\n<\/div>\n<div class=\"specs-block\">\n<ul>\n<li style=\"list-style-type: none\">\n<ul>\n<li class=\"specs-title\"><strong>Touchpad<\/strong>\n<ul>\n<li class=\"specs-title\">Altura: 76 mm<\/li>\n<li class=\"specs-title\">Ancho: 47 mm<\/li>\n<\/ul>\n<\/li>\n<\/ul>\n<\/li>\n<\/ul>\n<ul>\n<li style=\"list-style-type: none\">\n<ul>\n<li style=\"list-style-type: none\"><\/li>\n<\/ul>\n<\/li>\n<\/ul>\n<\/div>\n<div class=\"specs-block\"><\/div>\n<div class=\"specs-block\"><\/div>\n","protected":false},"excerpt":{"rendered":"<p>Teclado inal\u00e1mbrico Plug and Play con un touchpad integrado para controlar desde el sof\u00e1 la PC conectada a la TV. El K400 es un silencioso teclado f\u00e1cil de usar, con un touchpad integrado y todas las teclas de acceso r\u00e1pido favoritas de los usuarios de Windows<sup>\u00ae<\/sup>\u00a0y Android<sup>&#x2122;<\/sup>. Los controles multimedia simplifican la navegaci\u00f3n en un televisor conectado a una PC.<\/p>\n","protected":false},"featured_media":1230,"comment_status":"open","ping_status":"closed","template":"","meta":{"_et_pb_use_builder":"","_et_pb_old_content":"","_et_gb_content_width":""},"product_brand":[],"product_cat":[84],"product_tag":[148,175],"class_list":{"0":"post-1229","1":"product","2":"type-product","3":"status-publish","4":"has-post-thumbnail","6":"product_cat-teclados","7":"product_tag-logitech","8":"product_tag-teclado","10":"first","11":"instock","12":"shipping-taxable","13":"purchasable","14":"product-type-simple"},"_links":{"self":[{"href":"https:\/\/bonomosistemas.com.ar\/site\/wp-json\/wp\/v2\/product\/1229","targetHints":{"allow":["GET"]}}],"collection":[{"href":"https:\/\/bonomosistemas.com.ar\/site\/wp-json\/wp\/v2\/product"}],"about":[{"href":"https:\/\/bonomosistemas.com.ar\/site\/wp-json\/wp\/v2\/types\/product"}],"replies":[{"embeddable":true,"href":"https:\/\/bonomosistemas.com.ar\/site\/wp-json\/wp\/v2\/comments?post=1229"}],"wp:featuredmedia":[{"embeddable":true,"href":"https:\/\/bonomosistemas.com.ar\/site\/wp-json\/wp\/v2\/media\/1230"}],"wp:attachment":[{"href":"https:\/\/bonomosistemas.com.ar\/site\/wp-json\/wp\/v2\/media?parent=1229"}],"wp:term":[{"taxonomy":"product_brand","embeddable":true,"href":"https:\/\/bonomosistemas.com.ar\/site\/wp-json\/wp\/v2\/product_brand?post=1229"},{"taxonomy":"product_cat","embeddable":true,"href":"https:\/\/bonomosistemas.com.ar\/site\/wp-json\/wp\/v2\/product_cat?post=1229"},{"taxonomy":"product_tag","embeddable":true,"href":"https:\/\/bonomosistemas.com.ar\/site\/wp-json\/wp\/v2\/product_tag?post=1229"}],"curies":[{"name":"wp","href":"https:\/\/api.w.org\/{rel}","templated":true}]}}