{"id":1240,"date":"2022-01-05T16:07:03","date_gmt":"2022-01-05T19:07:03","guid":{"rendered":"https:\/\/bonomosistemas.com.ar\/site\/?post_type=product&#038;p=1240"},"modified":"2026-01-13T16:29:02","modified_gmt":"2026-01-13T19:29:02","slug":"monitor-led-185-samsung-s33a","status":"publish","type":"product","link":"https:\/\/bonomosistemas.com.ar\/site\/producto\/monitor-led-185-samsung-s33a\/","title":{"rendered":"Monitor LED 19&#8243; Samsung S33A"},"content":{"rendered":"<ul>\n<li><strong>Tama\u00f1o de display:<\/strong> 18,5\u201d (46,9 cm) diagonal<\/li>\n<li><strong>Resoluci\u00f3n nativa:<\/strong> HD 1366 x 768 px 60Hz<\/li>\n<li><strong>Tipo de panel:<\/strong> TN con retroiluminaci\u00f3n LED<\/li>\n<li><strong>Relaci\u00f3n de aspecto:<\/strong> 16:9<\/li>\n<li><strong>Brillo:<\/strong> 250 cd\/m2<\/li>\n<li><strong>Relaci\u00f3n de contraste: <\/strong>600:1<\/li>\n<li><strong>Tiempo de respuesta: <\/strong>5 ms<\/li>\n<li><strong>Puertos de entrada:<\/strong> HDMI (soporte HDCP), VGA<\/li>\n<li><strong>Alimentaci\u00f3n:<\/strong> 100 a 240 V CA<\/li>\n<li><strong>Consumo energ\u00e9tico: <\/strong>M\u00e1ximo: 12 W \/ Standby: 0,3 W<\/li>\n<li><strong>Dimensiones (ancho x alto x prof): <\/strong>Con soporte: 440,7 x 269,2 x 30,0 mm \/ Sin soporte: 440,7 x 340,6 x 179,9 mm<\/li>\n<li><strong>Peso:<\/strong> 3 kg<\/li>\n<\/ul>\n","protected":false},"excerpt":{"rendered":"<p>Tama\u00f1o de display: 18,5\u201d (46,9 cm) diagonal Resoluci\u00f3n nativa: HD 1366 x 768 px 60Hz Tipo de panel: TN con retroiluminaci\u00f3n LED Relaci\u00f3n de aspecto: 16:9 Brillo: 250 cd\/m2 Relaci\u00f3n de contraste: 600:1 Tiempo de respuesta: 5 ms Puertos de entrada: HDMI (soporte HDCP), VGA Alimentaci\u00f3n: 100 a 240 V CA Consumo energ\u00e9tico: M\u00e1ximo: 12 [&hellip;]<\/p>\n","protected":false},"featured_media":1241,"comment_status":"open","ping_status":"closed","template":"","meta":{"_et_pb_use_builder":"","_et_pb_old_content":"","_et_gb_content_width":""},"product_brand":[],"product_cat":[70],"product_tag":[177,179],"class_list":{"0":"post-1240","1":"product","2":"type-product","3":"status-publish","4":"has-post-thumbnail","6":"product_cat-monitores-y-tv","7":"product_tag-monitor","8":"product_tag-samsung","10":"first","11":"instock","12":"shipping-taxable","13":"purchasable","14":"product-type-simple"},"_links":{"self":[{"href":"https:\/\/bonomosistemas.com.ar\/site\/wp-json\/wp\/v2\/product\/1240","targetHints":{"allow":["GET"]}}],"collection":[{"href":"https:\/\/bonomosistemas.com.ar\/site\/wp-json\/wp\/v2\/product"}],"about":[{"href":"https:\/\/bonomosistemas.com.ar\/site\/wp-json\/wp\/v2\/types\/product"}],"replies":[{"embeddable":true,"href":"https:\/\/bonomosistemas.com.ar\/site\/wp-json\/wp\/v2\/comments?post=1240"}],"wp:featuredmedia":[{"embeddable":true,"href":"https:\/\/bonomosistemas.com.ar\/site\/wp-json\/wp\/v2\/media\/1241"}],"wp:attachment":[{"href":"https:\/\/bonomosistemas.com.ar\/site\/wp-json\/wp\/v2\/media?parent=1240"}],"wp:term":[{"taxonomy":"product_brand","embeddable":true,"href":"https:\/\/bonomosistemas.com.ar\/site\/wp-json\/wp\/v2\/product_brand?post=1240"},{"taxonomy":"product_cat","embeddable":true,"href":"https:\/\/bonomosistemas.com.ar\/site\/wp-json\/wp\/v2\/product_cat?post=1240"},{"taxonomy":"product_tag","embeddable":true,"href":"https:\/\/bonomosistemas.com.ar\/site\/wp-json\/wp\/v2\/product_tag?post=1240"}],"curies":[{"name":"wp","href":"https:\/\/api.w.org\/{rel}","templated":true}]}}