{"id":1255,"date":"2022-01-07T12:39:08","date_gmt":"2022-01-07T12:39:08","guid":{"rendered":"https:\/\/bonomosistemas.com.ar\/site\/?post_type=product&#038;p=1255"},"modified":"2026-01-26T19:44:25","modified_gmt":"2026-01-26T22:44:25","slug":"router-wifi-tenda-n301","status":"publish","type":"product","link":"https:\/\/bonomosistemas.com.ar\/site\/producto\/router-wifi-tenda-n301\/","title":{"rendered":"Router Wifi Tenda N301"},"content":{"rendered":"<p><strong>CARACTERISTICAS DE HARDWARE<\/strong><\/p>\n<ul>\n<li><strong>Standard&amp;Protocol:<\/strong> IEEE802.3, IEEE802.3u,IEEE802.3ab<\/li>\n<li><strong>Interfaces:<\/strong>\n<ul>\n<li>1 puerto WAN de 10\/100 Mbps<\/li>\n<li>3 puertos LAN de 10\/100 Mbps<\/li>\n<\/ul>\n<\/li>\n<li><strong>Antenna:<\/strong> 2 antenas externas de 5dBi<\/li>\n<li><strong>Button:<\/strong> 1*RST<\/li>\n<li><strong>Power:<\/strong>\n<ul>\n<li>Entrada: CA 100-240V ~ 50 \/ 60Hz 0.6A<\/li>\n<li>Salida: DC 9V0.6A<\/li>\n<\/ul>\n<\/li>\n<li><strong>Dimension:<\/strong> 127.4*90.5*26mm<\/li>\n<li><strong>LED Indicator:<\/strong> SYS\u3001WLAN 1\u3001 2\u3001 3\u3001 WAN<\/li>\n<\/ul>\n<p><strong>WIRELESS<\/strong><\/p>\n<ul>\n<li><strong>Wireless Standard:<\/strong> IEEE 802.11b\/g\/n 2.4GHz<\/li>\n<li><strong>Data Rate:<\/strong> 2.4GHz: Up to 300Mbps<\/li>\n<li><strong>Frequency:<\/strong> 2.4GHz<\/li>\n<li><strong>Transmission Power:<\/strong> CE:&lt;20dBm<\/li>\n<li><strong>Basic Features:<\/strong> WiFi encendido \/ apagado<\/li>\n<li><strong>Wireless Security:<\/strong> WPA\/WPA2, WPA-PSK\/WPA2-PSK<\/li>\n<\/ul>\n<p><strong>CARACTERISTICAS DE SOFTWARE<\/strong><\/p>\n<ul>\n<li><strong>Internet Connection Type:<\/strong>\n<ul>\n<li>PPPoE, IP din\u00e1mica, IP est\u00e1tica<\/li>\n<li>PPPoE (Rusia), PPTP (Rusia), L2TP (Rusia)<\/li>\n<\/ul>\n<\/li>\n<li><strong>Operating Mode:<\/strong>\n<ul>\n<li>Modo de enrutador inal\u00e1mbrico<\/li>\n<li>Modo de repetidor universal<\/li>\n<li>Modo WISP<\/li>\n<li>Modo AP<\/li>\n<\/ul>\n<\/li>\n<li><strong>DHCP Server:<\/strong>\n<ul>\n<li>Servidor DHCP<\/li>\n<li>Lista de clientes DHCP<\/li>\n<li>Reserva DHCP<\/li>\n<\/ul>\n<\/li>\n<li><strong>Virtual Server:<\/strong>\n<ul>\n<li>Reenv\u00edo de puertos<\/li>\n<li>DMZ Host<\/li>\n<li>UPnP<\/li>\n<\/ul>\n<\/li>\n<li><strong>Security:<\/strong>\n<ul>\n<li>Client Filter<\/li>\n<li>Parental Control(support black list and white list)<\/li>\n<li>Remote Web Management<\/li>\n<\/ul>\n<\/li>\n<li><strong>Firewall:<\/strong>\n<ul>\n<li>Prohibir el ataque de inundaci\u00f3n UDP<\/li>\n<li>Prohibir el ataque de inundaci\u00f3n TCP<\/li>\n<li>Prohibir el ataque ICMP<\/li>\n<li>Prohibir WAN PING desde Internet<\/li>\n<\/ul>\n<\/li>\n<li><strong>DDNS:<\/strong>\n<ul>\n<li>no-ip,DynDNS,Oray<\/li>\n<\/ul>\n<\/li>\n<li><strong>VPN:<\/strong>\n<ul>\n<li>Paso de IPsec<\/li>\n<li>Paso de PPTP<\/li>\n<li>Paso de L2TP<\/li>\n<\/ul>\n<\/li>\n<li><strong>Special Features:<\/strong>\n<ul>\n<li>Horario de WiFi inteligente<\/li>\n<\/ul>\n<\/li>\n<li><strong>Others:<\/strong>\n<ul>\n<li>Control de ancho de banda<\/li>\n<li>Clonaci\u00f3n MAC<\/li>\n<li>Registro del sistema<\/li>\n<li>Configuraciones de copia de seguridad y restauraci\u00f3n<\/li>\n<li>Firmware actualizable a trav\u00e9s del navegador<\/li>\n<\/ul>\n<\/li>\n<\/ul>\n","protected":false},"excerpt":{"rendered":"<p>El router inal\u00e1mbrico N300 con configuraci\u00f3n sencilla N301 est\u00e1 dise\u00f1ado para hacer que el proceso de configuraci\u00f3n resulte muy intuitivo para el usuario. Cumple con el est\u00e1ndar IEEE 802.11n y ofrece una velocidad inal\u00e1mbrica de hasta 300 Mbps, lo cual hace que sea perfecto para actividades cotidianas, como correo electr\u00f3nico, chat, transmisi\u00f3n de v\u00eddeo, juegos en l\u00ednea y m\u00e1s. El N301 puede funcionar tambi\u00e9n como Router cliente para conectar de forma inal\u00e1mbrica con la red del ISP o como punto de acceso (AP) para llevar la se\u00f1al de Internet a todos los rincones y evitar puntos muertos.<\/p>\n","protected":false},"featured_media":1256,"comment_status":"open","ping_status":"closed","template":"","meta":{"_et_pb_use_builder":"off","_et_pb_old_content":"<strong>CARACTER\u00cdSTICAS DE HARDWARE<\/strong>\r\n<ul>\r\n \t<li><strong>Interface:<\/strong> 1 10\/100Mbps RJ45 Port \/ 1 RJ11 Port<\/li>\r\n \t<li><strong>Bot\u00f3n:<\/strong> 1 Power On\/Off Switch<\/li>\r\n \t<li><strong>Fuente de alimentaci\u00f3n externa:<\/strong> 5VDC\/1A<\/li>\r\n \t<li><strong>Est\u00e1ndar IEEE:<\/strong> IEEE 802.3, 802.3u<\/li>\r\n \t<li><strong>Est\u00e1ndares ADSL:<\/strong>\r\n<ul>\r\n \t<li>Full-rate ANSI T1.413 Issue 2, ITU-T G.992.1(G.DMT), ITU-T G.992.2(G.Lite)<\/li>\r\n \t<li>ITU-T G.994.1 (G.hs), ITU-T G.995.1 , ITU-T G.996.1, ITU-T G.997.1, ITU-T K.2.1<\/li>\r\n<\/ul>\r\n<\/li>\r\n \t<li><strong>Est\u00e1ndares ADSL2:<\/strong>\r\n<ul>\r\n \t<li>ITU-T G.992.3 (G.dmt.bis), ITU-T G.992.4 (G.lite.bis)<\/li>\r\n<\/ul>\r\n<\/li>\r\n \t<li><strong>Est\u00e1ndares ADSL2+:<\/strong>\r\n<ul>\r\n \t<li>ITU-T G.992.5<\/li>\r\n<\/ul>\r\n<\/li>\r\n \t<li><strong>Dimensiones (An x Pr x Al):<\/strong> 5.5*3.6*1.1 in.(140*92*29mm)<\/li>\r\n<\/ul>\r\n<strong>FUNCIONES DE SOFTWARE<\/strong>\r\n<ul>\r\n \t<li><strong>Calidad de servicio:<\/strong> QoS Remarking based on IPP\/ToS, DSCP and 802.1p<\/li>\r\n \t<li><strong>Seguridad:<\/strong> NAT Firewall, MAC \/IP \/URL Filtering<\/li>\r\n \t<li><strong>IPv6:<\/strong>\r\n<ul>\r\n \t<li>IPv6 and IPv4 dual stack<\/li>\r\n \t<li>Supported IPv6 Tunnels: DS-Lite, 6RD, 6 to 4<\/li>\r\n \t<li>Supported IPv6 Connection Type: PPPoEv6, DHCPv6, Static IPv6<\/li>\r\n<\/ul>\r\n<\/li>\r\n \t<li><strong>Gesti\u00f3n:<\/strong> Web Based Configuration(HTTP), Remote management, Telnet management, SNMP v1\/2c, Web Based Firmware Upgrade, Diagnostic Tools<\/li>\r\n \t<li><strong>Reenv\u00edo de puertos:<\/strong> Virtual server, DMZ, ACL(Access Control List)<\/li>\r\n \t<li><strong>Paso de VPN:<\/strong> PPTP, L2TP, IPSec Pass-through<\/li>\r\n \t<li><strong>Protocolos ATM \/ PPP:<\/strong>\r\n<ul>\r\n \t<li>ATM Forum UNI3.1\/4.0,<\/li>\r\n \t<li>PPP over ATM (RFC 2364),<\/li>\r\n \t<li>PPP over Ethernet (RFC2516),<\/li>\r\n \t<li>IPoA (RFC1577\/2225),<\/li>\r\n \t<li>PVC - Up to 8 PVCs,<\/li>\r\n<\/ul>\r\n<\/li>\r\n \t<li><strong>Caracter\u00edsticas avanzadas:<\/strong>\r\n<ul>\r\n \t<li>Traffic Shaping(ATM QoS) UBR, CBR, VBR-rt, VBR-nrt;<\/li>\r\n \t<li>Dynamic Host Configuration Protocol (DHCP), DHCP relay;<\/li>\r\n \t<li>Network Address Translation (NAT);<\/li>\r\n \t<li>Static Routing, RIP v1\/v2 (optional);<\/li>\r\n \t<li>DNS Relay, DDNS<\/li>\r\n \t<li>IGMP Multicast, UPnP<\/li>\r\n<\/ul>\r\n<\/li>\r\n<\/ul>","_et_gb_content_width":""},"product_brand":[],"product_cat":[48],"product_tag":[181,184],"class_list":{"0":"post-1255","1":"product","2":"type-product","3":"status-publish","4":"has-post-thumbnail","6":"product_cat-routers-y-repetidores","7":"product_tag-router","8":"product_tag-tenda","10":"first","11":"instock","12":"shipping-taxable","13":"purchasable","14":"product-type-simple"},"_links":{"self":[{"href":"https:\/\/bonomosistemas.com.ar\/site\/wp-json\/wp\/v2\/product\/1255","targetHints":{"allow":["GET"]}}],"collection":[{"href":"https:\/\/bonomosistemas.com.ar\/site\/wp-json\/wp\/v2\/product"}],"about":[{"href":"https:\/\/bonomosistemas.com.ar\/site\/wp-json\/wp\/v2\/types\/product"}],"replies":[{"embeddable":true,"href":"https:\/\/bonomosistemas.com.ar\/site\/wp-json\/wp\/v2\/comments?post=1255"}],"wp:featuredmedia":[{"embeddable":true,"href":"https:\/\/bonomosistemas.com.ar\/site\/wp-json\/wp\/v2\/media\/1256"}],"wp:attachment":[{"href":"https:\/\/bonomosistemas.com.ar\/site\/wp-json\/wp\/v2\/media?parent=1255"}],"wp:term":[{"taxonomy":"product_brand","embeddable":true,"href":"https:\/\/bonomosistemas.com.ar\/site\/wp-json\/wp\/v2\/product_brand?post=1255"},{"taxonomy":"product_cat","embeddable":true,"href":"https:\/\/bonomosistemas.com.ar\/site\/wp-json\/wp\/v2\/product_cat?post=1255"},{"taxonomy":"product_tag","embeddable":true,"href":"https:\/\/bonomosistemas.com.ar\/site\/wp-json\/wp\/v2\/product_tag?post=1255"}],"curies":[{"name":"wp","href":"https:\/\/api.w.org\/{rel}","templated":true}]}}