{"id":1281,"date":"2022-01-10T15:38:57","date_gmt":"2022-01-10T18:38:57","guid":{"rendered":"https:\/\/bonomosistemas.com.ar\/site\/?post_type=product&#038;p=1281"},"modified":"2025-07-25T16:12:44","modified_gmt":"2025-07-25T19:12:44","slug":"kit-teclado-y-mouse-logitech-mk120","status":"publish","type":"product","link":"https:\/\/bonomosistemas.com.ar\/site\/producto\/kit-teclado-y-mouse-logitech-mk120\/","title":{"rendered":"Kit Teclado y Mouse Logitech MK120"},"content":{"rendered":"<div class=\"specs-group\">\n<div class=\"specs-block\">\n<ul>\n<li><strong>Teclado<\/strong><\/li>\n<\/ul>\n<\/div>\n<\/div>\n<div class=\"specs-group\">\n<div class=\"specs-block\">\n<ul>\n<li style=\"list-style-type: none\">\n<ul class=\"specs-description-list\">\n<li>Dise\u00f1o resistente a salpicaduras<\/li>\n<li>Altura de teclado ajustable<\/li>\n<li>Teclado num\u00e9rico con 10 teclas<\/li>\n<li>Indicador luminoso de bloqueo de may\u00fasculas<\/li>\n<li>Indicador luminoso de bloqueo num\u00e9rico<\/li>\n<li>Hasta 10 millones de pulsaciones (excepto la tecla de bloqueo num\u00e9rico)<\/li>\n<li><strong>Tipo de teclas:<\/strong> Teclas c\u00f3ncavas<\/li>\n<li><strong>Altura:<\/strong> 155 mm<\/li>\n<li><strong>Ancho:<\/strong> 450 mm<\/li>\n<li><strong>Profundidad:<\/strong> 23,5 mm<\/li>\n<li><strong>Peso:<\/strong> 550 g<\/li>\n<\/ul>\n<\/li>\n<\/ul>\n<\/div>\n<div class=\"specs-block\">\n<ul>\n<li class=\"specs-title\"><strong>Mouse<\/strong><\/li>\n<\/ul>\n<ul>\n<li style=\"list-style-type: none\">\n<ul class=\"specs-description-list\">\n<li><strong>Tecnolog\u00eda de sensor:<\/strong> Seguimiento \u00f3ptico<\/li>\n<li><strong>N\u00famero de botones:<\/strong> 3 (click izquierdo\/derecho, click de bot\u00f3n central)<\/li>\n<li><strong>Desplazamiento:<\/strong> l\u00ednea a l\u00ednea<\/li>\n<li><strong>Rueda de desplazamiento:<\/strong> S\u00ed, \u00f3ptica<\/li>\n<li><strong>Altura:<\/strong> 113 mm<\/li>\n<li><strong>Ancho:<\/strong> 62 mm<\/li>\n<li><strong>Profundidad:<\/strong> 38 mm<\/li>\n<li><strong>Peso:<\/strong> 90 g<\/li>\n<\/ul>\n<\/li>\n<\/ul>\n<\/div>\n<div class=\"specs-block\"><\/div>\n<\/div>\n<div class=\"specs-block\">\n<ul>\n<li style=\"list-style-type: none\"><\/li>\n<\/ul>\n<\/div>\n<div class=\"specs-block\"><\/div>\n<div class=\"specs-block\"><\/div>\n","protected":false},"excerpt":{"rendered":"<p>Deber\u00eda ser posible hacer las cosas sin complicaciones. Para eso est\u00e1 la combinaci\u00f3n MK120, compuesta de un teclado de tama\u00f1o normal y un mouse cuyo dise\u00f1o familiar y f\u00e1cil de usar agiliza la puesta en marcha. S\u00f3lo hay que conectar esta combinaci\u00f3n con cable a una toma USB para empezar a usarla.<\/p>\n","protected":false},"featured_media":1282,"comment_status":"open","ping_status":"closed","template":"","meta":{"_et_pb_use_builder":"","_et_pb_old_content":"","_et_gb_content_width":""},"product_brand":[],"product_cat":[411,176],"product_tag":[193,148,147,175],"class_list":{"0":"post-1281","1":"product","2":"type-product","3":"status-publish","4":"has-post-thumbnail","6":"product_cat-dia-del-nino","7":"product_cat-kit-teclado-y-mouse","8":"product_tag-kit-teclado-mouse","9":"product_tag-logitech","10":"product_tag-mouse","11":"product_tag-teclado","13":"first","14":"instock","15":"shipping-taxable","16":"purchasable","17":"product-type-simple"},"_links":{"self":[{"href":"https:\/\/bonomosistemas.com.ar\/site\/wp-json\/wp\/v2\/product\/1281","targetHints":{"allow":["GET"]}}],"collection":[{"href":"https:\/\/bonomosistemas.com.ar\/site\/wp-json\/wp\/v2\/product"}],"about":[{"href":"https:\/\/bonomosistemas.com.ar\/site\/wp-json\/wp\/v2\/types\/product"}],"replies":[{"embeddable":true,"href":"https:\/\/bonomosistemas.com.ar\/site\/wp-json\/wp\/v2\/comments?post=1281"}],"wp:featuredmedia":[{"embeddable":true,"href":"https:\/\/bonomosistemas.com.ar\/site\/wp-json\/wp\/v2\/media\/1282"}],"wp:attachment":[{"href":"https:\/\/bonomosistemas.com.ar\/site\/wp-json\/wp\/v2\/media?parent=1281"}],"wp:term":[{"taxonomy":"product_brand","embeddable":true,"href":"https:\/\/bonomosistemas.com.ar\/site\/wp-json\/wp\/v2\/product_brand?post=1281"},{"taxonomy":"product_cat","embeddable":true,"href":"https:\/\/bonomosistemas.com.ar\/site\/wp-json\/wp\/v2\/product_cat?post=1281"},{"taxonomy":"product_tag","embeddable":true,"href":"https:\/\/bonomosistemas.com.ar\/site\/wp-json\/wp\/v2\/product_tag?post=1281"}],"curies":[{"name":"wp","href":"https:\/\/api.w.org\/{rel}","templated":true}]}}