{"id":1387,"date":"2022-04-19T21:51:15","date_gmt":"2022-04-20T00:51:15","guid":{"rendered":"https:\/\/bonomosistemas.com.ar\/site\/?post_type=product&#038;p=1387"},"modified":"2026-03-06T14:09:04","modified_gmt":"2026-03-06T17:09:04","slug":"kit-teclado-y-mouse-termaltake-ttesports-challenger-elite-rgb","status":"publish","type":"product","link":"https:\/\/bonomosistemas.com.ar\/site\/producto\/kit-teclado-y-mouse-termaltake-ttesports-challenger-elite-rgb\/","title":{"rendered":"Kit Teclado y Mouse Termaltake TTeSports Challenger Elite RGB"},"content":{"rendered":"<div class=\"specs-group\">\n<div class=\"specs-block\">\n<ul>\n<li><strong>Teclado<\/strong><\/li>\n<\/ul>\n<\/div>\n<\/div>\n<div class=\"specs-group\">\n<div class=\"specs-block\">\n<ul>\n<li style=\"list-style-type: none;\">\n<ul class=\"specs-description-list\">\n<li>Teclado tama\u00f1o completo<\/li>\n<li><strong>Tipo de Switch:<\/strong> Membrana<\/li>\n<li>6 zonas RGB<\/li>\n<li>5 niveles de brillo<\/li>\n<li>6 efectos de iluminaci\u00f3n<\/li>\n<li>Palm Rest magn\u00e9tico<\/li>\n<li><strong>Driver:<\/strong> TT Esports Gaming Software 3.0<\/li>\n<li><strong>Compatibilidad de sistema:<\/strong> Windows 7, 8, 10<\/li>\n<li><strong>Longitud del cable:<\/strong> 1.8m<\/li>\n<\/ul>\n<\/li>\n<\/ul>\n<\/div>\n<div class=\"specs-block\">\n<ul>\n<li class=\"specs-title\"><strong>Mouse<\/strong><\/li>\n<\/ul>\n<ul>\n<li style=\"list-style-type: none;\">\n<ul class=\"specs-description-list\">\n<li>Mouse Ergon\u00f3mico<\/li>\n<li><strong>Micro Switch:<\/strong> TTC Gaming Grade 20 millones de clicks<\/li>\n<li><strong>RGB:<\/strong> 16.8 millones de colores<\/li>\n<li><strong>Sensor:<\/strong> PMW3050<\/li>\n<li><strong>DPI:<\/strong> 3200<\/li>\n<li><strong>Niveles de DPI:<\/strong> 4 (400 \/ 800 \/ 1600 \/ 3200)<\/li>\n<li>7 efectos de iluminaci\u00f3n<\/li>\n<li><strong>Driver:<\/strong> TT Esports Gaming Software 3.0<\/li>\n<li><strong>Compatibilidad de sistema:<\/strong> Windows 7, 8, 10<\/li>\n<li><strong>Longitud del cable:<\/strong> 1.8m<\/li>\n<\/ul>\n<\/li>\n<\/ul>\n<\/div>\n<div class=\"specs-block\"><\/div>\n<\/div>\n<div class=\"specs-block\">\n<ul>\n<li style=\"list-style-type: none;\"><\/li>\n<\/ul>\n<\/div>\n<div class=\"specs-block\"><\/div>\n<div class=\"specs-block\"><\/div>\n","protected":false},"excerpt":{"rendered":"<p>El combo Challenger Elite RGB es un combo de teclado y rat\u00f3n que viene repleto de funciones. El teclado para juegos viene con retroiluminaci\u00f3n RGB de 6 zonas con 6 efectos de iluminaci\u00f3n din\u00e1micos, cuenta con un interruptor de c\u00fapula de goma de membrana t\u00e1ctil duradera para una mayor durabilidad, tecnolog\u00eda anti-fantasma con rollover de 19 teclas para juegos fluidos e ininterrumpidos, y Windows y bloqueo completo del teclado para previene pulsaciones accidentales y facilita la limpieza.<br \/>\nEl mouse para juegos cuenta con iluminaci\u00f3n de color RGB de 16.8M, un dise\u00f1o ergon\u00f3mico de 6 botones, equipado con un sensor de grado de juego preciso y exacto de hasta 3200 DPI con interruptores de grado de juego de hasta 20 millones de clics para un juego duradero. Optimice su juego con esta combinaci\u00f3n de teclado sensible y mouse de precisi\u00f3n.<\/p>\n","protected":false},"featured_media":1388,"comment_status":"open","ping_status":"closed","template":"","meta":{"_et_pb_use_builder":"","_et_pb_old_content":"","_et_gb_content_width":""},"product_brand":[],"product_cat":[322,176],"product_tag":[193,147,175,214,215],"class_list":{"0":"post-1387","1":"product","2":"type-product","3":"status-publish","4":"has-post-thumbnail","6":"product_cat-destacados-gamer","7":"product_cat-kit-teclado-y-mouse","8":"product_tag-kit-teclado-mouse","9":"product_tag-mouse","10":"product_tag-teclado","11":"product_tag-termaltake","12":"product_tag-ttesports","14":"first","15":"instock","16":"sale","17":"shipping-taxable","18":"purchasable","19":"product-type-simple"},"_links":{"self":[{"href":"https:\/\/bonomosistemas.com.ar\/site\/wp-json\/wp\/v2\/product\/1387","targetHints":{"allow":["GET"]}}],"collection":[{"href":"https:\/\/bonomosistemas.com.ar\/site\/wp-json\/wp\/v2\/product"}],"about":[{"href":"https:\/\/bonomosistemas.com.ar\/site\/wp-json\/wp\/v2\/types\/product"}],"replies":[{"embeddable":true,"href":"https:\/\/bonomosistemas.com.ar\/site\/wp-json\/wp\/v2\/comments?post=1387"}],"wp:featuredmedia":[{"embeddable":true,"href":"https:\/\/bonomosistemas.com.ar\/site\/wp-json\/wp\/v2\/media\/1388"}],"wp:attachment":[{"href":"https:\/\/bonomosistemas.com.ar\/site\/wp-json\/wp\/v2\/media?parent=1387"}],"wp:term":[{"taxonomy":"product_brand","embeddable":true,"href":"https:\/\/bonomosistemas.com.ar\/site\/wp-json\/wp\/v2\/product_brand?post=1387"},{"taxonomy":"product_cat","embeddable":true,"href":"https:\/\/bonomosistemas.com.ar\/site\/wp-json\/wp\/v2\/product_cat?post=1387"},{"taxonomy":"product_tag","embeddable":true,"href":"https:\/\/bonomosistemas.com.ar\/site\/wp-json\/wp\/v2\/product_tag?post=1387"}],"curies":[{"name":"wp","href":"https:\/\/api.w.org\/{rel}","templated":true}]}}