{"id":1443,"date":"2022-06-17T14:11:03","date_gmt":"2022-06-17T17:11:03","guid":{"rendered":"https:\/\/bonomosistemas.com.ar\/site\/?post_type=product&#038;p=1443"},"modified":"2026-01-13T16:28:50","modified_gmt":"2026-01-13T19:28:50","slug":"monitor-led-20-lg-20mk400h","status":"publish","type":"product","link":"https:\/\/bonomosistemas.com.ar\/site\/producto\/monitor-led-20-lg-20mk400h\/","title":{"rendered":"Monitor LED 20&#8243; LG 20MK400H"},"content":{"rendered":"<ul>\n<li><strong>Interfaz:<\/strong> 1 HDMI &#8211; 1 VGA<\/li>\n<li><strong>Tama\u00f1o de pantalla:<\/strong> LED 19.5&#8243; (pulgadas)<\/li>\n<li><strong>Resoluci\u00f3n:<\/strong> 1366 x 768<\/li>\n<li><strong>Velocidad de actualizaci\u00f3n:<\/strong> 60 Hz<\/li>\n<li><strong>Tiempo respuesta:<\/strong> 2Ms<\/li>\n<li><strong>Tipo de panel:<\/strong> TN<\/li>\n<li><strong>\u00c1ngulo de visi\u00f3n (CR=10):<\/strong> 90\/65 (CR=10)<\/li>\n<li><strong>Entrada de audio:<\/strong> Si<\/li>\n<li><strong>Parlantes:<\/strong> No<\/li>\n<li><strong>Inclinaci\u00f3n:<\/strong> -5-20<\/li>\n<li>Montable en la pared VESA 75 x 75 mm<\/li>\n<li><strong>Dimensiones (ancho x alto x prof.):<\/strong> Con soporte: 468,8 x 366,5 x 181,9 mm \/ Sin soporte 468,8 x 276,4 x 38,4 mm<\/li>\n<li><b>Consumo de energ\u00eda\u00a0t\u00edpico:<\/b> 13w<\/li>\n<li><b>Consumo de energ\u00eda en reposo:<\/b> Debajo de 0,3w<\/li>\n<\/ul>\n","protected":false},"excerpt":{"rendered":"<ul>\n<li class=\"eyebrow\"><strong>Protege tus ojos con el Modo de lectura<\/strong><\/li>\n<\/ul>\n<div class=\"copy font-regular \" style=\"padding-left: 40px\">Al reducir la luz azul para ayudar a disminuir la fatiga ocular, el Modo de lectura proporciona las condiciones \u00f3ptimas para leer. Con el sencillo control de joystick, podr\u00e1s leer m\u00e1s c\u00f3modamente la pantalla de tu monitor.<\/div>\n<div>\n<div id=\"waGPC0055_1\" class=\"title\">\n<ul>\n<li><strong>Interfaz de usuario m\u00e1s sencilla<\/strong><\/li>\n<\/ul>\n<\/div>\n<div class=\"copy font-regular \" style=\"padding-left: 40px\">El OnScreen control es simple e intuitivo. Personaliza tus opciones de visualizaci\u00f3n con unos simples clics.<\/div>\n<\/div>\n<div>\n<div id=\"waGPC0055_2\" class=\"title\">\n<ul>\n<li><strong>Conveniente y flexible<\/strong><\/li>\n<\/ul>\n<\/div>\n<div class=\"copy font-regular \" style=\"padding-left: 40px\">Monta el monitor para adecuarlo a tu lugar de trabajo o de entretenimiento.<\/div>\n<\/div>\n<div>\n<div id=\"waGPC0055_3\" class=\"title\">\n<ul>\n<li><strong>Ofrece estabilidad de imagen<\/strong><\/li>\n<\/ul>\n<\/div>\n<div class=\"copy font-regular \" style=\"padding-left: 40px\">Al reducir el nivel de parpadeo hasta casi cero, Flicker Safe ayuda a proteger tus ojos de los parpadeos agotadores.<\/div>\n<\/div>\n<div>\n<div id=\"waGPC0055_4\" class=\"title\">\n<ul>\n<li><strong>Reaccionar m\u00e1s r\u00e1pido ante la acci\u00f3n<\/strong><\/li>\n<\/ul>\n<\/div>\n<div class=\"copy font-regular \" style=\"padding-left: 40px\">El modo Dynamic Action Sync te permite reaccionar instant\u00e1neamente ante tus oponentes y atacarlos sin ning\u00fan retraso en la pantalla. Sincroniza tus sentidos con escenas en tiempo real en juegos de ritmo r\u00e1pido al minimizar el retraso de entrada.<\/div>\n<ul>\n<li class=\"copy font-regular \"><strong>Los enemigos no tendr\u00e1n donde esconderse<\/strong>\n<div class=\"copy font-regular \">Black Stabilizer te brinda una claridad visual total, incluso en juegos donde pasas mucho tiempo en la oscuridad. Sincroniza e ilumina las \u00e1reas m\u00e1s oscuras, para que puedas encontrar enemigos escondidos entre las sombras y disparar primero.<\/div>\n<\/li>\n<\/ul>\n<\/div>\n","protected":false},"featured_media":1444,"comment_status":"open","ping_status":"closed","template":"","meta":{"_et_pb_use_builder":"","_et_pb_old_content":"","_et_gb_content_width":""},"product_brand":[],"product_cat":[411,70],"product_tag":[222,177],"class_list":{"0":"post-1443","1":"product","2":"type-product","3":"status-publish","4":"has-post-thumbnail","6":"product_cat-dia-del-nino","7":"product_cat-monitores-y-tv","8":"product_tag-lg","9":"product_tag-monitor","11":"first","12":"instock","13":"shipping-taxable","14":"purchasable","15":"product-type-simple"},"_links":{"self":[{"href":"https:\/\/bonomosistemas.com.ar\/site\/wp-json\/wp\/v2\/product\/1443","targetHints":{"allow":["GET"]}}],"collection":[{"href":"https:\/\/bonomosistemas.com.ar\/site\/wp-json\/wp\/v2\/product"}],"about":[{"href":"https:\/\/bonomosistemas.com.ar\/site\/wp-json\/wp\/v2\/types\/product"}],"replies":[{"embeddable":true,"href":"https:\/\/bonomosistemas.com.ar\/site\/wp-json\/wp\/v2\/comments?post=1443"}],"wp:featuredmedia":[{"embeddable":true,"href":"https:\/\/bonomosistemas.com.ar\/site\/wp-json\/wp\/v2\/media\/1444"}],"wp:attachment":[{"href":"https:\/\/bonomosistemas.com.ar\/site\/wp-json\/wp\/v2\/media?parent=1443"}],"wp:term":[{"taxonomy":"product_brand","embeddable":true,"href":"https:\/\/bonomosistemas.com.ar\/site\/wp-json\/wp\/v2\/product_brand?post=1443"},{"taxonomy":"product_cat","embeddable":true,"href":"https:\/\/bonomosistemas.com.ar\/site\/wp-json\/wp\/v2\/product_cat?post=1443"},{"taxonomy":"product_tag","embeddable":true,"href":"https:\/\/bonomosistemas.com.ar\/site\/wp-json\/wp\/v2\/product_tag?post=1443"}],"curies":[{"name":"wp","href":"https:\/\/api.w.org\/{rel}","templated":true}]}}