{"id":1454,"date":"2022-06-17T15:14:04","date_gmt":"2022-06-17T18:14:04","guid":{"rendered":"https:\/\/bonomosistemas.com.ar\/site\/?post_type=product&#038;p=1454"},"modified":"2025-12-10T20:48:59","modified_gmt":"2025-12-10T23:48:59","slug":"parlantes-logitech-z120","status":"publish","type":"product","link":"https:\/\/bonomosistemas.com.ar\/site\/producto\/parlantes-logitech-z120\/","title":{"rendered":"Parlantes Logitech Z120"},"content":{"rendered":"<ul>\n<li><strong>DIMENSIONES:<\/strong>\n<ul>\n<li><strong>Altura x Anchura x Profundidad:<\/strong> 110 mm x 90 mm x 88 mm<\/li>\n<li><strong>Peso:<\/strong> 0,25 Kg<\/li>\n<\/ul>\n<\/li>\n<li><strong>ESPECIFICACIONES:<\/strong>\n<ul>\n<li><strong>Total de vatios reales (RMS):<\/strong> 1,2w<\/li>\n<li><strong>Entrada de 3,5 mm:<\/strong> 1<\/li>\n<li><strong>Cable USB para alimentaci\u00f3n:<\/strong> 1<\/li>\n<li><strong>Controles:<\/strong>\n<ul>\n<li>Controles de encendido y volumen en el altavoz derecho<\/li>\n<\/ul>\n<\/li>\n<li><strong>Color:<\/strong> Blanco<\/li>\n<\/ul>\n<\/li>\n<li><strong>REQUISITOS DEL SISTEMA:<\/strong>\n<ul>\n<li>Puerto USB para alimentaci\u00f3n<\/li>\n<li>Toma de aud\u00edfonos (3,5 mm) en dispositivo de audio<\/li>\n<\/ul>\n<\/li>\n<\/ul>\n","protected":false},"excerpt":{"rendered":"<p>Estas bocinas compactas con pr\u00e1ctica alimentaci\u00f3n por USB se configuran f\u00e1cilmente y se pueden llevar f\u00e1cilmente de una habitaci\u00f3n a otra.<\/p>\n","protected":false},"featured_media":1455,"comment_status":"open","ping_status":"closed","template":"","meta":{"_et_pb_use_builder":"","_et_pb_old_content":"","_et_gb_content_width":""},"product_brand":[],"product_cat":[411,83],"product_tag":[148,225],"class_list":{"0":"post-1454","1":"product","2":"type-product","3":"status-publish","4":"has-post-thumbnail","6":"product_cat-dia-del-nino","7":"product_cat-parlantes","8":"product_tag-logitech","9":"product_tag-parlantes","11":"first","12":"instock","13":"shipping-taxable","14":"purchasable","15":"product-type-simple"},"_links":{"self":[{"href":"https:\/\/bonomosistemas.com.ar\/site\/wp-json\/wp\/v2\/product\/1454","targetHints":{"allow":["GET"]}}],"collection":[{"href":"https:\/\/bonomosistemas.com.ar\/site\/wp-json\/wp\/v2\/product"}],"about":[{"href":"https:\/\/bonomosistemas.com.ar\/site\/wp-json\/wp\/v2\/types\/product"}],"replies":[{"embeddable":true,"href":"https:\/\/bonomosistemas.com.ar\/site\/wp-json\/wp\/v2\/comments?post=1454"}],"wp:featuredmedia":[{"embeddable":true,"href":"https:\/\/bonomosistemas.com.ar\/site\/wp-json\/wp\/v2\/media\/1455"}],"wp:attachment":[{"href":"https:\/\/bonomosistemas.com.ar\/site\/wp-json\/wp\/v2\/media?parent=1454"}],"wp:term":[{"taxonomy":"product_brand","embeddable":true,"href":"https:\/\/bonomosistemas.com.ar\/site\/wp-json\/wp\/v2\/product_brand?post=1454"},{"taxonomy":"product_cat","embeddable":true,"href":"https:\/\/bonomosistemas.com.ar\/site\/wp-json\/wp\/v2\/product_cat?post=1454"},{"taxonomy":"product_tag","embeddable":true,"href":"https:\/\/bonomosistemas.com.ar\/site\/wp-json\/wp\/v2\/product_tag?post=1454"}],"curies":[{"name":"wp","href":"https:\/\/api.w.org\/{rel}","templated":true}]}}