{"id":1493,"date":"2022-06-25T20:05:09","date_gmt":"2022-06-25T23:05:09","guid":{"rendered":"https:\/\/bonomosistemas.com.ar\/site\/?post_type=product&#038;p=1493"},"modified":"2026-02-28T21:36:57","modified_gmt":"2026-03-01T00:36:57","slug":"pendrive-kingston-datatraveler-exodia-128gb-usb-3-2","status":"publish","type":"product","link":"https:\/\/bonomosistemas.com.ar\/site\/producto\/pendrive-kingston-datatraveler-exodia-128gb-usb-3-2\/","title":{"rendered":"Pendrive Kingston Datatraveler Exodia 128GB USB 3.2"},"content":{"rendered":"<ul>\n<li>Capacidad: 128GB<\/li>\n<li>Interfaz: USB 3.2 Gen 1<\/li>\n<\/ul>\n","protected":false},"excerpt":{"rendered":"<p>DataTraveler Exodia de Kingston alcanza un rendimiento de grado USB 3.2 Gen 1, que facilita el acceso a port\u00e1tiles, equipos de sobremesa, monitores y otros dispositivos digitales. DT Exodia permite r\u00e1pidas transferencias y facilita el almacenamiento de documentos, m\u00fasica, v\u00eddeo y mucho m\u00e1s. Por su pr\u00e1ctico dise\u00f1o y modernos colores, son ideales para el uso diario en el trabajo, el hogar, los estudios o dondequiera que lleve sus datos.<\/p>\n","protected":false},"featured_media":1490,"comment_status":"open","ping_status":"closed","template":"","meta":{"_et_pb_use_builder":"","_et_pb_old_content":"","_et_gb_content_width":""},"product_brand":[],"product_cat":[42],"product_tag":[230,120,231],"class_list":{"0":"post-1493","1":"product","2":"type-product","3":"status-publish","4":"has-post-thumbnail","6":"product_cat-pendrives","7":"product_tag-almacenamiento","8":"product_tag-kingston","9":"product_tag-pendrive","11":"first","12":"instock","13":"shipping-taxable","14":"purchasable","15":"product-type-simple"},"_links":{"self":[{"href":"https:\/\/bonomosistemas.com.ar\/site\/wp-json\/wp\/v2\/product\/1493","targetHints":{"allow":["GET"]}}],"collection":[{"href":"https:\/\/bonomosistemas.com.ar\/site\/wp-json\/wp\/v2\/product"}],"about":[{"href":"https:\/\/bonomosistemas.com.ar\/site\/wp-json\/wp\/v2\/types\/product"}],"replies":[{"embeddable":true,"href":"https:\/\/bonomosistemas.com.ar\/site\/wp-json\/wp\/v2\/comments?post=1493"}],"wp:featuredmedia":[{"embeddable":true,"href":"https:\/\/bonomosistemas.com.ar\/site\/wp-json\/wp\/v2\/media\/1490"}],"wp:attachment":[{"href":"https:\/\/bonomosistemas.com.ar\/site\/wp-json\/wp\/v2\/media?parent=1493"}],"wp:term":[{"taxonomy":"product_brand","embeddable":true,"href":"https:\/\/bonomosistemas.com.ar\/site\/wp-json\/wp\/v2\/product_brand?post=1493"},{"taxonomy":"product_cat","embeddable":true,"href":"https:\/\/bonomosistemas.com.ar\/site\/wp-json\/wp\/v2\/product_cat?post=1493"},{"taxonomy":"product_tag","embeddable":true,"href":"https:\/\/bonomosistemas.com.ar\/site\/wp-json\/wp\/v2\/product_tag?post=1493"}],"curies":[{"name":"wp","href":"https:\/\/api.w.org\/{rel}","templated":true}]}}