{"id":1494,"date":"2022-06-27T16:10:18","date_gmt":"2022-06-27T19:10:18","guid":{"rendered":"https:\/\/bonomosistemas.com.ar\/site\/?post_type=product&#038;p=1494"},"modified":"2026-01-26T19:43:56","modified_gmt":"2026-01-26T22:43:56","slug":"webcam-logitech-c270","status":"publish","type":"product","link":"https:\/\/bonomosistemas.com.ar\/site\/producto\/webcam-logitech-c270\/","title":{"rendered":"Webcam Logitech C270"},"content":{"rendered":"<div class=\"specs-group\">\n<header class=\"specs-header\">\n<ul>\n<li class=\"specs-heading\"><strong>DIMENSIONES <\/strong><\/li>\n<\/ul>\n<\/header>\n<div class=\"specs-block\">\n<ul>\n<li style=\"list-style-type: none;\">\n<ul class=\"specs-description-list\">\n<li><strong>Altura:<\/strong> 31,91 mm<\/li>\n<li><strong>Ancho:<\/strong> 72,91 mm<\/li>\n<li><strong>Profundidad:<\/strong> 66,64 mm<\/li>\n<li><strong>Longitud del cable:<\/strong> 1,5 m<\/li>\n<li><strong>Peso:<\/strong> 75 g<\/li>\n<\/ul>\n<\/li>\n<\/ul>\n<\/div>\n<\/div>\n<div class=\"specs-group\">\n<header class=\"specs-header\">\n<ul>\n<li class=\"specs-heading\"><strong>REQUISITOS DEL SISTEMA<\/strong><\/li>\n<\/ul>\n<\/header>\n<div class=\"specs-block\">\n<ul>\n<li style=\"list-style-type: none;\">\n<ul class=\"specs-description-list\">\n<li>Windows 8 o posterior \/ macOS 10.10 o posterior \/ Chrome OS<\/li>\n<li>Puerto USB-A<\/li>\n<li>Funciona con plataformas populares para videollamadas<\/li>\n<\/ul>\n<\/li>\n<\/ul>\n<\/div>\n<div class=\"specs-block\">\n<ul>\n<li style=\"list-style-type: none;\"><\/li>\n<\/ul>\n<\/div>\n<\/div>\n<div class=\"specs-group\">\n<header class=\"specs-header\">\n<ul>\n<li class=\"specs-heading\"><strong>ESPECIFICACIONES T\u00c9CNICAS<\/strong><\/li>\n<\/ul>\n<\/header>\n<div class=\"specs-block\">\n<ul>\n<li style=\"list-style-type: none;\">\n<ul>\n<li class=\"specs-description\"><strong>Resoluci\u00f3n m\u00e1xima:<\/strong> 720p\/30 fps<\/li>\n<li class=\"specs-description\"><strong>C\u00e1mara mega pixel:<\/strong> 0.9<\/li>\n<li class=\"specs-description\"><strong>Tipo de enfoque:<\/strong> Fijo<\/li>\n<li class=\"specs-description\"><strong>Tipo de lente:<\/strong> Pl\u00e1stico<\/li>\n<li class=\"specs-description\"><strong>Micr\u00f3fono integrado:<\/strong> Mono<\/li>\n<li class=\"specs-description\"><strong>Radio de micr\u00f3fono:<\/strong> Hasta 1 m<\/li>\n<li class=\"specs-description\"><strong>Campo visual diagonal (dFoV):<\/strong> 55\u00b0<\/li>\n<li class=\"specs-description\">Clip de montaje universal listo para laptops, LCD o monitores<\/li>\n<\/ul>\n<\/li>\n<\/ul>\n<\/div>\n<\/div>\n","protected":false},"excerpt":{"rendered":"<p><strong>VIDEOCONFERENCIAS HD SIMPLES<\/strong><\/p>\n<p>La c\u00e1mara web HD C270 ofrece conferencias n\u00edtidas y fluidas (720p\/30 fps) en pantalla panor\u00e1mica. La correcci\u00f3n de iluminaci\u00f3n autom\u00e1tica produce colores reales y naturales.<\/p>\n","protected":false},"featured_media":1495,"comment_status":"open","ping_status":"closed","template":"","meta":{"_et_pb_use_builder":"","_et_pb_old_content":"","_et_gb_content_width":""},"product_brand":[],"product_cat":[85],"product_tag":[227,148,226],"class_list":{"0":"post-1494","1":"product","2":"type-product","3":"status-publish","4":"has-post-thumbnail","6":"product_cat-webcam","7":"product_tag-camara-web","8":"product_tag-logitech","9":"product_tag-webcam","11":"first","12":"instock","13":"shipping-taxable","14":"purchasable","15":"product-type-simple"},"_links":{"self":[{"href":"https:\/\/bonomosistemas.com.ar\/site\/wp-json\/wp\/v2\/product\/1494","targetHints":{"allow":["GET"]}}],"collection":[{"href":"https:\/\/bonomosistemas.com.ar\/site\/wp-json\/wp\/v2\/product"}],"about":[{"href":"https:\/\/bonomosistemas.com.ar\/site\/wp-json\/wp\/v2\/types\/product"}],"replies":[{"embeddable":true,"href":"https:\/\/bonomosistemas.com.ar\/site\/wp-json\/wp\/v2\/comments?post=1494"}],"wp:featuredmedia":[{"embeddable":true,"href":"https:\/\/bonomosistemas.com.ar\/site\/wp-json\/wp\/v2\/media\/1495"}],"wp:attachment":[{"href":"https:\/\/bonomosistemas.com.ar\/site\/wp-json\/wp\/v2\/media?parent=1494"}],"wp:term":[{"taxonomy":"product_brand","embeddable":true,"href":"https:\/\/bonomosistemas.com.ar\/site\/wp-json\/wp\/v2\/product_brand?post=1494"},{"taxonomy":"product_cat","embeddable":true,"href":"https:\/\/bonomosistemas.com.ar\/site\/wp-json\/wp\/v2\/product_cat?post=1494"},{"taxonomy":"product_tag","embeddable":true,"href":"https:\/\/bonomosistemas.com.ar\/site\/wp-json\/wp\/v2\/product_tag?post=1494"}],"curies":[{"name":"wp","href":"https:\/\/api.w.org\/{rel}","templated":true}]}}