{"id":1501,"date":"2022-06-27T16:49:34","date_gmt":"2022-06-27T19:49:34","guid":{"rendered":"https:\/\/bonomosistemas.com.ar\/site\/?post_type=product&#038;p=1501"},"modified":"2026-02-28T22:14:49","modified_gmt":"2026-03-01T01:14:49","slug":"memoria-kingston-fury-16gb-ddr4-3200mhz-rgb","status":"publish","type":"product","link":"https:\/\/bonomosistemas.com.ar\/site\/producto\/memoria-kingston-fury-16gb-ddr4-3200mhz-rgb\/","title":{"rendered":"Memoria Kingston Fury 16GB DDR4 3200Mhz RGB"},"content":{"rendered":"<ul>\n<li class=\"mb-0\"><b>Marca: <\/b>Kingston<\/li>\n<li class=\"mb-0\"><b>Modelo:<\/b>KF432C16BB2A\/16<\/li>\n<li class=\"mb-0\"><b>L\u00ednea: <\/b>Fury<\/li>\n<li class=\"mb-0\"><b>Tipo: <\/b>DDR4<\/li>\n<li class=\"mb-0\"><b>Latencia: <\/b>16<\/li>\n<li class=\"mb-0\"><b>Voltaje: <\/b>1.35V<\/li>\n<li class=\"mb-0\"><b>Capacidad: <\/b>16 GB<\/li>\n<li class=\"mb-0\"><b>Velocidad: <\/b>3200 MHz<\/li>\n<li class=\"mb-0\"><b>Aplicaci\u00f3n: <\/b>PC<\/li>\n<li class=\"mb-0\"><b>Disipador: <\/b>Si<\/li>\n<li class=\"mb-0\"><b>Iluminaci\u00f3n: <\/b>SI<\/li>\n<\/ul>\n","protected":false},"excerpt":{"rendered":"<p>Marca: Kingston Modelo:KF432C16BB2A\/16 L\u00ednea: Fury Tipo: DDR4 Latencia: 16 Voltaje: 1.35V Capacidad: 16 GB Velocidad: 3200 MHz Aplicaci\u00f3n: PC Disipador: Si Iluminaci\u00f3n: SI<\/p>\n","protected":false},"featured_media":3153,"comment_status":"open","ping_status":"closed","template":"","meta":{"_et_pb_use_builder":"","_et_pb_old_content":"","_et_gb_content_width":""},"product_brand":[],"product_cat":[62],"product_tag":[126,120,124,125],"class_list":{"0":"post-1501","1":"product","2":"type-product","3":"status-publish","4":"has-post-thumbnail","6":"product_cat-memorias-ram","7":"product_tag-ddr4","8":"product_tag-kingston","9":"product_tag-memoria","10":"product_tag-ram","12":"first","13":"instock","14":"shipping-taxable","15":"purchasable","16":"product-type-simple"},"_links":{"self":[{"href":"https:\/\/bonomosistemas.com.ar\/site\/wp-json\/wp\/v2\/product\/1501","targetHints":{"allow":["GET"]}}],"collection":[{"href":"https:\/\/bonomosistemas.com.ar\/site\/wp-json\/wp\/v2\/product"}],"about":[{"href":"https:\/\/bonomosistemas.com.ar\/site\/wp-json\/wp\/v2\/types\/product"}],"replies":[{"embeddable":true,"href":"https:\/\/bonomosistemas.com.ar\/site\/wp-json\/wp\/v2\/comments?post=1501"}],"wp:featuredmedia":[{"embeddable":true,"href":"https:\/\/bonomosistemas.com.ar\/site\/wp-json\/wp\/v2\/media\/3153"}],"wp:attachment":[{"href":"https:\/\/bonomosistemas.com.ar\/site\/wp-json\/wp\/v2\/media?parent=1501"}],"wp:term":[{"taxonomy":"product_brand","embeddable":true,"href":"https:\/\/bonomosistemas.com.ar\/site\/wp-json\/wp\/v2\/product_brand?post=1501"},{"taxonomy":"product_cat","embeddable":true,"href":"https:\/\/bonomosistemas.com.ar\/site\/wp-json\/wp\/v2\/product_cat?post=1501"},{"taxonomy":"product_tag","embeddable":true,"href":"https:\/\/bonomosistemas.com.ar\/site\/wp-json\/wp\/v2\/product_tag?post=1501"}],"curies":[{"name":"wp","href":"https:\/\/api.w.org\/{rel}","templated":true}]}}