{"id":1512,"date":"2022-07-03T17:59:08","date_gmt":"2022-07-03T17:59:08","guid":{"rendered":"https:\/\/bonomosistemas.com.ar\/site\/?post_type=product&#038;p=1512"},"modified":"2025-04-09T19:44:46","modified_gmt":"2025-04-09T22:44:46","slug":"auriculares-logitech-7-1-g432","status":"publish","type":"product","link":"https:\/\/bonomosistemas.com.ar\/site\/producto\/auriculares-logitech-7-1-g432\/","title":{"rendered":"Auriculares Logitech 7.1 G432"},"content":{"rendered":"<div class=\"specification-row dark-border\" data-v-d1ec4f24=\"\">\n<ul>\n<li class=\"specification-row-title\"><strong>Peso:<\/strong> 280g (sin cable)<\/li>\n<li><strong>Longitud del cable:<\/strong> 2m<\/li>\n<li><b>Aud\u00edfono:<\/b>\n<ul>\n<li class=\"specification-row-title\"><strong>Transductor:<\/strong> \u042450 mm<\/li>\n<li class=\"specification-row-title\"><strong>Respuesta de frecuencia:<\/strong> 20 \u2013 20k Hz<\/li>\n<li><strong>Impedancia:<\/strong> 39 ohmios (pasiva), 5 kilohmios (activa)<\/li>\n<li class=\"specification-row-title\"><strong>Sensibilidad:<\/strong>107dB +\/- 3dB<\/li>\n<\/ul>\n<\/li>\n<li><b>Micr\u00f3fono (varilla):<\/b>\n<ul>\n<li class=\"specification-row-title\"><strong>Direccionalidad del micr\u00f3fono:<\/strong> Cardioide (unidireccional)<\/li>\n<li><strong>Tama\u00f1o:<\/strong> 6mm<\/li>\n<li><strong>Respuesta de Frecuencia:<\/strong> 100Hz &#8211; 20 KHz<\/li>\n<\/ul>\n<\/li>\n<li class=\"specification-row-title\"><strong>Sistemas operativos compatibles:<\/strong> Windows 10\/8\/7 \/ Mac \/ Nintendo Switch \/ Playstation 4 \/ Tablet \/ Dispositivo M\u00f3vil<\/li>\n<\/ul>\n<\/div>\n","protected":false},"excerpt":{"rendered":"<p>Con los aud\u00edfonos G432, estar\u00e1s rodeado por el entorno del juego. Siente la emoci\u00f3n de estar totalmente inmerso en la acci\u00f3n y de que siempre te oigan para una experiencia de juego completa.<\/p>\n","protected":false},"featured_media":1513,"comment_status":"open","ping_status":"closed","template":"","meta":{"_et_pb_use_builder":"off","_et_pb_old_content":"<div class=\"specification-row dark-border\" data-v-d1ec4f24=\"\">\r\n<ul>\r\n \t<li class=\"specification-row-title\"><strong>Peso:<\/strong> 280g (sin cable)<\/li>\r\n \t<li><strong>Longitud del cable:<\/strong> 2m<\/li>\r\n \t<li><b>Aud\u00edfono:<\/b>\r\n<ul>\r\n \t<li class=\"specification-row-title\"><strong>Transductor:<\/strong> \u042450 mm<\/li>\r\n \t<li class=\"specification-row-title\"><strong>Respuesta de frecuencia:<\/strong> 20 \u2013 20k Hz<\/li>\r\n \t<li><strong>Impedancia:<\/strong> 39 ohmios (pasiva), 5 kilohmios (activa)<\/li>\r\n \t<li class=\"specification-row-title\"><strong>Sensibilidad:<\/strong>107dB +\/- 3dB<\/li>\r\n<\/ul>\r\n<\/li>\r\n \t<li><b>Micr\u00f3fono (varilla):<\/b>\r\n<ul>\r\n \t<li class=\"specification-row-title\"><strong>Direccionalidad del micr\u00f3fono:<\/strong> Cardioide (unidireccional)<\/li>\r\n \t<li><strong>Tama\u00f1o:<\/strong> 6mm<\/li>\r\n \t<li><strong>Respuesta de Frecuencia:<\/strong> 100Hz - 20 KHz<\/li>\r\n<\/ul>\r\n<\/li>\r\n \t<li class=\"specification-row-title\"><strong>Sistemas operativos compatibles:<\/strong> Windows 10\/8\/7 \/ Mac \/ Nintendo Switch \/ Playstation 4 \/ Tablet \/ Dispositivo M\u00f3vil<\/li>\r\n<\/ul>\r\n<\/div>","_et_gb_content_width":""},"product_brand":[],"product_cat":[80],"product_tag":[134,122,156,148,135],"class_list":{"0":"post-1512","1":"product","2":"type-product","3":"status-publish","4":"has-post-thumbnail","6":"product_cat-auriculares","7":"product_tag-auriculares","8":"product_tag-consulte","9":"product_tag-gamer","10":"product_tag-logitech","11":"product_tag-sonido","13":"first","14":"outofstock","15":"shipping-taxable","16":"purchasable","17":"product-type-simple"},"_links":{"self":[{"href":"https:\/\/bonomosistemas.com.ar\/site\/wp-json\/wp\/v2\/product\/1512","targetHints":{"allow":["GET"]}}],"collection":[{"href":"https:\/\/bonomosistemas.com.ar\/site\/wp-json\/wp\/v2\/product"}],"about":[{"href":"https:\/\/bonomosistemas.com.ar\/site\/wp-json\/wp\/v2\/types\/product"}],"replies":[{"embeddable":true,"href":"https:\/\/bonomosistemas.com.ar\/site\/wp-json\/wp\/v2\/comments?post=1512"}],"wp:featuredmedia":[{"embeddable":true,"href":"https:\/\/bonomosistemas.com.ar\/site\/wp-json\/wp\/v2\/media\/1513"}],"wp:attachment":[{"href":"https:\/\/bonomosistemas.com.ar\/site\/wp-json\/wp\/v2\/media?parent=1512"}],"wp:term":[{"taxonomy":"product_brand","embeddable":true,"href":"https:\/\/bonomosistemas.com.ar\/site\/wp-json\/wp\/v2\/product_brand?post=1512"},{"taxonomy":"product_cat","embeddable":true,"href":"https:\/\/bonomosistemas.com.ar\/site\/wp-json\/wp\/v2\/product_cat?post=1512"},{"taxonomy":"product_tag","embeddable":true,"href":"https:\/\/bonomosistemas.com.ar\/site\/wp-json\/wp\/v2\/product_tag?post=1512"}],"curies":[{"name":"wp","href":"https:\/\/api.w.org\/{rel}","templated":true}]}}