{"id":1519,"date":"2022-07-03T18:23:15","date_gmt":"2022-07-03T18:23:15","guid":{"rendered":"https:\/\/bonomosistemas.com.ar\/site\/?post_type=product&#038;p=1519"},"modified":"2026-02-28T21:48:51","modified_gmt":"2026-03-01T00:48:51","slug":"auriculares-ttesport-shock-pro-7-1-rgb","status":"publish","type":"product","link":"https:\/\/bonomosistemas.com.ar\/site\/producto\/auriculares-ttesport-shock-pro-7-1-rgb\/","title":{"rendered":"Auriculares TTeSport Shock Pro 7.1 RGB"},"content":{"rendered":"<ul>\n<li><strong>Especificaciones del auricular:<\/strong>\n<ul>\n<li><strong>Canales:<\/strong> Virtual 7.1<\/li>\n<li><b>Frecuencia:<\/b> 20Hz &#8211; 20KHz<\/li>\n<li><strong>Impedancia:<\/strong> 32Ohm<\/li>\n<li><strong>Sensibilidad:<\/strong> 110 +\/- 3 dB<\/li>\n<\/ul>\n<\/li>\n<li><b>Especificaciones del micr\u00f3fono:<\/b>\n<ul>\n<li><strong>Direccionalidad:<\/strong> Omnidireccional<\/li>\n<li><b>Cancelaci\u00f3n de Sonido:<\/b> No<\/li>\n<li><strong>Sensibilidad:<\/strong> -38 +\/- 3dB<\/li>\n<li><strong>Frecuencia:<\/strong> 100Hz ~ 10KHz<\/li>\n<li><strong>Impedancia:<\/strong> &lt; 2.2K Ohm<\/li>\n<\/ul>\n<\/li>\n<\/ul>\n","protected":false},"excerpt":{"rendered":"<p id=\"tw-target-text\" dir=\"ltr\" data-placeholder=\"Traducci\u00f3n\">Los auriculares para videojuegos SHOCK PRO RGB 7.1 vienen en un dise\u00f1o minimalista, liviano y elegante que ofrece un sonido sorprendente y comodidad para largas sesiones de juego.<\/p>\n<p dir=\"ltr\" data-placeholder=\"Traducci\u00f3n\">Las caracter\u00edsticas de dise\u00f1o incluyen: un controlador de neodimio de 40 mm para una gran claridad de audio, iluminaci\u00f3n de 256 colores con 7 colores preestablecidos y 2 modos de efectos de iluminaci\u00f3n: salto de pulso y modo de pulso de un solo color, dise\u00f1o de diadema con ajuste autom\u00e1tico, micr\u00f3fono retr\u00e1ctil, controles f\u00edsicos incorporados para f\u00e1cil acceso a los controles de volumen, micr\u00f3fono e iluminaci\u00f3n, y construcci\u00f3n de almohadillas gruesas para la oreja para una comodidad ergon\u00f3mica \u00f3ptima. Tambi\u00e9n viene equipado con la \u00faltima tecnolog\u00eda de sonido envolvente virtual premium 7.1 para ofrecer la experiencia de sonido 3D m\u00e1s inmersiva para garantizar que escuche todos los sonidos con una precisi\u00f3n milim\u00e9trica para esa ventaja competitiva tan importante.<\/p>\n","protected":false},"featured_media":1520,"comment_status":"open","ping_status":"closed","template":"","meta":{"_et_pb_use_builder":"","_et_pb_old_content":"","_et_gb_content_width":""},"product_brand":[],"product_cat":[80,411],"product_tag":[134,156,135,215],"class_list":{"0":"post-1519","1":"product","2":"type-product","3":"status-publish","4":"has-post-thumbnail","6":"product_cat-auriculares","7":"product_cat-dia-del-nino","8":"product_tag-auriculares","9":"product_tag-gamer","10":"product_tag-sonido","11":"product_tag-ttesports","13":"first","14":"instock","15":"shipping-taxable","16":"purchasable","17":"product-type-simple"},"_links":{"self":[{"href":"https:\/\/bonomosistemas.com.ar\/site\/wp-json\/wp\/v2\/product\/1519","targetHints":{"allow":["GET"]}}],"collection":[{"href":"https:\/\/bonomosistemas.com.ar\/site\/wp-json\/wp\/v2\/product"}],"about":[{"href":"https:\/\/bonomosistemas.com.ar\/site\/wp-json\/wp\/v2\/types\/product"}],"replies":[{"embeddable":true,"href":"https:\/\/bonomosistemas.com.ar\/site\/wp-json\/wp\/v2\/comments?post=1519"}],"wp:featuredmedia":[{"embeddable":true,"href":"https:\/\/bonomosistemas.com.ar\/site\/wp-json\/wp\/v2\/media\/1520"}],"wp:attachment":[{"href":"https:\/\/bonomosistemas.com.ar\/site\/wp-json\/wp\/v2\/media?parent=1519"}],"wp:term":[{"taxonomy":"product_brand","embeddable":true,"href":"https:\/\/bonomosistemas.com.ar\/site\/wp-json\/wp\/v2\/product_brand?post=1519"},{"taxonomy":"product_cat","embeddable":true,"href":"https:\/\/bonomosistemas.com.ar\/site\/wp-json\/wp\/v2\/product_cat?post=1519"},{"taxonomy":"product_tag","embeddable":true,"href":"https:\/\/bonomosistemas.com.ar\/site\/wp-json\/wp\/v2\/product_tag?post=1519"}],"curies":[{"name":"wp","href":"https:\/\/api.w.org\/{rel}","templated":true}]}}