{"id":1569,"date":"2022-08-22T21:58:21","date_gmt":"2022-08-22T21:58:21","guid":{"rendered":"https:\/\/bonomosistemas.com.ar\/site\/?post_type=product&#038;p=1569"},"modified":"2025-03-08T14:30:32","modified_gmt":"2025-03-08T17:30:32","slug":"telefono-inalambrico-gigaset-a270","status":"publish","type":"product","link":"https:\/\/bonomosistemas.com.ar\/site\/producto\/telefono-inalambrico-gigaset-a270\/","title":{"rendered":"Tel\u00e9fono Inal\u00e1mbrico Gigaset A270"},"content":{"rendered":"<ul>\n<li><strong>Caracter\u00edsticas generales<\/strong>\n<ul>\n<li>Conexi\u00f3n: Anal\u00f3gico<\/li>\n<li>N\u00famero de tel\u00e9fono (anal\u00f3gica): 1<\/li>\n<li>N\u00famero de conversaciones simult\u00e1neas (anal\u00f3gica): 1<\/li>\n<li>Est\u00e1ndares DECT: DECT<\/li>\n<li>ECO DECT: Reducci\u00f3n autom\u00e1tica de transmisi\u00f3n de energ\u00eda, Libre de radiaci\u00f3n en modo standby, Bajo consumo de energ\u00eda<\/li>\n<\/ul>\n<\/li>\n<li><strong>Caracter\u00edsticas adicionales<\/strong>\n<ul>\n<li>Tiempo en modo en espera hasta (h): 200<\/li>\n<li>Tiempo de conversaci\u00f3n hasta (h): 18<\/li>\n<li>N\u00famero de registros en agenda telef\u00f3nica (nombre\/n\u00famero): 80<\/li>\n<li>Funci\u00f3n de alarma: Si<\/li>\n<li>Se\u00f1alizaci\u00f3n \u00f3ptica de llamada (pantalla iluminada): Pantalla iluminada<\/li>\n<li>Llamadas internas gratuitas: Si<\/li>\n<li>Transferencia de tel\u00e9fonos\/libreta de direcciones interna a trav\u00e9s de DECT (de terminal a terminal): Si<\/li>\n<li>Transferencia interna de llamadas externas, llamada de conferencia, devoluci\u00f3n de llamada: Si<\/li>\n<\/ul>\n<\/li>\n<li><strong>Caracter\u00edsticas de sonido<\/strong>\n<ul>\n<li>Conversaci\u00f3n manos libres: S\u00ed<\/li>\n<li>Conversaci\u00f3n manos libres terminal \/ base: Terminal<\/li>\n<li>Volumen ajustable: Mediante el Men\u00fa<\/li>\n<li>N\u00famero de tonos: 10<\/li>\n<\/ul>\n<\/li>\n<li><strong>Caracter\u00edsticas de la pantalla<\/strong>\n<ul>\n<li>Tipo de pantalla: Alfanum\u00e9rica blanco y negro<\/li>\n<li>Dimensiones (alt. x anch. mm): 22 x 34<\/li>\n<li>Diagonal (pulg.): 1,5<\/li>\n<li>Resoluci\u00f3n (px): 70 x 8<\/li>\n<li>Visualizaci\u00f3n del llamante en pantalla: Indicaci\u00f3n del n\u00famero de tel\u00e9fono llamante (CLIP)<\/li>\n<li>Lista de las \u00faltimas llamadas perdidas (n\u00famero) con hora y fecha: 25<\/li>\n<li>Men\u00fa en varios idiomas (varios idiomas de pantalla): Si<\/li>\n<li>Tiempo \/ Fecha mostrada: Si<\/li>\n<li>N\u00famero de idiomas: 24<\/li>\n<\/ul>\n<\/li>\n<li><strong>Caracter\u00edsticas del teclado<\/strong>\n<ul>\n<li>Manejo sencillo con teclas de navegaci\u00f3n: Si<\/li>\n<\/ul>\n<\/li>\n<li><strong>Tama\u00f1o\/especificaciones t\u00e9cnicas<\/strong>\n<ul>\n<li>Terminal, alt x anch x prof en mm: 159 x 48 x 30<\/li>\n<li>Terminal, peso incl. bater\u00eda en g: 114<\/li>\n<li>Estaci\u00f3n base, alt x anch x prof en mm: 89 x 89 x 43<\/li>\n<li>Estaci\u00f3n base, peso en g: 63<\/li>\n<li>Cargador, alt x anch x prof en mm: 38 x 69 x 75<\/li>\n<li>Cargador, peso en g: 34<\/li>\n<li>Bater\u00eda: 2 x NiMH AAA<\/li>\n<\/ul>\n<\/li>\n<\/ul>\n","protected":false},"excerpt":{"rendered":"<p>\u00bfEst\u00e1 buscando un tel\u00e9fono fijo f\u00e1cil de usar que no cueste mucho dinero? En tal caso el Gigaset A270 con funci\u00f3n de conversaci\u00f3n en manos libres y calidad \u00abMade in Germany\u00bb se ajusta perfectamente a su necesidad.\u00a0 Gracias a sus teclas con puntos sensibles a la presi\u00f3n, utilizarlo es f\u00e1cil y c\u00f3modo. Pulsando la tecla iluminada de conversaci\u00f3n en manos libres, podr\u00e1 cocinar, limpiar o realizar cualquier otra tarea mientras habla por tel\u00e9fono.\u00a0 \u00datil, \u00bfverdad? Al igual que la sencilla instalaci\u00f3n plug&amp;play. El tel\u00e9fono est\u00e1 preregistrado a la estaci\u00f3n base as\u00ed que puede comenzar a utilizar el Gigaset A270 seg\u00fan lo saque de su caja. Y esto no es todo. Puede estar seguro de que el Gigaset A270 es respetuoso con el medioambiente ya que incorpora el modo Eco Plus. \u00bfQu\u00e9 m\u00e1s necesita de un tel\u00e9fono inal\u00e1mbrico?<\/p>\n","protected":false},"featured_media":1571,"comment_status":"open","ping_status":"closed","template":"","meta":{"_et_pb_use_builder":"","_et_pb_old_content":"","_et_gb_content_width":""},"product_brand":[],"product_cat":[89],"product_tag":[251,252,250],"class_list":{"0":"post-1569","1":"product","2":"type-product","3":"status-publish","4":"has-post-thumbnail","6":"product_cat-telefonia","7":"product_tag-gigaset","8":"product_tag-inalambrico","9":"product_tag-telefono","11":"first","12":"instock","13":"shipping-taxable","14":"purchasable","15":"product-type-simple"},"_links":{"self":[{"href":"https:\/\/bonomosistemas.com.ar\/site\/wp-json\/wp\/v2\/product\/1569","targetHints":{"allow":["GET"]}}],"collection":[{"href":"https:\/\/bonomosistemas.com.ar\/site\/wp-json\/wp\/v2\/product"}],"about":[{"href":"https:\/\/bonomosistemas.com.ar\/site\/wp-json\/wp\/v2\/types\/product"}],"replies":[{"embeddable":true,"href":"https:\/\/bonomosistemas.com.ar\/site\/wp-json\/wp\/v2\/comments?post=1569"}],"wp:featuredmedia":[{"embeddable":true,"href":"https:\/\/bonomosistemas.com.ar\/site\/wp-json\/wp\/v2\/media\/1571"}],"wp:attachment":[{"href":"https:\/\/bonomosistemas.com.ar\/site\/wp-json\/wp\/v2\/media?parent=1569"}],"wp:term":[{"taxonomy":"product_brand","embeddable":true,"href":"https:\/\/bonomosistemas.com.ar\/site\/wp-json\/wp\/v2\/product_brand?post=1569"},{"taxonomy":"product_cat","embeddable":true,"href":"https:\/\/bonomosistemas.com.ar\/site\/wp-json\/wp\/v2\/product_cat?post=1569"},{"taxonomy":"product_tag","embeddable":true,"href":"https:\/\/bonomosistemas.com.ar\/site\/wp-json\/wp\/v2\/product_tag?post=1569"}],"curies":[{"name":"wp","href":"https:\/\/api.w.org\/{rel}","templated":true}]}}