{"id":1578,"date":"2022-08-22T22:33:52","date_gmt":"2022-08-23T01:33:52","guid":{"rendered":"https:\/\/bonomosistemas.com.ar\/site\/?post_type=product&#038;p=1578"},"modified":"2026-04-04T20:44:35","modified_gmt":"2026-04-04T23:44:35","slug":"impresora-laser-monocromatica-brother-hl1212w","status":"publish","type":"product","link":"https:\/\/bonomosistemas.com.ar\/site\/producto\/impresora-laser-monocromatica-brother-hl1212w\/","title":{"rendered":"Impresora Laser Monocrom\u00e1tica Brother HL1212W"},"content":{"rendered":"<ul>\n<li><strong>Impresi\u00f3n:<\/strong>\n<ul>\n<li>Velocidad de impresi\u00f3n en negro (m\u00e1x. ppm): 21<\/li>\n<li>Impresi\u00f3n sin bordes: N\/A<\/li>\n<li>Tipo de suministro: Cartucho de t\u00f3ner y Drum<\/li>\n<li>Velocidad de CPU (MhZ): 200<\/li>\n<li>Tiempo de salida de la primera p\u00e1gina: 10<\/li>\n<li>Resoluci\u00f3n de impresi\u00f3n (dpi): 2400 x 600 dpi<\/li>\n<li>Tecnolog\u00eda de impresi\u00f3n: L\u00e1ser B\/N<\/li>\n<li>Compatibilidad de controlador de impresora: Windows, Mac OS, Linux<\/li>\n<\/ul>\n<\/li>\n<li><strong>Conectividad y Compatibilidad:<\/strong>\n<ul>\n<li>Compatibilidad con dispositivos m\u00f3viles: Brother iPrint&amp;Scan<\/li>\n<li>Interfaz est\u00e1ndar: Wireless 802.11 b\/g\/n, Hi-Speed USB 2.0<\/li>\n<\/ul>\n<\/li>\n<li><strong>Manejo del Papel:<\/strong>\n<ul>\n<li>Capacidad de alimentaci\u00f3n manual (p\u00e1g.): 1<\/li>\n<li>Tipos de papel: Plano, Papel reciclado<\/li>\n<li>Capacidad de salida de papel (p\u00e1gs.): 50<\/li>\n<li>Tama\u00f1o de papel &#8211; Bandeja: Carta, Legal, Ejecutivo, A4, A5, B5<\/li>\n<li>Gramaje &#8211; Bandeja de papel (m\u00edn. \/ M\u00e1x.): 65-105 g\/m\u00b2<\/li>\n<li>Capacidad de entrada de papel est\u00e1ndar (p\u00e1gs.): 150<\/li>\n<\/ul>\n<\/li>\n<li><strong>General:<\/strong>\n<ul>\n<li>Ciclo de trabajo mensual m\u00e1ximo: Hasta 10.000 p\u00e1ginas<\/li>\n<li>Volumen de impresi\u00f3n mensual recomendado: 250 a 1.800 p\u00e1ginas (m\u00e1ximo)<\/li>\n<li>Memoria Est\u00e1ndar: 32<\/li>\n<li>Modo de ahorro de t\u00f3ner: N\/A<\/li>\n<\/ul>\n<\/li>\n<li><strong>Energ\u00eda:<\/strong>\n<ul>\n<li>Voltaje: 220-240 V 50\/60Hz<\/li>\n<li>Ruido de la m\u00e1quina (listo \/ copiando): 51 dB<\/li>\n<li>Entorno operativo: humedad: 20 a 80 %<\/li>\n<li>Entorno operativo: temperatura: 10 a 32 \u00b0C<\/li>\n<\/ul>\n<\/li>\n<li><strong>Dimensiones:<\/strong>\n<ul>\n<li>Dimensiones de la Unidad (L x P x A): 34 cm x 23.8 cm x 18.9 cm<\/li>\n<li>Peso de la unidad (kg.): 4.6<\/li>\n<\/ul>\n<\/li>\n<\/ul>\n","protected":false},"excerpt":{"rendered":"<p>Impresora l\u00e1ser monocrom\u00e1tica confiable de precio econ\u00f3mico, ideal para el hogar. Imprime hasta 21 ppm con rapidez, es f\u00e1cil de usar en una red inal\u00e1mbrica y permite imprimir desde dispositivos m\u00f3viles v\u00eda Brother iPrint&amp;Scan. Cuenta con una bandeja expandible para 150 hojas hasta tama\u00f1o legal y utiliza cartuchos de t\u00f3ner de remplazo de bajo costo. Imprime documentos de alta calidad desde tama\u00f1o A5 hasta tama\u00f1o legal con resoluci\u00f3n de 2.400 x 600 dpi (tecnolog\u00eda HQ1200). Su dise\u00f1o compacto y moderno permite ubicarla pr\u00e1cticamente en cualquier lugar.<\/p>\n","protected":false},"featured_media":1579,"comment_status":"open","ping_status":"closed","template":"","meta":{"_et_pb_use_builder":"","_et_pb_old_content":"","_et_gb_content_width":""},"product_brand":[],"product_cat":[55],"product_tag":[199,219,256,257],"class_list":{"0":"post-1578","1":"product","2":"type-product","3":"status-publish","4":"has-post-thumbnail","6":"product_cat-laser","7":"product_tag-brother","8":"product_tag-impresora","9":"product_tag-impresora-laser","10":"product_tag-monocromatica","12":"first","13":"instock","14":"shipping-taxable","15":"purchasable","16":"product-type-simple"},"_links":{"self":[{"href":"https:\/\/bonomosistemas.com.ar\/site\/wp-json\/wp\/v2\/product\/1578","targetHints":{"allow":["GET"]}}],"collection":[{"href":"https:\/\/bonomosistemas.com.ar\/site\/wp-json\/wp\/v2\/product"}],"about":[{"href":"https:\/\/bonomosistemas.com.ar\/site\/wp-json\/wp\/v2\/types\/product"}],"replies":[{"embeddable":true,"href":"https:\/\/bonomosistemas.com.ar\/site\/wp-json\/wp\/v2\/comments?post=1578"}],"wp:featuredmedia":[{"embeddable":true,"href":"https:\/\/bonomosistemas.com.ar\/site\/wp-json\/wp\/v2\/media\/1579"}],"wp:attachment":[{"href":"https:\/\/bonomosistemas.com.ar\/site\/wp-json\/wp\/v2\/media?parent=1578"}],"wp:term":[{"taxonomy":"product_brand","embeddable":true,"href":"https:\/\/bonomosistemas.com.ar\/site\/wp-json\/wp\/v2\/product_brand?post=1578"},{"taxonomy":"product_cat","embeddable":true,"href":"https:\/\/bonomosistemas.com.ar\/site\/wp-json\/wp\/v2\/product_cat?post=1578"},{"taxonomy":"product_tag","embeddable":true,"href":"https:\/\/bonomosistemas.com.ar\/site\/wp-json\/wp\/v2\/product_tag?post=1578"}],"curies":[{"name":"wp","href":"https:\/\/api.w.org\/{rel}","templated":true}]}}