{"id":1582,"date":"2022-08-25T22:22:13","date_gmt":"2022-08-26T01:22:13","guid":{"rendered":"https:\/\/bonomosistemas.com.ar\/site\/?post_type=product&#038;p=1582"},"modified":"2026-01-10T12:56:08","modified_gmt":"2026-01-10T15:56:08","slug":"telefono-inalambrico-gigaset-a170","status":"publish","type":"product","link":"https:\/\/bonomosistemas.com.ar\/site\/producto\/telefono-inalambrico-gigaset-a170\/","title":{"rendered":"Tel\u00e9fono Inal\u00e1mbrico Gigaset A170"},"content":{"rendered":"<ul>\n<li><strong>Caracter\u00edsticas generales<\/strong>\n<ul>\n<li>Conexi\u00f3n: Anal\u00f3gico<\/li>\n<li>N\u00famero de tel\u00e9fono (anal\u00f3gica): 1<\/li>\n<li>N\u00famero de conversaciones simult\u00e1neas (anal\u00f3gica): 1<\/li>\n<li>Est\u00e1ndares DECT: DECT<\/li>\n<li>ECO DECT: Reducci\u00f3n autom\u00e1tica de transmisi\u00f3n de energ\u00eda, Libre de radiaci\u00f3n en modo standby, Bajo consumo de energ\u00eda<\/li>\n<\/ul>\n<\/li>\n<li><strong>Caracter\u00edsticas adicionales<\/strong>\n<ul>\n<li>Tiempo en modo en espera hasta (h): 200<\/li>\n<li>Tiempo de conversaci\u00f3n hasta (h): 18<\/li>\n<li>N\u00famero de registros en agenda telef\u00f3nica (nombre\/n\u00famero): 50<\/li>\n<li>Funci\u00f3n de alarma: Si<\/li>\n<li>Se\u00f1alizaci\u00f3n \u00f3ptica de llamada (pantalla iluminada): Pantalla iluminada<\/li>\n<li>Llamadas internas gratuitas: Si<\/li>\n<li>Transferencia de tel\u00e9fonos\/libreta de direcciones interna a trav\u00e9s de DECT (de terminal a terminal): Si<\/li>\n<li>Transferencia interna de llamadas externas, llamada de conferencia, devoluci\u00f3n de llamada: Si<\/li>\n<\/ul>\n<\/li>\n<li><strong>Caracter\u00edsticas de sonido<\/strong>\n<ul>\n<li>Volumen ajustable: Mediante el Men\u00fa<\/li>\n<li>N\u00famero de tonos: 10<\/li>\n<\/ul>\n<\/li>\n<li><strong>Caracter\u00edsticas de la pantalla<\/strong>\n<ul>\n<li>Tipo de pantalla: Alfanum\u00e9rica blanco y negro<\/li>\n<li>Dimensiones (alt. x anch. mm): 22 x 34<\/li>\n<li>Diagonal (pulg.): 1,5<\/li>\n<li>Resoluci\u00f3n (px): 70 x 8<\/li>\n<li>Visualizaci\u00f3n del llamante en pantalla: Indicaci\u00f3n del n\u00famero de tel\u00e9fono llamante (CLIP)<\/li>\n<li>Lista de las \u00faltimas llamadas perdidas (n\u00famero) con hora y fecha: 25<\/li>\n<li>Men\u00fa en varios idiomas (varios idiomas de pantalla): Si<\/li>\n<li>Tiempo \/ Fecha mostrada: Si<\/li>\n<li>N\u00famero de idiomas: 24<\/li>\n<\/ul>\n<\/li>\n<li><strong>Caracter\u00edsticas del teclado<\/strong>\n<ul>\n<li>Manejo sencillo con teclas de navegaci\u00f3n: Si<\/li>\n<\/ul>\n<\/li>\n<li><strong>Tama\u00f1o\/especificaciones t\u00e9cnicas<\/strong>\n<ul>\n<li>Terminal, alt x anch x prof en mm: 159 x 48 x 30<\/li>\n<li>Terminal, peso incl. bater\u00eda en g: 108<\/li>\n<li>Estaci\u00f3n base, alt x anch x prof en mm: 89 x 89 x 43<\/li>\n<li>Estaci\u00f3n base, peso en g: 63<\/li>\n<li>Cargador, alt x anch x prof en mm: 38 x 69 x 75<\/li>\n<li>Cargador, peso en g: 34<\/li>\n<li>Bater\u00eda: 2 x NiMH AAA<\/li>\n<\/ul>\n<\/li>\n<\/ul>\n","protected":false},"excerpt":{"rendered":"<p>Descubra el Gigaset A170.\u00a0 Es un tel\u00e9fono inal\u00e1mbrico sencillo y fiable con calidad \u00abMade in Germany\u00bb. Presenta teclas f\u00e1ciles de usar con puntos sensibles a la presi\u00f3n para marcar sin esfuerzo. Su gran pantalla gr\u00e1fica de matriz de puntos iluminada facilita la lectura. Y gracias al registro preconfigurado en la estaci\u00f3n base, la instalaci\u00f3n no requiere m\u00e1s que un r\u00e1pido plug &amp; play. Y hay algo m\u00e1s de lo que no tendr\u00e1 que preocuparse: el Modo Eco Plus sin radiaci\u00f3n lo convierte en la opci\u00f3n ecol\u00f3gica de la telefon\u00eda.<\/p>\n","protected":false},"featured_media":1583,"comment_status":"open","ping_status":"closed","template":"","meta":{"_et_pb_use_builder":"","_et_pb_old_content":"","_et_gb_content_width":""},"product_brand":[],"product_cat":[89],"product_tag":[251,252,250],"class_list":{"0":"post-1582","1":"product","2":"type-product","3":"status-publish","4":"has-post-thumbnail","6":"product_cat-telefonia","7":"product_tag-gigaset","8":"product_tag-inalambrico","9":"product_tag-telefono","11":"first","12":"instock","13":"shipping-taxable","14":"purchasable","15":"product-type-simple"},"_links":{"self":[{"href":"https:\/\/bonomosistemas.com.ar\/site\/wp-json\/wp\/v2\/product\/1582","targetHints":{"allow":["GET"]}}],"collection":[{"href":"https:\/\/bonomosistemas.com.ar\/site\/wp-json\/wp\/v2\/product"}],"about":[{"href":"https:\/\/bonomosistemas.com.ar\/site\/wp-json\/wp\/v2\/types\/product"}],"replies":[{"embeddable":true,"href":"https:\/\/bonomosistemas.com.ar\/site\/wp-json\/wp\/v2\/comments?post=1582"}],"wp:featuredmedia":[{"embeddable":true,"href":"https:\/\/bonomosistemas.com.ar\/site\/wp-json\/wp\/v2\/media\/1583"}],"wp:attachment":[{"href":"https:\/\/bonomosistemas.com.ar\/site\/wp-json\/wp\/v2\/media?parent=1582"}],"wp:term":[{"taxonomy":"product_brand","embeddable":true,"href":"https:\/\/bonomosistemas.com.ar\/site\/wp-json\/wp\/v2\/product_brand?post=1582"},{"taxonomy":"product_cat","embeddable":true,"href":"https:\/\/bonomosistemas.com.ar\/site\/wp-json\/wp\/v2\/product_cat?post=1582"},{"taxonomy":"product_tag","embeddable":true,"href":"https:\/\/bonomosistemas.com.ar\/site\/wp-json\/wp\/v2\/product_tag?post=1582"}],"curies":[{"name":"wp","href":"https:\/\/api.w.org\/{rel}","templated":true}]}}