{"id":1662,"date":"2022-10-14T21:20:53","date_gmt":"2022-10-15T00:20:53","guid":{"rendered":"https:\/\/bonomosistemas.com.ar\/site\/?post_type=product&#038;p=1662"},"modified":"2025-07-06T16:49:59","modified_gmt":"2025-07-06T19:49:59","slug":"fuente-gigabyte-p450b-450w-80plus-bronze","status":"publish","type":"product","link":"https:\/\/bonomosistemas.com.ar\/site\/producto\/fuente-gigabyte-p450b-450w-80plus-bronze\/","title":{"rendered":"Fuente Gigabyte P450B 450W 80Plus Bronze"},"content":{"rendered":"<ul>\n<li><strong>Modelo: <\/strong>P450B<\/li>\n<li><strong>PFC:<\/strong> Active PFC (&gt;0.9 typical)<\/li>\n<li><strong>Voltaje de entrada:<\/strong> 100-240 Vac (full range)<\/li>\n<li><strong>Corriente de entrada:<\/strong> 8-4 A<\/li>\n<li><strong>Frecuencia de Entrada:<\/strong> 60-50 Hz<\/li>\n<li><strong>Capacidad de salida:<\/strong> 450W<\/li>\n<li><strong>Dimensiones:<\/strong> 150 x 140 x 86 mm<\/li>\n<li><strong>Tipo de ventilador: <\/strong>120 mm Hydraulic Bearing (HYB) Fan<\/li>\n<li><strong>80 PLUS:<\/strong> Bronze<\/li>\n<li><strong>Eficacia: <\/strong>85% at typical load<\/li>\n<li><strong>MTBF:<\/strong> &gt;100,000 hours<\/li>\n<li><strong>Protecci\u00f3n:<\/strong> OVP\/OPP\/SCP\/UVP\/OCP\/OTP<\/li>\n<li><strong>Tipo de cable: <\/strong>Flat, All black<\/li>\n<li><strong>Conectores:<\/strong>\n<ul>\n<li>ATX\/MB 20+4 Pin x 1 : 550mm*1<\/li>\n<li>CPU\/EPS 4+4 Pin x 1 : 600mm*1<\/li>\n<li>PCI-e 6+2 Pin x 2 : 550mm+150mm*1<\/li>\n<li>SATA x 6 : 500mm+120mm+120mm*2<\/li>\n<li>4 Pin Peripheral x 3 + 4-Pin floppy x 1 : 500mm+120mm+120mm+120mm*1<\/li>\n<\/ul>\n<\/li>\n<\/ul>\n","protected":false},"excerpt":{"rendered":"<p>P450B proporciona la mejor soluci\u00f3n para los ensambles de PCs. El cable plano reduce el desorden y mejora el flujo de aire en el interior del gabinete.<\/p>\n<p>La certificaci\u00f3n 80 Plus Bronze garantiza una eficiencia del 85% al 50% de carga. La mejor eficiencia energ\u00e9tica conduce a menos desperdicio de energ\u00eda, menos calor y menos ruido del ventilador.<\/p>\n<p>El ventilador de cojinete hidr\u00e1ulico silencioso de 120 mm optimiza la reducci\u00f3n de ruido y el rendimiento t\u00e9rmico. La velocidad del ventilador se ajusta de acuerdo con la detecci\u00f3n autom\u00e1tica de potencia. El ventilador de cojinete hidr\u00e1ulico proporciona una vida \u00fatil m\u00e1s prolongada y estable.<\/p>\n<p>El riel \u00fanico de +12 V proporciona la mejor potencia de salida, estabilidad y compatibilidad para el hardware. Proporciona la forma m\u00e1s sencilla de instalar el cable de alimentaci\u00f3n. Y es el mejor dise\u00f1o para overclocking.<\/p>\n<p>Para asegurarnos de que todo el sistema inform\u00e1tico funcione de manera estable en cualquier condici\u00f3n, no solo agregamos dise\u00f1os de protecci\u00f3n como OCP, OTP, OVP, OPP, UVP y SCP, sino que tambi\u00e9n garantizamos el funcionamiento estable de tu sistema a trav\u00e9s de la certificaci\u00f3n de seguridad de varios pa\u00edses.<\/p>\n","protected":false},"featured_media":1663,"comment_status":"open","ping_status":"closed","template":"","meta":{"_et_pb_use_builder":"","_et_pb_old_content":"","_et_gb_content_width":""},"product_brand":[],"product_cat":[123],"product_tag":[162,160,163],"class_list":{"0":"post-1662","1":"product","2":"type-product","3":"status-publish","4":"has-post-thumbnail","6":"product_cat-fuentes-de-alimentacion","7":"product_tag-atx","8":"product_tag-fuentes","9":"product_tag-psu","11":"first","12":"instock","13":"shipping-taxable","14":"purchasable","15":"product-type-simple"},"_links":{"self":[{"href":"https:\/\/bonomosistemas.com.ar\/site\/wp-json\/wp\/v2\/product\/1662","targetHints":{"allow":["GET"]}}],"collection":[{"href":"https:\/\/bonomosistemas.com.ar\/site\/wp-json\/wp\/v2\/product"}],"about":[{"href":"https:\/\/bonomosistemas.com.ar\/site\/wp-json\/wp\/v2\/types\/product"}],"replies":[{"embeddable":true,"href":"https:\/\/bonomosistemas.com.ar\/site\/wp-json\/wp\/v2\/comments?post=1662"}],"wp:featuredmedia":[{"embeddable":true,"href":"https:\/\/bonomosistemas.com.ar\/site\/wp-json\/wp\/v2\/media\/1663"}],"wp:attachment":[{"href":"https:\/\/bonomosistemas.com.ar\/site\/wp-json\/wp\/v2\/media?parent=1662"}],"wp:term":[{"taxonomy":"product_brand","embeddable":true,"href":"https:\/\/bonomosistemas.com.ar\/site\/wp-json\/wp\/v2\/product_brand?post=1662"},{"taxonomy":"product_cat","embeddable":true,"href":"https:\/\/bonomosistemas.com.ar\/site\/wp-json\/wp\/v2\/product_cat?post=1662"},{"taxonomy":"product_tag","embeddable":true,"href":"https:\/\/bonomosistemas.com.ar\/site\/wp-json\/wp\/v2\/product_tag?post=1662"}],"curies":[{"name":"wp","href":"https:\/\/api.w.org\/{rel}","templated":true}]}}