{"id":1686,"date":"2022-10-18T17:57:10","date_gmt":"2022-10-18T20:57:10","guid":{"rendered":"https:\/\/bonomosistemas.com.ar\/site\/?post_type=product&#038;p=1686"},"modified":"2026-01-26T19:49:28","modified_gmt":"2026-01-26T22:49:28","slug":"switch-8-puertos-10-100mbps-tp-link-tl-sf1008d","status":"publish","type":"product","link":"https:\/\/bonomosistemas.com.ar\/site\/producto\/switch-8-puertos-10-100mbps-tp-link-tl-sf1008d\/","title":{"rendered":"Switch 8 Puertos 10\/100Mbps TP-Link TL-SF1008D"},"content":{"rendered":"<ul>\n<li><strong>CARACTER\u00cdSTICAS DE HARDWARE<\/strong>\n<ul>\n<li><strong>Est\u00e1ndares y Protocolos:<\/strong> IEEE 802.3, IEEE 802.3u, IEEE 802.3x, CSMA\/CD<\/li>\n<li><strong>Interfaz:<\/strong> 8 Puertos 10\/100Mbps, negociaci\u00f3n autom\u00e1tica, Auto-MDI\/MDIX<\/li>\n<li><strong>Cantidad de Ventiladores:<\/strong> Sin ventilador<\/li>\n<li><strong>Fuente de Alimentaci\u00f3n:<\/strong> Adaptador de corriente externo (salida: 5.0VDC\/0.6A)<\/li>\n<li><b>Fuente de Alimentaci\u00f3n Externa:<\/b> 100-240VAC, 50\/60Hz<\/li>\n<li><strong>Tama\u00f1o del B\u00fafer:<\/strong> 2Mb<\/li>\n<li><strong>Tasa de Transferencia de Datos:<\/strong>\n<ul>\n<li>10\/100Mbps en Half Duplex<\/li>\n<li>20\/200Mbps en Full Duplex<\/li>\n<\/ul>\n<\/li>\n<li><strong>Indicador de LED:<\/strong> Potencia, 1, 2, 3, 4, 5, 6, 7, 8<\/li>\n<li><strong>Dimensiones(An x Pr x Al):<\/strong> 134.5 x 79 x 22.5 mm (5.3 x 3.1 x 0.9 pulgadas)<\/li>\n<li><b>Consumo M\u00e1ximo de Energ\u00eda:<\/b> 2.05 W(220V\/50Hz)<\/li>\n<li><strong>Disipaci\u00f3n m\u00e1xima de calor:<\/strong> 6.99 BTU\/h<\/li>\n<\/ul>\n<\/li>\n<li><strong>CARACTER\u00cdSTICAS DE SOFTWARE<\/strong>\n<ul>\n<li><strong>Caracter\u00edsticas Avanzadas: <\/strong>\n<ul>\n<li>Tecnolog\u00eda ecol\u00f3gica, ahorro de energ\u00eda hasta un 60%<\/li>\n<li>802.3X control de flujo<\/li>\n<\/ul>\n<\/li>\n<li><strong>M\u00e9todo de Transferencia:<\/strong> Almacenamiento y env\u00edo<\/li>\n<\/ul>\n<\/li>\n<\/ul>\n","protected":false},"excerpt":{"rendered":"<div class=\"box title\">\n<div class=\"box title\">\n<p><strong>Switch de sobremesa con 8 puertos a 10\/100 Mbps<\/strong><\/p>\n<\/div>\n<div class=\"box highlights\">\n<ul>\n<li>8 puertos RJ45 de auto-negociaci\u00f3n de10\/100Mbps, soporta auto MDI\/MDIX<\/li>\n<li>La tecnolog\u00eda Green Ethernet ahora energ\u00eda hasta del 60%<\/li>\n<li>El control de flujo de IEEE 802.3x proporciona una transferencia de datos confiable<\/li>\n<li>Cubierta de pl\u00e1stico, dise\u00f1o de escritorio<\/li>\n<li>Plug and play (conecte y use), no se requiere configuraci\u00f3n<\/li>\n<\/ul>\n<\/div>\n<\/div>\n","protected":false},"featured_media":1687,"comment_status":"closed","ping_status":"closed","template":"","meta":{"_et_pb_use_builder":"","_et_pb_old_content":"","_et_gb_content_width":""},"product_brand":[],"product_cat":[49],"product_tag":[271,272,241,270,182],"class_list":{"0":"post-1686","1":"product","2":"type-product","3":"status-publish","4":"has-post-thumbnail","6":"product_cat-switches","7":"product_tag-network","8":"product_tag-networking","9":"product_tag-redes","10":"product_tag-switch","11":"product_tag-tp-link","13":"first","14":"instock","15":"shipping-taxable","16":"purchasable","17":"product-type-simple"},"_links":{"self":[{"href":"https:\/\/bonomosistemas.com.ar\/site\/wp-json\/wp\/v2\/product\/1686","targetHints":{"allow":["GET"]}}],"collection":[{"href":"https:\/\/bonomosistemas.com.ar\/site\/wp-json\/wp\/v2\/product"}],"about":[{"href":"https:\/\/bonomosistemas.com.ar\/site\/wp-json\/wp\/v2\/types\/product"}],"replies":[{"embeddable":true,"href":"https:\/\/bonomosistemas.com.ar\/site\/wp-json\/wp\/v2\/comments?post=1686"}],"wp:featuredmedia":[{"embeddable":true,"href":"https:\/\/bonomosistemas.com.ar\/site\/wp-json\/wp\/v2\/media\/1687"}],"wp:attachment":[{"href":"https:\/\/bonomosistemas.com.ar\/site\/wp-json\/wp\/v2\/media?parent=1686"}],"wp:term":[{"taxonomy":"product_brand","embeddable":true,"href":"https:\/\/bonomosistemas.com.ar\/site\/wp-json\/wp\/v2\/product_brand?post=1686"},{"taxonomy":"product_cat","embeddable":true,"href":"https:\/\/bonomosistemas.com.ar\/site\/wp-json\/wp\/v2\/product_cat?post=1686"},{"taxonomy":"product_tag","embeddable":true,"href":"https:\/\/bonomosistemas.com.ar\/site\/wp-json\/wp\/v2\/product_tag?post=1686"}],"curies":[{"name":"wp","href":"https:\/\/api.w.org\/{rel}","templated":true}]}}