{"id":1694,"date":"2022-10-23T15:25:08","date_gmt":"2022-10-23T18:25:08","guid":{"rendered":"https:\/\/bonomosistemas.com.ar\/site\/?post_type=product&#038;p=1694"},"modified":"2026-03-06T14:20:12","modified_gmt":"2026-03-06T17:20:12","slug":"parlantes-genius-gx-sp-906bt-plus-dorado","status":"publish","type":"product","link":"https:\/\/bonomosistemas.com.ar\/site\/producto\/parlantes-genius-gx-sp-906bt-plus-dorado\/","title":{"rendered":"Parlantes Genius GX SP-906BT Plus (Dorado)"},"content":{"rendered":"<ul>\n<li><strong>ESPECIFICACIONES<\/strong>\n<ul>\n<li><strong>M\u00f3dulo Bluetooth 4.1<\/strong><\/li>\n<li><strong>Unidad de potencia 40 mm<\/strong><\/li>\n<li><strong>Potencia de salida:<\/strong> 3 W<\/li>\n<li><strong>Frecuencia:<\/strong> 100 HZ \u2013 20 K Hz<\/li>\n<li><strong>Sensibilidad:<\/strong> 70dB<\/li>\n<li><strong>Distancia de funcionamiento inal\u00e1mbrico:<\/strong> 10m<\/li>\n<li><strong>Tipo de bater\u00eda:<\/strong> Bater\u00eda recargable de iones de litio incorporada, 780 mAh<\/li>\n<li><strong>Interfaz de bater\u00eda en carga:<\/strong> Micro USB<\/li>\n<li><strong>Duraci\u00f3n de la bater\u00eda:<\/strong> 3,5 horas (carga), 10 horas (tiempo de reproducci\u00f3n con un nivel de volumen de 60 %)<\/li>\n<li><strong>Con Micr\u00f3fono:<\/strong> S\u00cd<\/li>\n<li><strong>Entrada auxiliar:<\/strong> Conector de 3,5 mm<\/li>\n<li><strong>Peso Aprox.:<\/strong> 185 g<\/li>\n<li><strong>Dimensiones (A x A x P):<\/strong> 83 x 91,5 x 46,75 mm (3,27 x 3,60 x 1,84 pulgadas)<\/li>\n<\/ul>\n<\/li>\n<\/ul>\n","protected":false},"excerpt":{"rendered":"<p>El dise\u00f1o mejorado aumenta el volumen con efecto de bajos profundos. El SP-906BT Plus pesa tan s\u00f3lo 185g, tiene un espesor de 4,6 cm y un di\u00e1metro de 8 cm.<br \/>\nEs m\u00e1s peque\u00f1o que una pelota de b\u00e9isbol y se adapta perfectamente a su estilo de vida activo.<\/p>\n<p><strong>Mejor y mejor<\/strong><br \/>\nDise\u00f1ado por ingenieros ac\u00fasticos profesionales, el SP-906BT Plus ofrece un sonido de mejor calidad. No habr\u00e1 ning\u00fan quiebre de sonido en tonos altos y los tonos bajos conservan su claridad. El sonido envolvente lo har\u00e1 sentir como que realmente est\u00e1 all\u00ed.<\/p>\n<p><strong>Hiper bajos, M\u00e1s potente que nunca<\/strong><br \/>\nAmplificador incorporado, el SP-906BT Plus produce un sonido de altos decibelios que lo conmover\u00e1.<\/p>\n<p><strong>10 horas de M\u00fasica<\/strong><br \/>\nLa bater\u00eda del SP-906BT Plus dura tanto que podr\u00e1 reproducir m\u00e1s de 200 canciones de forma continua.<\/p>\n<p><strong>M\u00e1s opciones para escuchar<\/strong><br \/>\nCon una entrada de 3.5mm, dispone de otras opciones para escuchar m\u00fasica adem\u00e1s de la conexi\u00f3n Bluetooth.<\/p>\n<p><strong>Gancho Carabiner<\/strong><br \/>\nFabricado en material s\u00f3lido, el gancho es duradero y resistente al \u00f3xido, Con dise\u00f1o engancha-y-anda, el SP-906BT Plus le permitir\u00e1 un uso flexible y diverso.<\/p>\n<p><strong>4.1<\/strong><br \/>\nCon tecnolog\u00eda Bluetooth 4.1, el SP-906BT Plus puede emparejarse con otros dispositivos inteligentes mucho m\u00e1s r\u00e1pido y a mayores distancias (la distancia operativa inal\u00e1mbrica est\u00e1ndar es de 10 metros).<\/p>\n<p><strong>Compatibilidad total<\/strong><br \/>\nCompatible con todos los productos con tecnolog\u00eda Bluetooth, el SP-906BT Plus le ofrece una experiencia de sonido m\u00e1s conveniente.<\/p>\n<p><strong>Micr\u00f3fono incorporado<\/strong><br \/>\nEl micr\u00f3fono de alta definici\u00f3n le permite disfrutar de llamadas claras en modo manos libres. Presionando una vez el bot\u00f3n, podr\u00e1 atender, colgar y devolver la llamada.<\/p>\n","protected":false},"featured_media":1697,"comment_status":"open","ping_status":"closed","template":"","meta":{"_et_pb_use_builder":"","_et_pb_old_content":"","_et_gb_content_width":""},"product_brand":[],"product_cat":[83],"product_tag":[136,225],"class_list":{"0":"post-1694","1":"product","2":"type-product","3":"status-publish","4":"has-post-thumbnail","6":"product_cat-parlantes","7":"product_tag-genius","8":"product_tag-parlantes","10":"first","11":"instock","12":"sale","13":"shipping-taxable","14":"purchasable","15":"product-type-simple"},"_links":{"self":[{"href":"https:\/\/bonomosistemas.com.ar\/site\/wp-json\/wp\/v2\/product\/1694","targetHints":{"allow":["GET"]}}],"collection":[{"href":"https:\/\/bonomosistemas.com.ar\/site\/wp-json\/wp\/v2\/product"}],"about":[{"href":"https:\/\/bonomosistemas.com.ar\/site\/wp-json\/wp\/v2\/types\/product"}],"replies":[{"embeddable":true,"href":"https:\/\/bonomosistemas.com.ar\/site\/wp-json\/wp\/v2\/comments?post=1694"}],"wp:featuredmedia":[{"embeddable":true,"href":"https:\/\/bonomosistemas.com.ar\/site\/wp-json\/wp\/v2\/media\/1697"}],"wp:attachment":[{"href":"https:\/\/bonomosistemas.com.ar\/site\/wp-json\/wp\/v2\/media?parent=1694"}],"wp:term":[{"taxonomy":"product_brand","embeddable":true,"href":"https:\/\/bonomosistemas.com.ar\/site\/wp-json\/wp\/v2\/product_brand?post=1694"},{"taxonomy":"product_cat","embeddable":true,"href":"https:\/\/bonomosistemas.com.ar\/site\/wp-json\/wp\/v2\/product_cat?post=1694"},{"taxonomy":"product_tag","embeddable":true,"href":"https:\/\/bonomosistemas.com.ar\/site\/wp-json\/wp\/v2\/product_tag?post=1694"}],"curies":[{"name":"wp","href":"https:\/\/api.w.org\/{rel}","templated":true}]}}