{"id":1707,"date":"2022-10-23T18:49:20","date_gmt":"2022-10-23T18:49:20","guid":{"rendered":"https:\/\/bonomosistemas.com.ar\/site\/?post_type=product&#038;p=1707"},"modified":"2026-01-26T20:14:21","modified_gmt":"2026-01-26T23:14:21","slug":"extensor-hdmi-via-utp-nisuta-ns-he502","status":"publish","type":"product","link":"https:\/\/bonomosistemas.com.ar\/site\/producto\/extensor-hdmi-via-utp-nisuta-ns-he502\/","title":{"rendered":"Extensor HDMI via UTP Nisuta NS-HE502"},"content":{"rendered":"<p>\u2022 Sin comprimir y cero latencia<br \/>\n\u2022 Enchufe y utilice, no requiere instalaci\u00f3n<br \/>\n\u2022 La resoluci\u00f3n soportada es de hasta\u00a01080p@60Hz.<br \/>\n\u2022 La distancia de transmisi\u00f3n es hasta 50 metros mediante cable Cat6.<br \/>\n\u2022 Con auto ajuste seg\u00fan la longitud del cable UTP 20-50m (si el cable es m\u00e1s corto que 20m, algunas TV podr\u00edan no mostrar una imagen normal)<br \/>\n\u2022 Incluye funci\u00f3n EDID pass back para conseguir una mayor compatibilidad.<br \/>\n\u2022 Incluye una unidad transmisora (TX) y una receptora (RX), que funcionan como un par.<br \/>\n\u2022 Soporta IR passback para controlar remotamente el dispositivo desde el receptor f\u00e1cilmente.<br \/>\n\u2022 Incluye led indicadora de se\u00f1al HDMI<br \/>\n\u2022 Incluye bot\u00f3n de reset<br \/>\n\u2022 Incluye 2 fuentes de alimentaci\u00f3n 5VDC 1A<\/p>\n","protected":false},"excerpt":{"rendered":"<p>\u2022 Sin comprimir y cero latencia \u2022 Enchufe y utilice, no requiere instalaci\u00f3n \u2022 La resoluci\u00f3n soportada es de hasta\u00a01080p@60Hz. \u2022 La distancia de transmisi\u00f3n es hasta 50 metros mediante cable Cat6. \u2022 Con auto ajuste seg\u00fan la longitud del cable UTP 20-50m (si el cable es m\u00e1s corto que 20m, algunas TV podr\u00edan no [&hellip;]<\/p>\n","protected":false},"featured_media":1708,"comment_status":"closed","ping_status":"closed","template":"","meta":{"_et_pb_use_builder":"","_et_pb_old_content":"","_et_gb_content_width":""},"product_brand":[],"product_cat":[61],"product_tag":[186,278,192,279],"class_list":{"0":"post-1707","1":"product","2":"type-product","3":"status-publish","4":"has-post-thumbnail","6":"product_cat-accesorios","7":"product_tag-extensor","8":"product_tag-hdmi","9":"product_tag-nisuta","10":"product_tag-utp","12":"first","13":"instock","14":"shipping-taxable","15":"purchasable","16":"product-type-simple"},"_links":{"self":[{"href":"https:\/\/bonomosistemas.com.ar\/site\/wp-json\/wp\/v2\/product\/1707","targetHints":{"allow":["GET"]}}],"collection":[{"href":"https:\/\/bonomosistemas.com.ar\/site\/wp-json\/wp\/v2\/product"}],"about":[{"href":"https:\/\/bonomosistemas.com.ar\/site\/wp-json\/wp\/v2\/types\/product"}],"replies":[{"embeddable":true,"href":"https:\/\/bonomosistemas.com.ar\/site\/wp-json\/wp\/v2\/comments?post=1707"}],"wp:featuredmedia":[{"embeddable":true,"href":"https:\/\/bonomosistemas.com.ar\/site\/wp-json\/wp\/v2\/media\/1708"}],"wp:attachment":[{"href":"https:\/\/bonomosistemas.com.ar\/site\/wp-json\/wp\/v2\/media?parent=1707"}],"wp:term":[{"taxonomy":"product_brand","embeddable":true,"href":"https:\/\/bonomosistemas.com.ar\/site\/wp-json\/wp\/v2\/product_brand?post=1707"},{"taxonomy":"product_cat","embeddable":true,"href":"https:\/\/bonomosistemas.com.ar\/site\/wp-json\/wp\/v2\/product_cat?post=1707"},{"taxonomy":"product_tag","embeddable":true,"href":"https:\/\/bonomosistemas.com.ar\/site\/wp-json\/wp\/v2\/product_tag?post=1707"}],"curies":[{"name":"wp","href":"https:\/\/api.w.org\/{rel}","templated":true}]}}