{"id":1748,"date":"2022-12-12T22:55:49","date_gmt":"2022-12-13T01:55:49","guid":{"rendered":"https:\/\/bonomosistemas.com.ar\/site\/?post_type=product&#038;p=1748"},"modified":"2026-02-28T22:14:49","modified_gmt":"2026-03-01T01:14:49","slug":"memoria-kingston-fury-beast-16gb-ddr5-5600mhz","status":"publish","type":"product","link":"https:\/\/bonomosistemas.com.ar\/site\/producto\/memoria-kingston-fury-beast-16gb-ddr5-5600mhz\/","title":{"rendered":"Memoria Kingston Fury Beast 16GB DDR5 5600Mhz"},"content":{"rendered":"<ul>\n<li class=\"mb-0\"><b>Marca: <\/b>Kingston<\/li>\n<li class=\"mb-0\"><b>Modelo: <\/b>KF556C40BB-16<\/li>\n<li class=\"mb-0\"><b>L\u00ednea: <\/b>Fury Beast<\/li>\n<li class=\"mb-0\"><b>Tipo: <\/b>DDR5<\/li>\n<li class=\"mb-0\"><b>Latencia: <\/b>40<\/li>\n<li class=\"mb-0\"><b>Voltaje: <\/b>1.1V<\/li>\n<li class=\"mb-0\"><b>Capacidad: <\/b>16 GB<\/li>\n<li class=\"mb-0\"><b>Velocidad: <\/b>5600 MHz<\/li>\n<li class=\"mb-0\"><b>Aplicaci\u00f3n: <\/b>PC<\/li>\n<li class=\"mb-0\"><b>Disipador: <\/b>Si<\/li>\n<li class=\"mb-0\"><b>Iluminaci\u00f3n: <\/b>No<\/li>\n<\/ul>\n","protected":false},"excerpt":{"rendered":"<p>Marca: Kingston Modelo: KF556C40BB-16 L\u00ednea: Fury Beast Tipo: DDR5 Latencia: 40 Voltaje: 1.1V Capacidad: 16 GB Velocidad: 5600 MHz Aplicaci\u00f3n: PC Disipador: Si Iluminaci\u00f3n: No<\/p>\n","protected":false},"featured_media":1749,"comment_status":"open","ping_status":"closed","template":"","meta":{"_et_pb_use_builder":"","_et_pb_old_content":"","_et_gb_content_width":""},"product_brand":[],"product_cat":[62],"product_tag":[287,120,124,125],"class_list":{"0":"post-1748","1":"product","2":"type-product","3":"status-publish","4":"has-post-thumbnail","6":"product_cat-memorias-ram","7":"product_tag-ddr5","8":"product_tag-kingston","9":"product_tag-memoria","10":"product_tag-ram","12":"first","13":"instock","14":"shipping-taxable","15":"purchasable","16":"product-type-simple"},"_links":{"self":[{"href":"https:\/\/bonomosistemas.com.ar\/site\/wp-json\/wp\/v2\/product\/1748","targetHints":{"allow":["GET"]}}],"collection":[{"href":"https:\/\/bonomosistemas.com.ar\/site\/wp-json\/wp\/v2\/product"}],"about":[{"href":"https:\/\/bonomosistemas.com.ar\/site\/wp-json\/wp\/v2\/types\/product"}],"replies":[{"embeddable":true,"href":"https:\/\/bonomosistemas.com.ar\/site\/wp-json\/wp\/v2\/comments?post=1748"}],"wp:featuredmedia":[{"embeddable":true,"href":"https:\/\/bonomosistemas.com.ar\/site\/wp-json\/wp\/v2\/media\/1749"}],"wp:attachment":[{"href":"https:\/\/bonomosistemas.com.ar\/site\/wp-json\/wp\/v2\/media?parent=1748"}],"wp:term":[{"taxonomy":"product_brand","embeddable":true,"href":"https:\/\/bonomosistemas.com.ar\/site\/wp-json\/wp\/v2\/product_brand?post=1748"},{"taxonomy":"product_cat","embeddable":true,"href":"https:\/\/bonomosistemas.com.ar\/site\/wp-json\/wp\/v2\/product_cat?post=1748"},{"taxonomy":"product_tag","embeddable":true,"href":"https:\/\/bonomosistemas.com.ar\/site\/wp-json\/wp\/v2\/product_tag?post=1748"}],"curies":[{"name":"wp","href":"https:\/\/api.w.org\/{rel}","templated":true}]}}