{"id":2013,"date":"2023-05-23T18:38:42","date_gmt":"2023-05-23T21:38:42","guid":{"rendered":"https:\/\/bonomosistemas.com.ar\/site\/?post_type=product&#038;p=2013"},"modified":"2026-01-26T19:57:26","modified_gmt":"2026-01-26T22:57:26","slug":"ups-lyonn-desire-500v","status":"publish","type":"product","link":"https:\/\/bonomosistemas.com.ar\/site\/producto\/ups-lyonn-desire-500v\/","title":{"rendered":"UPS Lyonn Desire 500V"},"content":{"rendered":"<ul>\n<li><strong>Rango de Potencia:<\/strong> 500VA<\/li>\n<li><strong>Entrada:<\/strong>\n<ul>\n<li><b>Tensi\u00f3n:<\/b> 220\/230\/240 VAC<\/li>\n<li><b>Rango de Tensi\u00f3n:<\/b> 162 &#8211; 290 VAC<\/li>\n<li><b>Frecuencia:<\/b> 50Hz +\/- 10%<\/li>\n<\/ul>\n<\/li>\n<li><strong>Salida:<\/strong>\n<ul>\n<li><b>Tensi\u00f3n:<\/b> 220Vca<\/li>\n<li><b>Regulaci\u00f3n de Tensi\u00f3n:<\/b> +\/- 10%<\/li>\n<li><strong>Frecuencia:<\/strong> 50Hz<\/li>\n<li><strong>Tiempo de Transferencia:<\/strong> Menor que 2-6 miliseg. 10ms max<\/li>\n<\/ul>\n<\/li>\n<li><strong>Ambientales:<\/strong>\n<ul>\n<li><b>T\u00b0 de operaci\u00f3n:<\/b> 0 &#8211; 40\u00b0C<\/li>\n<li><strong>Ruido Audible:<\/strong> Menos de 40dB (a 1 metro)<\/li>\n<\/ul>\n<\/li>\n<li><b>Caracter\u00edsticas\u00a0f\u00edsicas:<\/b>\n<ul>\n<li><strong>Peso:<\/strong> 3.55 Kgs<\/li>\n<\/ul>\n<\/li>\n<li><strong>Interfaz:<\/strong>\n<ul>\n<li>USB<\/li>\n<\/ul>\n<\/li>\n<\/ul>\n","protected":false},"excerpt":{"rendered":"<p>Esta UPS ha sido dise\u00f1ada para brindar protecci\u00f3n de energ\u00eda de buena calidad a estaciones de trabajo comerciales y computadoras personales. Su capacidad de regulaci\u00f3n autom\u00e1tica de tensi\u00f3n (AVR) corrige en forma autom\u00e1tica las condiciones de baja tensi\u00f3n y sobretensi\u00f3n m\u00e1s graves sin utilizar la bater\u00eda y as\u00ed preserva la energ\u00eda de la bater\u00eda para momentos en los que sea realmente necesaria. Los dispositivos de protecci\u00f3n para l\u00edneas de datos de red, fax o m\u00f3dem evitan que las posibles sobretensiones en las l\u00edneas telef\u00f3nicas o de red entren en su computadora y da\u00f1en el m\u00f3dem o la placa de red.<\/p>\n<p>Estas caracter\u00edsticas sumadas a un tiempo r\u00e1pido de recarga, pruebas de autodiagn\u00f3stico bisemanales, compatibilidad con nuestro software Viewpower y por sobre todo una gran relaci\u00f3n costo-beneficio, hacen que este producto sea la mejor opci\u00f3n para proteger estaciones de trabajo y otras computadoras de uso comercial.<\/p>\n","protected":false},"featured_media":1568,"comment_status":"open","ping_status":"closed","template":"","meta":{"_et_pb_use_builder":"","_et_pb_old_content":"","_et_gb_content_width":""},"product_brand":[],"product_cat":[37],"product_tag":[249,248],"class_list":{"0":"post-2013","1":"product","2":"type-product","3":"status-publish","4":"has-post-thumbnail","6":"product_cat-estabilizadores-ups","7":"product_tag-lyonn","8":"product_tag-ups","10":"first","11":"instock","12":"shipping-taxable","13":"purchasable","14":"product-type-simple"},"_links":{"self":[{"href":"https:\/\/bonomosistemas.com.ar\/site\/wp-json\/wp\/v2\/product\/2013","targetHints":{"allow":["GET"]}}],"collection":[{"href":"https:\/\/bonomosistemas.com.ar\/site\/wp-json\/wp\/v2\/product"}],"about":[{"href":"https:\/\/bonomosistemas.com.ar\/site\/wp-json\/wp\/v2\/types\/product"}],"replies":[{"embeddable":true,"href":"https:\/\/bonomosistemas.com.ar\/site\/wp-json\/wp\/v2\/comments?post=2013"}],"wp:featuredmedia":[{"embeddable":true,"href":"https:\/\/bonomosistemas.com.ar\/site\/wp-json\/wp\/v2\/media\/1568"}],"wp:attachment":[{"href":"https:\/\/bonomosistemas.com.ar\/site\/wp-json\/wp\/v2\/media?parent=2013"}],"wp:term":[{"taxonomy":"product_brand","embeddable":true,"href":"https:\/\/bonomosistemas.com.ar\/site\/wp-json\/wp\/v2\/product_brand?post=2013"},{"taxonomy":"product_cat","embeddable":true,"href":"https:\/\/bonomosistemas.com.ar\/site\/wp-json\/wp\/v2\/product_cat?post=2013"},{"taxonomy":"product_tag","embeddable":true,"href":"https:\/\/bonomosistemas.com.ar\/site\/wp-json\/wp\/v2\/product_tag?post=2013"}],"curies":[{"name":"wp","href":"https:\/\/api.w.org\/{rel}","templated":true}]}}