{"id":2033,"date":"2023-05-25T14:31:07","date_gmt":"2023-05-25T17:31:07","guid":{"rendered":"https:\/\/bonomosistemas.com.ar\/site\/?post_type=product&#038;p=2033"},"modified":"2026-04-04T20:52:53","modified_gmt":"2026-04-04T23:52:53","slug":"memoria-kingston-16gb-ddr4-2666mhz","status":"publish","type":"product","link":"https:\/\/bonomosistemas.com.ar\/site\/producto\/memoria-kingston-16gb-ddr4-2666mhz\/","title":{"rendered":"Memoria Kingston 16GB DDR4 3200Mhz"},"content":{"rendered":"<ul>\n<li class=\"mb-0\"><b>Marca: <\/b>Kingston<\/li>\n<li class=\"mb-0\"><b>Modelo: <\/b>KVR32N22D8\/16<\/li>\n<li class=\"mb-0\"><b>L\u00ednea: <\/b>ValueRam<\/li>\n<li class=\"mb-0\"><b>Tipo: <\/b>DDR4<\/li>\n<li class=\"mb-0\"><b>Latencia: <\/b>22<\/li>\n<li class=\"mb-0\"><b>Voltaje: <\/b>1.2V<\/li>\n<li class=\"mb-0\"><b>Capacidad: <\/b>16 GB<\/li>\n<li class=\"mb-0\"><b>Velocidad: <\/b>3200 MHz<\/li>\n<li class=\"mb-0\"><b>Aplicaci\u00f3n: <\/b>PC<\/li>\n<li class=\"mb-0\"><b>Disipador: <\/b>No<\/li>\n<li class=\"mb-0\"><b>Iluminaci\u00f3n: <\/b>No<\/li>\n<\/ul>\n","protected":false},"excerpt":{"rendered":"<p>Marca: Kingston Modelo: KVR32N22D8\/16 L\u00ednea: ValueRam Tipo: DDR4 Latencia: 22 Voltaje: 1.2V Capacidad: 16 GB Velocidad: 3200 MHz Aplicaci\u00f3n: PC Disipador: No Iluminaci\u00f3n: No<\/p>\n","protected":false},"featured_media":2034,"comment_status":"open","ping_status":"closed","template":"","meta":{"_et_pb_use_builder":"","_et_pb_old_content":"","_et_gb_content_width":""},"product_brand":[],"product_cat":[62],"product_tag":[126,120,124,125],"class_list":{"0":"post-2033","1":"product","2":"type-product","3":"status-publish","4":"has-post-thumbnail","6":"product_cat-memorias-ram","7":"product_tag-ddr4","8":"product_tag-kingston","9":"product_tag-memoria","10":"product_tag-ram","12":"first","13":"instock","14":"shipping-taxable","15":"purchasable","16":"product-type-simple"},"_links":{"self":[{"href":"https:\/\/bonomosistemas.com.ar\/site\/wp-json\/wp\/v2\/product\/2033","targetHints":{"allow":["GET"]}}],"collection":[{"href":"https:\/\/bonomosistemas.com.ar\/site\/wp-json\/wp\/v2\/product"}],"about":[{"href":"https:\/\/bonomosistemas.com.ar\/site\/wp-json\/wp\/v2\/types\/product"}],"replies":[{"embeddable":true,"href":"https:\/\/bonomosistemas.com.ar\/site\/wp-json\/wp\/v2\/comments?post=2033"}],"wp:featuredmedia":[{"embeddable":true,"href":"https:\/\/bonomosistemas.com.ar\/site\/wp-json\/wp\/v2\/media\/2034"}],"wp:attachment":[{"href":"https:\/\/bonomosistemas.com.ar\/site\/wp-json\/wp\/v2\/media?parent=2033"}],"wp:term":[{"taxonomy":"product_brand","embeddable":true,"href":"https:\/\/bonomosistemas.com.ar\/site\/wp-json\/wp\/v2\/product_brand?post=2033"},{"taxonomy":"product_cat","embeddable":true,"href":"https:\/\/bonomosistemas.com.ar\/site\/wp-json\/wp\/v2\/product_cat?post=2033"},{"taxonomy":"product_tag","embeddable":true,"href":"https:\/\/bonomosistemas.com.ar\/site\/wp-json\/wp\/v2\/product_tag?post=2033"}],"curies":[{"name":"wp","href":"https:\/\/api.w.org\/{rel}","templated":true}]}}