{"id":2351,"date":"2023-06-10T14:47:14","date_gmt":"2023-06-10T17:47:14","guid":{"rendered":"https:\/\/bonomosistemas.com.ar\/site\/?post_type=product&#038;p=2351"},"modified":"2026-01-26T19:24:26","modified_gmt":"2026-01-26T22:24:26","slug":"memoria-sd-kingston-canvas-select-32gb","status":"publish","type":"product","link":"https:\/\/bonomosistemas.com.ar\/site\/producto\/memoria-sd-kingston-canvas-select-32gb\/","title":{"rendered":"Memoria SD Kingston Canvas Select 32GB"},"content":{"rendered":"<ul>\n<li>Modelo: SDCS\/32GB<\/li>\n<li>Capacidad: 32GB<\/li>\n<li>Performance: 80 MB\/s en lectura y 10 MB\/s en escritura, UHS-I Clase de velocidad 1 (U1)<\/li>\n<li>Dimensiones microSD: 11 mm x 15 mm x 1 mm<\/li>\n<li>Dimensiones adaptador SD: 24 mm x 32 mm x 2,1 mm<\/li>\n<\/ul>\n","protected":false},"excerpt":{"rendered":"<p>La tarjeta microSD Canvas Select&#x2122; de Kingston ha sido dise\u00f1ada para ser fiable, lo cual la hace ideal para filmar y tomar fotos en alta definici\u00f3n. Tendr\u00e1 la seguridad de que sus recuerdos estar\u00e1n a salvo cuando documente las aventuras de su vida con su tel\u00e9fono inteligente Android&#x2122; o su c\u00e1mara. Las tarjetas Canvas de Kingston son sometidas a exhaustivas pruebas para ser duraderas, para que pueda llevarlas a cualquier lado con la confianza de que sus fotos, v\u00eddeos y dem\u00e1s datos estar\u00e1n protegidos, incluso en las condiciones m\u00e1s desfavorables o inestables.<\/p>\n","protected":false},"featured_media":2352,"comment_status":"closed","ping_status":"closed","template":"","meta":{"_et_pb_use_builder":"","_et_pb_old_content":"","_et_gb_content_width":""},"product_brand":[],"product_cat":[41],"product_tag":[120,317,235,233],"class_list":{"0":"post-2351","1":"product","2":"type-product","3":"status-publish","4":"has-post-thumbnail","6":"product_cat-memorias-sd","7":"product_tag-kingston","8":"product_tag-memoria-sd","9":"product_tag-micro-sd","10":"product_tag-sd","12":"first","13":"instock","14":"shipping-taxable","15":"purchasable","16":"product-type-simple"},"_links":{"self":[{"href":"https:\/\/bonomosistemas.com.ar\/site\/wp-json\/wp\/v2\/product\/2351","targetHints":{"allow":["GET"]}}],"collection":[{"href":"https:\/\/bonomosistemas.com.ar\/site\/wp-json\/wp\/v2\/product"}],"about":[{"href":"https:\/\/bonomosistemas.com.ar\/site\/wp-json\/wp\/v2\/types\/product"}],"replies":[{"embeddable":true,"href":"https:\/\/bonomosistemas.com.ar\/site\/wp-json\/wp\/v2\/comments?post=2351"}],"wp:featuredmedia":[{"embeddable":true,"href":"https:\/\/bonomosistemas.com.ar\/site\/wp-json\/wp\/v2\/media\/2352"}],"wp:attachment":[{"href":"https:\/\/bonomosistemas.com.ar\/site\/wp-json\/wp\/v2\/media?parent=2351"}],"wp:term":[{"taxonomy":"product_brand","embeddable":true,"href":"https:\/\/bonomosistemas.com.ar\/site\/wp-json\/wp\/v2\/product_brand?post=2351"},{"taxonomy":"product_cat","embeddable":true,"href":"https:\/\/bonomosistemas.com.ar\/site\/wp-json\/wp\/v2\/product_cat?post=2351"},{"taxonomy":"product_tag","embeddable":true,"href":"https:\/\/bonomosistemas.com.ar\/site\/wp-json\/wp\/v2\/product_tag?post=2351"}],"curies":[{"name":"wp","href":"https:\/\/api.w.org\/{rel}","templated":true}]}}