{"id":2560,"date":"2023-07-02T14:39:21","date_gmt":"2023-07-02T17:39:21","guid":{"rendered":"https:\/\/bonomosistemas.com.ar\/site\/?post_type=product&#038;p=2560"},"modified":"2026-02-28T21:48:33","modified_gmt":"2026-03-01T00:48:33","slug":"auriculares-klipxtreme-twin-touch-azul","status":"publish","type":"product","link":"https:\/\/bonomosistemas.com.ar\/site\/producto\/auriculares-klipxtreme-twin-touch-azul\/","title":{"rendered":"Auriculares KlipXtreme Twin Touch (Azul)"},"content":{"rendered":"<p><strong>DISPOSITIVO:<\/strong><\/p>\n<ul>\n<li><strong>Tipo:\u00a0<\/strong>Aud\u00edfonos TWS<\/li>\n<li><strong>Factor de forma:\u00a0<\/strong>Intraaural<\/li>\n<\/ul>\n<p><strong>CARACTERISTICAS ESPECIALES:<\/strong><\/p>\n<ul>\n<li><strong>Clasificaci\u00f3n IP:\u00a0<\/strong>IPX4 resistentes al agua<\/li>\n<li><strong>Bot\u00f3n t\u00e1ctil:\u00a0<\/strong>S\u00ed, toque inteligente<\/li>\n<li><strong>Asistente de voz:\u00a0<\/strong>Compatible con Google Assistant y el asistente de voz Siri<\/li>\n<li><strong>Indicador LED de bater\u00eda en el estuche\u00a0de carga:\u00a0<\/strong>S\u00ed<\/li>\n<\/ul>\n<p><strong>PARLANTE:<\/strong><\/p>\n<ul>\n<li><strong>M\u00e1xima potencia de salida RMS:\u00a0<\/strong>3mWx2<\/li>\n<li><strong>Frecuencia:\u00a0<\/strong>20Hz-20kHz<\/li>\n<li><strong>Impedancia:\u00a0<\/strong>32\u03a9 \u00b1 15%<\/li>\n<li><strong>Sensibilidad:\u00a0<\/strong>115\u00b13dB<\/li>\n<\/ul>\n<p><strong>MICR\u00d3FONO:<\/strong><\/p>\n<ul>\n<li><strong>Factor de forma\u200b:\u00a0<\/strong>Micr\u00f3fono de silicona<\/li>\n<li><strong>Directividad:\u00a0<\/strong>Omnidireccional<\/li>\n<li><strong>Relaci\u00f3n de se\u00f1al-ruido:\u00a0<\/strong>59dB<\/li>\n<li><strong>Impedancia: 4<\/strong>00\u03a9<\/li>\n<li><strong>Sensibilidad:\u00a0<\/strong>-42db<\/li>\n<li><strong>Control de volumen:\u00a0<\/strong>En los aud\u00edfonos<\/li>\n<\/ul>\n<p><strong>CONECTIVIDAD:<\/strong><\/p>\n<ul>\n<li><strong>Tipo de conexi\u00f3n:\u00a0<\/strong>Compatible con Bluetooth\u00ae V5.0\u00a0<strong>\u00a0<\/strong><\/li>\n<li><strong>Frecuencia de RF inal\u00e1mbrica:\u00a0<\/strong>2.4GHz<\/li>\n<li><strong>Alcance inal\u00e1mbrico:\u00a0<\/strong>Hasta 19,9m<\/li>\n<\/ul>\n<p><strong>BATERIA:<\/strong><\/p>\n<ul>\n<li><strong>Bater\u00eda del aud\u00edfono:\u00a0<\/strong>Pol\u00edmero de 3,7VDC, 30 \u2013 35mAh<\/li>\n<li><strong>Bater\u00eda del estuche de carga:\u00a0<\/strong>Pol\u00edmero de 3,7VDC, 500mAh<\/li>\n<li><strong>Tipo de conexi\u00f3n de carga:\u00a0<\/strong>Tipo C<\/li>\n<li><strong>Tiempo total de carga del estuche y de los aud\u00edfonos:\u00a0<\/strong>2 horas<\/li>\n<li><strong>Tiempo de carga de la bater\u00eda (solo los aud\u00edfonos):\u00a0<\/strong>2 horas<\/li>\n<li><strong>Tiempo de carga de la bater\u00eda (solo el estuche de carga):\u00a0<\/strong>1,5 horas<\/li>\n<li><strong>Ciclos del estuche de carga antes de que se agote la bater\u00eda:\u00a0<\/strong>\u00a05<\/li>\n<li><strong>Tiempo de reproducci\u00f3n de la bater\u00eda (solo los aud\u00edfonos):\u00a0<\/strong>Hasta 3,5 horas al 50% de la capacidad del volumen<\/li>\n<li><strong>Tiempo total de reproducci\u00f3n de los aud\u00edfonos (incluyendo los ciclos):\u00a0<\/strong>Aproximadamente 17 horas<\/li>\n<li><strong>Tiempo en modo de pausa:\u00a0<\/strong>M\u00e1s o menos 80 horas<\/li>\n<\/ul>\n<p><strong>CARACTERISTICAS ADICIONALES:<\/strong><\/p>\n<ul>\n<li><strong>Admite los formatos:\u00a0<\/strong>A2DP, AVRCP, H-SP, H-FP<\/li>\n<li><strong>Dimensiones (LaxAnxAl):\u00a0<\/strong>Estuche de carga: 5,8x5x2,2cm;\u00a0Aud\u00edfono: 4&#215;1,7&#215;1,7cm<\/li>\n<li><strong>Peso:\u00a0<\/strong>36,8g<\/li>\n<li><strong>Longitud del cable:\u00a0<\/strong>49,7cm<\/li>\n<\/ul>\n","protected":false},"excerpt":{"rendered":"<p>Estos aud\u00edfonos con Verdadera Conexi\u00f3n Inal\u00e1mbrica (TWS) son f\u00e1ciles de emparejar con tus dispositivos y brindan una transmisi\u00f3n inal\u00e1mbrica estable gracias a Bluetooth v5.0<\/p>\n","protected":false},"featured_media":2561,"comment_status":"open","ping_status":"closed","template":"","meta":{"_et_pb_use_builder":"","_et_pb_old_content":"","_et_gb_content_width":""},"product_brand":[],"product_cat":[80,411],"product_tag":[134,331,135],"class_list":{"0":"post-2560","1":"product","2":"type-product","3":"status-publish","4":"has-post-thumbnail","6":"product_cat-auriculares","7":"product_cat-dia-del-nino","8":"product_tag-auriculares","9":"product_tag-klipxtreme","10":"product_tag-sonido","12":"first","13":"instock","14":"shipping-taxable","15":"purchasable","16":"product-type-simple"},"_links":{"self":[{"href":"https:\/\/bonomosistemas.com.ar\/site\/wp-json\/wp\/v2\/product\/2560","targetHints":{"allow":["GET"]}}],"collection":[{"href":"https:\/\/bonomosistemas.com.ar\/site\/wp-json\/wp\/v2\/product"}],"about":[{"href":"https:\/\/bonomosistemas.com.ar\/site\/wp-json\/wp\/v2\/types\/product"}],"replies":[{"embeddable":true,"href":"https:\/\/bonomosistemas.com.ar\/site\/wp-json\/wp\/v2\/comments?post=2560"}],"wp:featuredmedia":[{"embeddable":true,"href":"https:\/\/bonomosistemas.com.ar\/site\/wp-json\/wp\/v2\/media\/2561"}],"wp:attachment":[{"href":"https:\/\/bonomosistemas.com.ar\/site\/wp-json\/wp\/v2\/media?parent=2560"}],"wp:term":[{"taxonomy":"product_brand","embeddable":true,"href":"https:\/\/bonomosistemas.com.ar\/site\/wp-json\/wp\/v2\/product_brand?post=2560"},{"taxonomy":"product_cat","embeddable":true,"href":"https:\/\/bonomosistemas.com.ar\/site\/wp-json\/wp\/v2\/product_cat?post=2560"},{"taxonomy":"product_tag","embeddable":true,"href":"https:\/\/bonomosistemas.com.ar\/site\/wp-json\/wp\/v2\/product_tag?post=2560"}],"curies":[{"name":"wp","href":"https:\/\/api.w.org\/{rel}","templated":true}]}}