{"id":2594,"date":"2023-07-22T21:12:06","date_gmt":"2023-07-23T00:12:06","guid":{"rendered":"https:\/\/bonomosistemas.com.ar\/site\/?post_type=product&#038;p=2594"},"modified":"2026-02-28T22:14:48","modified_gmt":"2026-03-01T01:14:48","slug":"memoria-kingston-4gb-ddr3-1600mhz","status":"publish","type":"product","link":"https:\/\/bonomosistemas.com.ar\/site\/producto\/memoria-kingston-4gb-ddr3-1600mhz\/","title":{"rendered":"Memoria Kingston 4GB DDR3 1600Mhz"},"content":{"rendered":"<ul>\n<li class=\"mb-0\"><b>Marca: <\/b>Kingston<\/li>\n<li class=\"mb-0\"><b>Modelo: <\/b>KVR16N11S8\/4WP<\/li>\n<li class=\"mb-0\"><b>L\u00ednea: <\/b>ValueRam<\/li>\n<li class=\"mb-0\"><b>Tipo: <\/b>DDR3<\/li>\n<li class=\"mb-0\"><b>Latencia: <\/b>11<\/li>\n<li class=\"mb-0\"><b>Voltaje: <\/b>1.5V<\/li>\n<li class=\"mb-0\"><b>Capacidad: <\/b>4 GB<\/li>\n<li class=\"mb-0\"><b>Velocidad: <\/b>1600 MHz<\/li>\n<li class=\"mb-0\"><b>Aplicaci\u00f3n: <\/b>PC<\/li>\n<li class=\"mb-0\"><b>Disipador: <\/b>No<\/li>\n<li class=\"mb-0\"><b>Iluminaci\u00f3n: <\/b>No<\/li>\n<\/ul>\n","protected":false},"excerpt":{"rendered":"<p>Marca: Kingston Modelo: KVR16N11S8\/4WP L\u00ednea: ValueRam Tipo: DDR3 Latencia: 11 Voltaje: 1.5V Capacidad: 4 GB Velocidad: 1600 MHz Aplicaci\u00f3n: PC Disipador: No Iluminaci\u00f3n: No<\/p>\n","protected":false},"featured_media":2595,"comment_status":"open","ping_status":"closed","template":"","meta":{"_et_pb_use_builder":"","_et_pb_old_content":"","_et_gb_content_width":""},"product_brand":[],"product_cat":[62],"product_tag":[130,120,124,125],"class_list":{"0":"post-2594","1":"product","2":"type-product","3":"status-publish","4":"has-post-thumbnail","6":"product_cat-memorias-ram","7":"product_tag-ddr3","8":"product_tag-kingston","9":"product_tag-memoria","10":"product_tag-ram","12":"first","13":"instock","14":"shipping-taxable","15":"purchasable","16":"product-type-simple"},"_links":{"self":[{"href":"https:\/\/bonomosistemas.com.ar\/site\/wp-json\/wp\/v2\/product\/2594","targetHints":{"allow":["GET"]}}],"collection":[{"href":"https:\/\/bonomosistemas.com.ar\/site\/wp-json\/wp\/v2\/product"}],"about":[{"href":"https:\/\/bonomosistemas.com.ar\/site\/wp-json\/wp\/v2\/types\/product"}],"replies":[{"embeddable":true,"href":"https:\/\/bonomosistemas.com.ar\/site\/wp-json\/wp\/v2\/comments?post=2594"}],"wp:featuredmedia":[{"embeddable":true,"href":"https:\/\/bonomosistemas.com.ar\/site\/wp-json\/wp\/v2\/media\/2595"}],"wp:attachment":[{"href":"https:\/\/bonomosistemas.com.ar\/site\/wp-json\/wp\/v2\/media?parent=2594"}],"wp:term":[{"taxonomy":"product_brand","embeddable":true,"href":"https:\/\/bonomosistemas.com.ar\/site\/wp-json\/wp\/v2\/product_brand?post=2594"},{"taxonomy":"product_cat","embeddable":true,"href":"https:\/\/bonomosistemas.com.ar\/site\/wp-json\/wp\/v2\/product_cat?post=2594"},{"taxonomy":"product_tag","embeddable":true,"href":"https:\/\/bonomosistemas.com.ar\/site\/wp-json\/wp\/v2\/product_tag?post=2594"}],"curies":[{"name":"wp","href":"https:\/\/api.w.org\/{rel}","templated":true}]}}