{"id":2642,"date":"2023-08-20T15:40:08","date_gmt":"2023-08-20T18:40:08","guid":{"rendered":"https:\/\/bonomosistemas.com.ar\/site\/?post_type=product&#038;p=2642"},"modified":"2026-02-28T22:13:49","modified_gmt":"2026-03-01T01:13:49","slug":"disco-rigido-4tb-western-digital-purple","status":"publish","type":"product","link":"https:\/\/bonomosistemas.com.ar\/site\/producto\/disco-rigido-4tb-western-digital-purple\/","title":{"rendered":"Disco Rigido 4TB Western Digital Purple"},"content":{"rendered":"<ul>\n<li><strong>Marca:<\/strong> Western Digital<\/li>\n<li><strong>L\u00ednea:<\/strong> Purple<\/li>\n<li><strong>Modelo:<\/strong> WD42PURZ<\/li>\n<li class=\"target-even-odd border-b border-grey-light flex items-center pb-3 pt-4 pl-7\">\n<div class=\"flex-1 text-sm inheritPara\"><strong>Capacidad:<\/strong> 4 TB<\/div>\n<\/li>\n<li class=\"target-even-odd border-b border-grey-light flex items-center pb-3 pt-4 pl-7\">\n<div class=\"flex-1 text-sm inheritPara\"><strong>Interfaz:<\/strong> SATA<\/div>\n<\/li>\n<li class=\"target-even-odd border-b border-grey-light flex items-center pb-3 pt-4 pl-7\">\n<div class=\"flex-1 text-sm inheritPara\"><strong>Factor de forma:<\/strong> 3.5 Inch<\/div>\n<\/li>\n<li class=\"target-even-odd border-b border-grey-light flex items-center pb-3 pt-4 pl-7\">\n<div class=\"flex-1 text-sm inheritPara\"><strong>Tama\u00f1o de cach\u00e9:<\/strong> 256 MB<\/div>\n<\/li>\n<li class=\"target-even-odd border-b border-grey-light flex items-center pb-3 pt-4 pl-7\">\n<div class=\"flex-1 text-sm inheritPara\"><strong>Velocidad (RPM):<\/strong> 5400rpm<\/div>\n<\/li>\n<\/ul>\n","protected":false},"excerpt":{"rendered":"<p>Los discos WD Purple\u00a0est\u00e1n dise\u00f1ados para afrontar los retos que plantea la grabaci\u00f3n ininterrumpida de videovigilancia. Se han ideado espec\u00edficamente para la videovigilancia, por lo que pueden resistir las fluctuaciones de temperaturas extremas y las vibraciones t\u00edpicas de un entorno de grabaci\u00f3n de v\u00eddeo en red (NVR). Un disco normal para ordenadores de sobremesa est\u00e1 dise\u00f1ado para operar solo a intervalos cortos y no en el exigente entorno siempre disponible de un sistema de videovigilancia de alta definici\u00f3n. Los discos WD Purple ofrecen un almacenamiento para videovigilancia fiable cuya compatibilidad ha sido probada con una amplia gama de sistemas de seguridad. La tecnolog\u00eda exclusiva AllFrame&#x2122; te ayuda a reducir la p\u00e9rdida de im\u00e1genes y a mejorar la reproducci\u00f3n de v\u00eddeo.<\/p>\n","protected":false},"featured_media":2643,"comment_status":"open","ping_status":"closed","template":"","meta":{"_et_pb_use_builder":"","_et_pb_old_content":"","_et_gb_content_width":""},"product_brand":[],"product_cat":[31],"product_tag":[113,114,115,116],"class_list":{"0":"post-2642","1":"product","2":"type-product","3":"status-publish","4":"has-post-thumbnail","6":"product_cat-almacenamiento","7":"product_tag-disco","8":"product_tag-disco-rigido","9":"product_tag-hdd","10":"product_tag-western-digital","12":"first","13":"instock","14":"shipping-taxable","15":"purchasable","16":"product-type-simple"},"_links":{"self":[{"href":"https:\/\/bonomosistemas.com.ar\/site\/wp-json\/wp\/v2\/product\/2642","targetHints":{"allow":["GET"]}}],"collection":[{"href":"https:\/\/bonomosistemas.com.ar\/site\/wp-json\/wp\/v2\/product"}],"about":[{"href":"https:\/\/bonomosistemas.com.ar\/site\/wp-json\/wp\/v2\/types\/product"}],"replies":[{"embeddable":true,"href":"https:\/\/bonomosistemas.com.ar\/site\/wp-json\/wp\/v2\/comments?post=2642"}],"wp:featuredmedia":[{"embeddable":true,"href":"https:\/\/bonomosistemas.com.ar\/site\/wp-json\/wp\/v2\/media\/2643"}],"wp:attachment":[{"href":"https:\/\/bonomosistemas.com.ar\/site\/wp-json\/wp\/v2\/media?parent=2642"}],"wp:term":[{"taxonomy":"product_brand","embeddable":true,"href":"https:\/\/bonomosistemas.com.ar\/site\/wp-json\/wp\/v2\/product_brand?post=2642"},{"taxonomy":"product_cat","embeddable":true,"href":"https:\/\/bonomosistemas.com.ar\/site\/wp-json\/wp\/v2\/product_cat?post=2642"},{"taxonomy":"product_tag","embeddable":true,"href":"https:\/\/bonomosistemas.com.ar\/site\/wp-json\/wp\/v2\/product_tag?post=2642"}],"curies":[{"name":"wp","href":"https:\/\/api.w.org\/{rel}","templated":true}]}}