{"id":2765,"date":"2024-01-22T20:41:15","date_gmt":"2024-01-22T23:41:15","guid":{"rendered":"https:\/\/bonomosistemas.com.ar\/site\/?post_type=product&#038;p=2765"},"modified":"2026-02-28T21:45:30","modified_gmt":"2026-03-01T00:45:30","slug":"mouse-philips-g201","status":"publish","type":"product","link":"https:\/\/bonomosistemas.com.ar\/site\/producto\/mouse-philips-g201\/","title":{"rendered":"Mouse Philips Momentum G201"},"content":{"rendered":"<p><strong>Especificaciones<\/strong><\/p>\n<ul>\n<li>Mouse para juegos con cable modelo SPK9201BL<\/li>\n<li>Sensor \u00f3ptico para juegos de 6400 DPI, 8 botones programables y efectos de iluminaci\u00f3n RGB<\/li>\n<li>Conectividad: USB 2.0 con cable de 1,80 metros<\/li>\n<li>Precisi\u00f3n del sensor \u00f3ptico: 6400 DPI<\/li>\n<li>Fotogramas por segundo: 6600 FPS<\/li>\n<li>Tasa de sondeo: 1000 Hz<\/li>\n<li>Requisito del controlador: controlador para funciones macro<\/li>\n<li>Tipo de efecto de iluminaci\u00f3n: siete tipos de efectos de iluminaci\u00f3n<\/li>\n<\/ul>\n","protected":false},"excerpt":{"rendered":"<p>Especificaciones Mouse para juegos con cable modelo SPK9201BL Sensor \u00f3ptico para juegos de 6400 DPI, 8 botones programables y efectos de iluminaci\u00f3n RGB Conectividad: USB 2.0 con cable de 1,80 metros Precisi\u00f3n del sensor \u00f3ptico: 6400 DPI Fotogramas por segundo: 6600 FPS Tasa de sondeo: 1000 Hz Requisito del controlador: controlador para funciones macro Tipo [&hellip;]<\/p>\n","protected":false},"featured_media":2766,"comment_status":"open","ping_status":"closed","template":"","meta":{"_et_pb_use_builder":"","_et_pb_old_content":"","_et_gb_content_width":""},"product_brand":[],"product_cat":[82],"product_tag":[156,147,333],"class_list":{"0":"post-2765","1":"product","2":"type-product","3":"status-publish","4":"has-post-thumbnail","6":"product_cat-mouse","7":"product_tag-gamer","8":"product_tag-mouse","9":"product_tag-philips","11":"first","12":"instock","13":"shipping-taxable","14":"purchasable","15":"product-type-simple"},"_links":{"self":[{"href":"https:\/\/bonomosistemas.com.ar\/site\/wp-json\/wp\/v2\/product\/2765","targetHints":{"allow":["GET"]}}],"collection":[{"href":"https:\/\/bonomosistemas.com.ar\/site\/wp-json\/wp\/v2\/product"}],"about":[{"href":"https:\/\/bonomosistemas.com.ar\/site\/wp-json\/wp\/v2\/types\/product"}],"replies":[{"embeddable":true,"href":"https:\/\/bonomosistemas.com.ar\/site\/wp-json\/wp\/v2\/comments?post=2765"}],"wp:featuredmedia":[{"embeddable":true,"href":"https:\/\/bonomosistemas.com.ar\/site\/wp-json\/wp\/v2\/media\/2766"}],"wp:attachment":[{"href":"https:\/\/bonomosistemas.com.ar\/site\/wp-json\/wp\/v2\/media?parent=2765"}],"wp:term":[{"taxonomy":"product_brand","embeddable":true,"href":"https:\/\/bonomosistemas.com.ar\/site\/wp-json\/wp\/v2\/product_brand?post=2765"},{"taxonomy":"product_cat","embeddable":true,"href":"https:\/\/bonomosistemas.com.ar\/site\/wp-json\/wp\/v2\/product_cat?post=2765"},{"taxonomy":"product_tag","embeddable":true,"href":"https:\/\/bonomosistemas.com.ar\/site\/wp-json\/wp\/v2\/product_tag?post=2765"}],"curies":[{"name":"wp","href":"https:\/\/api.w.org\/{rel}","templated":true}]}}