{"id":2775,"date":"2024-01-24T21:53:46","date_gmt":"2024-01-25T00:53:46","guid":{"rendered":"https:\/\/bonomosistemas.com.ar\/site\/?post_type=product&#038;p=2775"},"modified":"2026-01-26T19:37:41","modified_gmt":"2026-01-26T22:37:41","slug":"mouse-inalambrico-vertical-philips-m614","status":"publish","type":"product","link":"https:\/\/bonomosistemas.com.ar\/site\/producto\/mouse-inalambrico-vertical-philips-m614\/","title":{"rendered":"Mouse Inal\u00e1mbrico Vertical Philips M614"},"content":{"rendered":"<p><strong>Especificaciones<\/strong><\/p>\n<ul>\n<li>Marca: Philips<\/li>\n<li>Modelo: SPK7614<\/li>\n<li>Tipo de Mouse: Vertical<\/li>\n<li>Orientaci\u00f3n de la mano: Diestro<\/li>\n<li>Cantidad de Botones: 6<\/li>\n<li>Tipo de Sensor: \u00d3ptico<\/li>\n<li>Resoluci\u00f3n del Sensor: 1600 DPI<\/li>\n<\/ul>\n","protected":false},"excerpt":{"rendered":"<p>Dise\u00f1o ergon\u00f3mico para mejorar la postura de la mano y permitir el descanso de la mu\u00f1eca al momento de trabajar.<br \/>\nTecnologia inalambrica de 2.4GHz que te permite llevar el mouse adonde quiera que vayas.<br \/>\nReceptor nano USB para poder utilizarlo en tu notebook o PC sin que el mismo sea casi percibido, evitando roturas.<br \/>\nDistancia de alcance de trabajo de 10 metros<br \/>\nResolucion ajustable entre 800, 1200 y 1600dpi con un bot\u00f3n de facil acceso<br \/>\nMouse de 6 botones para un perfecto trabajo<br \/>\nUtiliza solo 1 pila AA para funcionar<\/p>\n","protected":false},"featured_media":2776,"comment_status":"open","ping_status":"closed","template":"","meta":{"_et_pb_use_builder":"","_et_pb_old_content":"","_et_gb_content_width":""},"product_brand":[],"product_cat":[82,411],"product_tag":[147,333],"class_list":{"0":"post-2775","1":"product","2":"type-product","3":"status-publish","4":"has-post-thumbnail","6":"product_cat-mouse","7":"product_cat-dia-del-nino","8":"product_tag-mouse","9":"product_tag-philips","11":"first","12":"instock","13":"shipping-taxable","14":"purchasable","15":"product-type-simple"},"_links":{"self":[{"href":"https:\/\/bonomosistemas.com.ar\/site\/wp-json\/wp\/v2\/product\/2775","targetHints":{"allow":["GET"]}}],"collection":[{"href":"https:\/\/bonomosistemas.com.ar\/site\/wp-json\/wp\/v2\/product"}],"about":[{"href":"https:\/\/bonomosistemas.com.ar\/site\/wp-json\/wp\/v2\/types\/product"}],"replies":[{"embeddable":true,"href":"https:\/\/bonomosistemas.com.ar\/site\/wp-json\/wp\/v2\/comments?post=2775"}],"wp:featuredmedia":[{"embeddable":true,"href":"https:\/\/bonomosistemas.com.ar\/site\/wp-json\/wp\/v2\/media\/2776"}],"wp:attachment":[{"href":"https:\/\/bonomosistemas.com.ar\/site\/wp-json\/wp\/v2\/media?parent=2775"}],"wp:term":[{"taxonomy":"product_brand","embeddable":true,"href":"https:\/\/bonomosistemas.com.ar\/site\/wp-json\/wp\/v2\/product_brand?post=2775"},{"taxonomy":"product_cat","embeddable":true,"href":"https:\/\/bonomosistemas.com.ar\/site\/wp-json\/wp\/v2\/product_cat?post=2775"},{"taxonomy":"product_tag","embeddable":true,"href":"https:\/\/bonomosistemas.com.ar\/site\/wp-json\/wp\/v2\/product_tag?post=2775"}],"curies":[{"name":"wp","href":"https:\/\/api.w.org\/{rel}","templated":true}]}}