{"id":2847,"date":"2024-04-20T14:35:34","date_gmt":"2024-04-20T17:35:34","guid":{"rendered":"https:\/\/bonomosistemas.com.ar\/site\/?post_type=product&#038;p=2847"},"modified":"2026-03-06T14:02:23","modified_gmt":"2026-03-06T17:02:23","slug":"placa-de-video-msi-geforce-gt-710-2gb","status":"publish","type":"product","link":"https:\/\/bonomosistemas.com.ar\/site\/producto\/placa-de-video-msi-geforce-gt-710-2gb\/","title":{"rendered":"Placa de Video MSI Geforce GT 710 2GB"},"content":{"rendered":"<ul id=\"itembox\" class=\"itembox text-left hidden-xs\">\n<li><strong>Marca:<\/strong> MSI<\/li>\n<li><strong>Modelo:<\/strong> NVIDIA Geforce GT 710<\/li>\n<li><strong>Interfaz:<\/strong> PCI Express 2.0<\/li>\n<li><strong>Velocidad de reloj:<\/strong>\u00a0 954 Mhz<\/li>\n<li><strong>Frecuencia de Memoria:<\/strong> 1600 Mhz<\/li>\n<li><strong>Bus de Memoria:<\/strong> 64 bits<\/li>\n<li><strong>Salidas:<\/strong> DVI-D x 1, VGA x 1, HDMI x 1<\/li>\n<li><strong>Consumo el\u00e9ctrico:<\/strong> 19w<\/li>\n<li><strong>Fuente recomendada:<\/strong> 300w<\/li>\n<li><strong>Dimensiones:<\/strong> 146 x 69 x 19 mm<\/li>\n<li><strong>Versi\u00f3n DirectX Soportada:<\/strong> 12 API<\/li>\n<li><strong>Versi\u00f3n OpenGL Soportada:<\/strong> 4.5<\/li>\n<li><strong>Pantallas m\u00e1ximas:<\/strong> 2<\/li>\n<\/ul>\n<div id=\"pdbox\" class=\"pdbox\">\n<div id=\"pdtbbox\" class=\"pdtbbox\">\n<div id=\"pdtb\" class=\"pdtb\">\n<div class=\"tr\" data-num=\"0\"><\/div>\n<\/div>\n<\/div>\n<\/div>\n","protected":false},"excerpt":{"rendered":"<p>La MSI GEFORCE GT 710 cuenta con puertos ideales para poder conectar a tu equipo sin ning\u00fan problema, ya que <b>cuenta con puerto HDMI de versi\u00f3n 1.4a y VGA<\/b>, compatible con la mayor\u00eda de las pantallas de la mejor y m\u00e1s alta calidad, para disfrutar de incre\u00edbles gr\u00e1ficos multimedia en todos tus contenidos favoritos.<\/p>\n","protected":false},"featured_media":2848,"comment_status":"open","ping_status":"closed","template":"","meta":{"_et_pb_use_builder":"","_et_pb_old_content":"","_et_gb_content_width":""},"product_brand":[],"product_cat":[74,411],"product_tag":[212,211,210,213],"class_list":{"0":"post-2847","1":"product","2":"type-product","3":"status-publish","4":"has-post-thumbnail","6":"product_cat-placas-de-video","7":"product_cat-dia-del-nino","8":"product_tag-geforce","9":"product_tag-nvidia","10":"product_tag-placa-de-video","11":"product_tag-video","13":"first","14":"instock","15":"sale","16":"shipping-taxable","17":"purchasable","18":"product-type-simple"},"_links":{"self":[{"href":"https:\/\/bonomosistemas.com.ar\/site\/wp-json\/wp\/v2\/product\/2847","targetHints":{"allow":["GET"]}}],"collection":[{"href":"https:\/\/bonomosistemas.com.ar\/site\/wp-json\/wp\/v2\/product"}],"about":[{"href":"https:\/\/bonomosistemas.com.ar\/site\/wp-json\/wp\/v2\/types\/product"}],"replies":[{"embeddable":true,"href":"https:\/\/bonomosistemas.com.ar\/site\/wp-json\/wp\/v2\/comments?post=2847"}],"wp:featuredmedia":[{"embeddable":true,"href":"https:\/\/bonomosistemas.com.ar\/site\/wp-json\/wp\/v2\/media\/2848"}],"wp:attachment":[{"href":"https:\/\/bonomosistemas.com.ar\/site\/wp-json\/wp\/v2\/media?parent=2847"}],"wp:term":[{"taxonomy":"product_brand","embeddable":true,"href":"https:\/\/bonomosistemas.com.ar\/site\/wp-json\/wp\/v2\/product_brand?post=2847"},{"taxonomy":"product_cat","embeddable":true,"href":"https:\/\/bonomosistemas.com.ar\/site\/wp-json\/wp\/v2\/product_cat?post=2847"},{"taxonomy":"product_tag","embeddable":true,"href":"https:\/\/bonomosistemas.com.ar\/site\/wp-json\/wp\/v2\/product_tag?post=2847"}],"curies":[{"name":"wp","href":"https:\/\/api.w.org\/{rel}","templated":true}]}}