{"id":2883,"date":"2024-06-03T19:49:10","date_gmt":"2024-06-03T22:49:10","guid":{"rendered":"https:\/\/bonomosistemas.com.ar\/site\/?post_type=product&#038;p=2883"},"modified":"2025-10-29T14:22:48","modified_gmt":"2025-10-29T17:22:48","slug":"camara-ip-wifi-dahua-dh-ipc-c22p","status":"publish","type":"product","link":"https:\/\/bonomosistemas.com.ar\/site\/producto\/camara-ip-wifi-dahua-dh-ipc-c22p\/","title":{"rendered":"C\u00e1mara IP Wifi Dahua DH-IPC-C22P"},"content":{"rendered":"<ul>\n<li>Resoluci\u00f3n: 2Mpx Full HD (1080p)<\/li>\n<li>Lente fijo 2.8mm<\/li>\n<li>Visi\u00f3n nocturna hasta 10mts<\/li>\n<li>Micr\u00f3fono y altavoz incorporado<\/li>\n<li>Slot para tarjeta Micro SD de hasta 64GB (tarjeta no incluida)<\/li>\n<li>Conexi\u00f3n v\u00eda Wifi<\/li>\n<li>LED Indicador<\/li>\n<li>Alimentaci\u00f3n USB 5V 1A (no incluye fuente)<\/li>\n<\/ul>\n","protected":false},"excerpt":{"rendered":"<p>Resoluci\u00f3n: 2Mpx Full HD (1080p) Lente fijo 2.8mm Visi\u00f3n nocturna hasta 10mts Micr\u00f3fono y altavoz incorporado Slot para tarjeta Micro SD de hasta 64GB (tarjeta no incluida) Conexi\u00f3n v\u00eda Wifi LED Indicador Alimentaci\u00f3n USB 5V 1A (no incluye fuente)<\/p>\n","protected":false},"featured_media":2884,"comment_status":"closed","ping_status":"closed","template":"","meta":{"_et_pb_use_builder":"","_et_pb_old_content":"","_et_gb_content_width":""},"product_brand":[],"product_cat":[101],"product_tag":[338,385,342,340,187],"class_list":{"0":"post-2883","1":"product","2":"type-product","3":"status-publish","4":"has-post-thumbnail","6":"product_cat-camaras-de-seguridad","7":"product_tag-camara","8":"product_tag-camara-ip","9":"product_tag-dahua","10":"product_tag-seguridad","11":"product_tag-wifi","13":"first","14":"instock","15":"shipping-taxable","16":"purchasable","17":"product-type-simple"},"_links":{"self":[{"href":"https:\/\/bonomosistemas.com.ar\/site\/wp-json\/wp\/v2\/product\/2883","targetHints":{"allow":["GET"]}}],"collection":[{"href":"https:\/\/bonomosistemas.com.ar\/site\/wp-json\/wp\/v2\/product"}],"about":[{"href":"https:\/\/bonomosistemas.com.ar\/site\/wp-json\/wp\/v2\/types\/product"}],"replies":[{"embeddable":true,"href":"https:\/\/bonomosistemas.com.ar\/site\/wp-json\/wp\/v2\/comments?post=2883"}],"wp:featuredmedia":[{"embeddable":true,"href":"https:\/\/bonomosistemas.com.ar\/site\/wp-json\/wp\/v2\/media\/2884"}],"wp:attachment":[{"href":"https:\/\/bonomosistemas.com.ar\/site\/wp-json\/wp\/v2\/media?parent=2883"}],"wp:term":[{"taxonomy":"product_brand","embeddable":true,"href":"https:\/\/bonomosistemas.com.ar\/site\/wp-json\/wp\/v2\/product_brand?post=2883"},{"taxonomy":"product_cat","embeddable":true,"href":"https:\/\/bonomosistemas.com.ar\/site\/wp-json\/wp\/v2\/product_cat?post=2883"},{"taxonomy":"product_tag","embeddable":true,"href":"https:\/\/bonomosistemas.com.ar\/site\/wp-json\/wp\/v2\/product_tag?post=2883"}],"curies":[{"name":"wp","href":"https:\/\/api.w.org\/{rel}","templated":true}]}}