{"id":2898,"date":"2024-06-07T14:21:18","date_gmt":"2024-06-07T17:21:18","guid":{"rendered":"https:\/\/bonomosistemas.com.ar\/site\/?post_type=product&#038;p=2898"},"modified":"2026-03-09T22:31:58","modified_gmt":"2026-03-10T01:31:58","slug":"camara-ip-wifi-ezviz-cs-c1c-720p","status":"publish","type":"product","link":"https:\/\/bonomosistemas.com.ar\/site\/producto\/camara-ip-wifi-ezviz-cs-c1c-720p\/","title":{"rendered":"C\u00e1mara IP Wifi EZVIZ CS-C1C (720p)"},"content":{"rendered":"<p><strong>CARACTERISTICAS:<\/strong><\/p>\n<p>\u2022 Resoluci\u00f3n de 720p<br \/>\n\u2022 Lente de \u00e1ngulo amplio de 110\u00b0<br \/>\n\u2022 Visi\u00f3n nocturna infrarroja hasta 12 metros<br \/>\n\u2022 Detecci\u00f3n de movimiento<br \/>\n\u2022 Dise\u00f1o compacto y armonioso<br \/>\n\u2022 Tecnolog\u00eda de video H-264<br \/>\n\u2022 Compatibilidad con tarjetas microSD hasta 256 GB<\/p>\n","protected":false},"excerpt":{"rendered":"<h4>C\u00e1mara Wifi Interior de resoluci\u00f3n HD<\/h4>\n<p>La seguridad inteligente para el hogar alcanza la mas n\u00edtida visi\u00f3n nocturna. Dise\u00f1ada para una instalaci\u00f3n r\u00e1pida y sencilla, la excelente visi\u00f3n nocturna de la C1C protege cada rinc\u00f3n, incluso en lugares poco iluminados.<\/p>\n","protected":false},"featured_media":2899,"comment_status":"closed","ping_status":"closed","template":"","meta":{"_et_pb_use_builder":"","_et_pb_old_content":"","_et_gb_content_width":""},"product_brand":[],"product_cat":[101],"product_tag":[338,385,384,340,187],"class_list":{"0":"post-2898","1":"product","2":"type-product","3":"status-publish","4":"has-post-thumbnail","6":"product_cat-camaras-de-seguridad","7":"product_tag-camara","8":"product_tag-camara-ip","9":"product_tag-ezviz","10":"product_tag-seguridad","11":"product_tag-wifi","13":"first","14":"instock","15":"shipping-taxable","16":"purchasable","17":"product-type-simple"},"_links":{"self":[{"href":"https:\/\/bonomosistemas.com.ar\/site\/wp-json\/wp\/v2\/product\/2898","targetHints":{"allow":["GET"]}}],"collection":[{"href":"https:\/\/bonomosistemas.com.ar\/site\/wp-json\/wp\/v2\/product"}],"about":[{"href":"https:\/\/bonomosistemas.com.ar\/site\/wp-json\/wp\/v2\/types\/product"}],"replies":[{"embeddable":true,"href":"https:\/\/bonomosistemas.com.ar\/site\/wp-json\/wp\/v2\/comments?post=2898"}],"wp:featuredmedia":[{"embeddable":true,"href":"https:\/\/bonomosistemas.com.ar\/site\/wp-json\/wp\/v2\/media\/2899"}],"wp:attachment":[{"href":"https:\/\/bonomosistemas.com.ar\/site\/wp-json\/wp\/v2\/media?parent=2898"}],"wp:term":[{"taxonomy":"product_brand","embeddable":true,"href":"https:\/\/bonomosistemas.com.ar\/site\/wp-json\/wp\/v2\/product_brand?post=2898"},{"taxonomy":"product_cat","embeddable":true,"href":"https:\/\/bonomosistemas.com.ar\/site\/wp-json\/wp\/v2\/product_cat?post=2898"},{"taxonomy":"product_tag","embeddable":true,"href":"https:\/\/bonomosistemas.com.ar\/site\/wp-json\/wp\/v2\/product_tag?post=2898"}],"curies":[{"name":"wp","href":"https:\/\/api.w.org\/{rel}","templated":true}]}}