{"id":2924,"date":"2024-06-30T15:31:42","date_gmt":"2024-06-30T18:31:42","guid":{"rendered":"https:\/\/bonomosistemas.com.ar\/site\/?post_type=product&#038;p=2924"},"modified":"2026-01-26T19:32:14","modified_gmt":"2026-01-26T22:32:14","slug":"kit-teclado-y-mouse-inalambrico-logitech-mk295","status":"publish","type":"product","link":"https:\/\/bonomosistemas.com.ar\/site\/producto\/kit-teclado-y-mouse-inalambrico-logitech-mk295\/","title":{"rendered":"Kit Teclado y Mouse Inal\u00e1mbrico Logitech MK295"},"content":{"rendered":"<div class=\"specs-group\">\n<div class=\"specs-block\"><\/div>\n<\/div>\n<div class=\"specs-group\">\n<div class=\"specs-block\">\n<div class=\"specs-group\">\n<header class=\"specs-header\"><\/header>\n<div class=\"specs-block\">\n<div class=\"specs-block\">\n<ul>\n<li class=\"specs-title\"><strong>Teclado<\/strong>\n<ul class=\"specs-description-list\">\n<li>Tecnolog\u00eda SilentTouch<\/li>\n<li>Altura de teclado ajustable<\/li>\n<li>Dise\u00f1o resistente a salpicaduras<\/li>\n<li>Tecnolog\u00eda Inal\u00e1mbrica de2,4 Ghz (10 metros)<\/li>\n<li>Nano receptor USB<\/li>\n<li>Indicador luminoso de bloqueo de may\u00fasculas<\/li>\n<li>Bot\u00f3n de encendido\/apagado<\/li>\n<li>1 bater\u00edas AAA<\/li>\n<li><strong>Altura:<\/strong> 149 mm<\/li>\n<li><strong>Ancho:<\/strong> 441 mm<\/li>\n<li><strong>Profundidad:<\/strong> 18 mm<\/li>\n<li><strong>Peso:<\/strong> 498 g<\/li>\n<\/ul>\n<\/li>\n<\/ul>\n<\/div>\n<div class=\"specs-block\">\n<ul>\n<li class=\"specs-title\"><strong>Mouse<\/strong><\/li>\n<\/ul>\n<ul>\n<li style=\"list-style-type: none;\">\n<ul class=\"specs-description-list\">\n<li>Tecnolog\u00eda SilentTouch<\/li>\n<li>Forma contorneada y compacta<\/li>\n<li>Control preciso y uniforme del cursor<\/li>\n<li>Bot\u00f3n de encendido\/apagado<\/li>\n<li>1 bateria AA<\/li>\n<li><strong>Altura:<\/strong> 99 mm<\/li>\n<li><strong>Ancho:<\/strong> 60 mm<\/li>\n<li><strong>Profundidad:<\/strong> 39 mm<\/li>\n<li><strong>Peso:<\/strong> 75,2 g<\/li>\n<\/ul>\n<\/li>\n<\/ul>\n<\/div>\n<\/div>\n<\/div>\n<\/div>\n<div class=\"specs-block\"><\/div>\n<\/div>\n<div class=\"specs-block\"><\/div>\n","protected":false},"excerpt":{"rendered":"<div class=\"product-info-desktop\">\n<div class=\"product-subtitle js-product-subtitle\">Trabaja en silencio con un 90% menos de ruido de click y pulsaciones de teclado.<\/div>\n<\/div>\n<div class=\"product-desc js-product-desc\">La combinaci\u00f3n inal\u00e1mbrica silenciosa Logitech MK295 incluye SilentTouch, una tecnolog\u00eda exclusiva de Logitech que elimina m\u00e1s del 90% del ruido producido por teclados y mouse. Ofrece la misma sensaci\u00f3n de click y escritura que la mejor combinaci\u00f3n de todas y sin molestos ruidos al hacer click o escribir.<\/div>\n","protected":false},"featured_media":2925,"comment_status":"open","ping_status":"closed","template":"","meta":{"_et_pb_use_builder":"","_et_pb_old_content":"","_et_gb_content_width":""},"product_brand":[],"product_cat":[176],"product_tag":[193,148,147,175],"class_list":{"0":"post-2924","1":"product","2":"type-product","3":"status-publish","4":"has-post-thumbnail","6":"product_cat-kit-teclado-y-mouse","7":"product_tag-kit-teclado-mouse","8":"product_tag-logitech","9":"product_tag-mouse","10":"product_tag-teclado","12":"first","13":"instock","14":"shipping-taxable","15":"purchasable","16":"product-type-simple"},"_links":{"self":[{"href":"https:\/\/bonomosistemas.com.ar\/site\/wp-json\/wp\/v2\/product\/2924","targetHints":{"allow":["GET"]}}],"collection":[{"href":"https:\/\/bonomosistemas.com.ar\/site\/wp-json\/wp\/v2\/product"}],"about":[{"href":"https:\/\/bonomosistemas.com.ar\/site\/wp-json\/wp\/v2\/types\/product"}],"replies":[{"embeddable":true,"href":"https:\/\/bonomosistemas.com.ar\/site\/wp-json\/wp\/v2\/comments?post=2924"}],"wp:featuredmedia":[{"embeddable":true,"href":"https:\/\/bonomosistemas.com.ar\/site\/wp-json\/wp\/v2\/media\/2925"}],"wp:attachment":[{"href":"https:\/\/bonomosistemas.com.ar\/site\/wp-json\/wp\/v2\/media?parent=2924"}],"wp:term":[{"taxonomy":"product_brand","embeddable":true,"href":"https:\/\/bonomosistemas.com.ar\/site\/wp-json\/wp\/v2\/product_brand?post=2924"},{"taxonomy":"product_cat","embeddable":true,"href":"https:\/\/bonomosistemas.com.ar\/site\/wp-json\/wp\/v2\/product_cat?post=2924"},{"taxonomy":"product_tag","embeddable":true,"href":"https:\/\/bonomosistemas.com.ar\/site\/wp-json\/wp\/v2\/product_tag?post=2924"}],"curies":[{"name":"wp","href":"https:\/\/api.w.org\/{rel}","templated":true}]}}