{"id":2927,"date":"2024-06-30T15:48:00","date_gmt":"2024-06-30T18:48:00","guid":{"rendered":"https:\/\/bonomosistemas.com.ar\/site\/?post_type=product&#038;p=2927"},"modified":"2026-01-26T19:31:41","modified_gmt":"2026-01-26T22:31:41","slug":"teclado-logitech-k120","status":"publish","type":"product","link":"https:\/\/bonomosistemas.com.ar\/site\/producto\/teclado-logitech-k120\/","title":{"rendered":"Teclado Logitech K120"},"content":{"rendered":"<h6 class=\"specs-heading\"><strong>DIMENSIONES<\/strong><\/h6>\n<div class=\"specs-column\">\n<div class=\"specs-group\">\n<div class=\"specs-block\">\n<ul>\n<li class=\"specs-description\"><strong>Altura<\/strong>: 155 mm<\/li>\n<li class=\"specs-description\"><strong>Ancho<\/strong>: 450 mm<\/li>\n<li class=\"specs-description\"><strong>Profundidad<\/strong>: 23,5 mm<\/li>\n<li class=\"specs-description\"><strong>Peso<\/strong>: 550 g<\/li>\n<li class=\"specs-description\"><strong>Longitud del cable<\/strong>: 150\u00a0cm<\/li>\n<\/ul>\n<\/div>\n<\/div>\n<\/div>\n<h6 class=\"specs-heading\"><strong>ESPECIFICACIONES T\u00c9CNICAS<\/strong><\/h6>\n<div class=\"specs-column\">\n<div class=\"specs-group\">\n<div class=\"specs-block\">\n<ul class=\"specs-description-list\">\n<li>Dise\u00f1o resistente a salpicaduras<\/li>\n<li>Teclado num\u00e9rico con 10 teclas<\/li>\n<li>Indicador luminoso de bloqueo de may\u00fasculas<\/li>\n<li>Indicador luminoso de bloqueo num\u00e9rico<\/li>\n<li>Hasta 10 millones de pulsaciones (excepto la tecla de bloqueo num\u00e9rico)<\/li>\n<li><strong>Tipo de teclas<\/strong>: Teclas c\u00f3ncavas<\/li>\n<\/ul>\n<\/div>\n<\/div>\n<\/div>\n","protected":false},"excerpt":{"rendered":"<p>K120 es confiable y duradero, dotado de una secci\u00f3n num\u00e9rica y un dise\u00f1o que facilita el uso desde el principio. S\u00f3lo hay que conectar este teclado con cable a una toma USB para empezar a usarlo.<\/p>\n","protected":false},"featured_media":2928,"comment_status":"closed","ping_status":"closed","template":"","meta":{"_et_pb_use_builder":"","_et_pb_old_content":"","_et_gb_content_width":""},"product_brand":[],"product_cat":[84],"product_tag":[148,175],"class_list":{"0":"post-2927","1":"product","2":"type-product","3":"status-publish","4":"has-post-thumbnail","6":"product_cat-teclados","7":"product_tag-logitech","8":"product_tag-teclado","10":"first","11":"instock","12":"shipping-taxable","13":"purchasable","14":"product-type-simple"},"_links":{"self":[{"href":"https:\/\/bonomosistemas.com.ar\/site\/wp-json\/wp\/v2\/product\/2927","targetHints":{"allow":["GET"]}}],"collection":[{"href":"https:\/\/bonomosistemas.com.ar\/site\/wp-json\/wp\/v2\/product"}],"about":[{"href":"https:\/\/bonomosistemas.com.ar\/site\/wp-json\/wp\/v2\/types\/product"}],"replies":[{"embeddable":true,"href":"https:\/\/bonomosistemas.com.ar\/site\/wp-json\/wp\/v2\/comments?post=2927"}],"wp:featuredmedia":[{"embeddable":true,"href":"https:\/\/bonomosistemas.com.ar\/site\/wp-json\/wp\/v2\/media\/2928"}],"wp:attachment":[{"href":"https:\/\/bonomosistemas.com.ar\/site\/wp-json\/wp\/v2\/media?parent=2927"}],"wp:term":[{"taxonomy":"product_brand","embeddable":true,"href":"https:\/\/bonomosistemas.com.ar\/site\/wp-json\/wp\/v2\/product_brand?post=2927"},{"taxonomy":"product_cat","embeddable":true,"href":"https:\/\/bonomosistemas.com.ar\/site\/wp-json\/wp\/v2\/product_cat?post=2927"},{"taxonomy":"product_tag","embeddable":true,"href":"https:\/\/bonomosistemas.com.ar\/site\/wp-json\/wp\/v2\/product_tag?post=2927"}],"curies":[{"name":"wp","href":"https:\/\/api.w.org\/{rel}","templated":true}]}}