{"id":2947,"date":"2024-07-09T14:23:34","date_gmt":"2024-07-09T17:23:34","guid":{"rendered":"https:\/\/bonomosistemas.com.ar\/site\/?post_type=product&#038;p=2947"},"modified":"2025-07-25T16:06:34","modified_gmt":"2025-07-25T19:06:34","slug":"joystick-netmak-nm-danger","status":"publish","type":"product","link":"https:\/\/bonomosistemas.com.ar\/site\/producto\/joystick-netmak-nm-danger\/","title":{"rendered":"Joystick Netmak NM-Danger"},"content":{"rendered":"<ul>\n<li>Conexi\u00f3n BT 4.0 Modo dual.<\/li>\n<li>Especial para juegos de celu\/PC\/Consolas.<\/li>\n<li>Compatible con Android\/IOS +13\/PC\/P4\/P3\/N-SWITCH.<\/li>\n<li>400mAh Bater\u00eda recargable.<\/li>\n<li>Incluye soporte ajustable para smartphones hasta 86mm.<\/li>\n<li>Apto para la mayor\u00eda de los juegos.<\/li>\n<li>Incluye manual en espa\u00f1ol y cable de carga.<\/li>\n<\/ul>\n","protected":false},"excerpt":{"rendered":"<p>Gamepad Bluetooth 5en1 p\/ Celulares Android-IOS &#8211; Compatible con PS4\/PS3\/PC X-Input &amp; D-Input\/N-Switch &#8211; Incluye soporte<\/p>\n<p>Bot\u00f3n turbo<\/p>\n<p>Funci\u00f3n macro &#8211; botones programables: Podes configurar diferentes acciones en un mismo bot\u00f3n, por ejemplo (disparar y saltar a la misma vez ) apretando M1 + X o cualquier otra combinaci\u00f3n.<\/p>\n<p>Botones traseros M1 M2<\/p>\n<p><strong>MODO KEY MAPPING:<\/strong> Podes reemplazar las funciones del teclado y mouse dentro de juegos touch en la PC.<\/p>\n<p><strong>MATERIAL ANTIDESLIZANTE Y ANTISUDADOR:<\/strong> Juega sin problemas durante mucho tiempo.<\/p>\n<p><strong>DISE\u00d1O ERGON\u00d3MICO Y ULTRA GAMER:<\/strong> Dise\u00f1ado especialmente para que se adapte perfectamente a la palma de tu mano y obtener el mayor control del juego.<\/p>\n<p><strong>PLUG &amp; PLAY:<\/strong> No requiere de ning\u00fan driver para instalar. Simplemente conecte y comience a jugar.<\/p>\n","protected":false},"featured_media":2948,"comment_status":"closed","ping_status":"closed","template":"","meta":{"_et_pb_use_builder":"","_et_pb_old_content":"","_et_gb_content_width":""},"product_brand":[],"product_cat":[322,411,390],"product_tag":[389,388,174],"class_list":{"0":"post-2947","1":"product","2":"type-product","3":"status-publish","4":"has-post-thumbnail","6":"product_cat-destacados-gamer","7":"product_cat-dia-del-nino","8":"product_cat-joysticks","9":"product_tag-gamepad","10":"product_tag-joystick","11":"product_tag-netmak","13":"first","14":"instock","15":"shipping-taxable","16":"purchasable","17":"product-type-simple"},"_links":{"self":[{"href":"https:\/\/bonomosistemas.com.ar\/site\/wp-json\/wp\/v2\/product\/2947","targetHints":{"allow":["GET"]}}],"collection":[{"href":"https:\/\/bonomosistemas.com.ar\/site\/wp-json\/wp\/v2\/product"}],"about":[{"href":"https:\/\/bonomosistemas.com.ar\/site\/wp-json\/wp\/v2\/types\/product"}],"replies":[{"embeddable":true,"href":"https:\/\/bonomosistemas.com.ar\/site\/wp-json\/wp\/v2\/comments?post=2947"}],"wp:featuredmedia":[{"embeddable":true,"href":"https:\/\/bonomosistemas.com.ar\/site\/wp-json\/wp\/v2\/media\/2948"}],"wp:attachment":[{"href":"https:\/\/bonomosistemas.com.ar\/site\/wp-json\/wp\/v2\/media?parent=2947"}],"wp:term":[{"taxonomy":"product_brand","embeddable":true,"href":"https:\/\/bonomosistemas.com.ar\/site\/wp-json\/wp\/v2\/product_brand?post=2947"},{"taxonomy":"product_cat","embeddable":true,"href":"https:\/\/bonomosistemas.com.ar\/site\/wp-json\/wp\/v2\/product_cat?post=2947"},{"taxonomy":"product_tag","embeddable":true,"href":"https:\/\/bonomosistemas.com.ar\/site\/wp-json\/wp\/v2\/product_tag?post=2947"}],"curies":[{"name":"wp","href":"https:\/\/api.w.org\/{rel}","templated":true}]}}