{"id":2970,"date":"2024-08-17T13:59:10","date_gmt":"2024-08-17T16:59:10","guid":{"rendered":"https:\/\/bonomosistemas.com.ar\/site\/?post_type=product&#038;p=2970"},"modified":"2026-02-28T22:13:49","modified_gmt":"2026-03-01T01:13:49","slug":"disco-solido-ssd-kingston-nv2-nvme-250gb","status":"publish","type":"product","link":"https:\/\/bonomosistemas.com.ar\/site\/producto\/disco-solido-ssd-kingston-nv2-nvme-250gb\/","title":{"rendered":"Disco Solido SSD Kingston NV2 NVMe 250GB"},"content":{"rendered":"<ul>\n<li><strong>Marca:<\/strong> Kingston<\/li>\n<li><strong>Modelo:<\/strong> SNV2S\/250GB<\/li>\n<li class=\"target-even-odd border-b border-grey-light flex items-center pb-3 pt-4 pl-7\">\n<div class=\"flex-1 text-sm inheritPara\"><strong>Capacidad:<\/strong> 250GB<\/div>\n<\/li>\n<li class=\"target-even-odd border-b border-grey-light flex items-center pb-3 pt-4 pl-7\">\n<div class=\"flex-1 text-sm inheritPara\"><strong>Interfaz: <\/strong>PCIe NVMe Gen 4 de 4 carriles<\/div>\n<\/li>\n<li class=\"target-even-odd border-b border-grey-light flex items-center pb-3 pt-4 pl-7\">\n<div class=\"flex-1 text-sm inheritPara\"><strong>Factor de forma:<\/strong> M.2 2280<\/div>\n<\/li>\n<li class=\"target-even-odd border-b border-grey-light flex items-center pb-3 pt-4 pl-7\">\n<div class=\"flex-1 text-sm inheritPara\"><strong>Velocidad de lectura: <\/strong>3000MB\/s<\/div>\n<\/li>\n<li><strong>Velocidad de escritura:<\/strong> 1300MB\/s<\/li>\n<\/ul>\n","protected":false},"excerpt":{"rendered":"<p>El disco SSD NVMe PCIe 4.0 NV2 es una soluci\u00f3n de almacenamiento de nueva generaci\u00f3n mejorada basada en un controlador NVME Gen 4&#215;4. NV2 alcanza velocidades de lectura\/escritura de hasta 3000\/1300 MB\/s, con menor consumo el\u00e9ctrico y generando menos calor, con lo cual optimiza el rendimiento de su sistema y mejora su valor sin sacrificar nada. El compacto dise\u00f1o de M.2 2280 de una cara (22 x 80 mm) ampl\u00eda el almacenamiento, adem\u00e1s de ahorrar espacio para otros componentes. Por ello, el NV2 es ideal para port\u00e1tiles m\u00e1s delgados, sistemas de peque\u00f1o factor de forma (SFF) y placas base para integradores de sistemas.<\/p>\n","protected":false},"featured_media":2971,"comment_status":"open","ping_status":"closed","template":"","meta":{"_et_pb_use_builder":"","_et_pb_old_content":"","_et_gb_content_width":""},"product_brand":[],"product_cat":[31],"product_tag":[113,118,120,119],"class_list":{"0":"post-2970","1":"product","2":"type-product","3":"status-publish","4":"has-post-thumbnail","6":"product_cat-almacenamiento","7":"product_tag-disco","8":"product_tag-disco-solido","9":"product_tag-kingston","10":"product_tag-ssd","12":"first","13":"instock","14":"shipping-taxable","15":"purchasable","16":"product-type-simple"},"_links":{"self":[{"href":"https:\/\/bonomosistemas.com.ar\/site\/wp-json\/wp\/v2\/product\/2970","targetHints":{"allow":["GET"]}}],"collection":[{"href":"https:\/\/bonomosistemas.com.ar\/site\/wp-json\/wp\/v2\/product"}],"about":[{"href":"https:\/\/bonomosistemas.com.ar\/site\/wp-json\/wp\/v2\/types\/product"}],"replies":[{"embeddable":true,"href":"https:\/\/bonomosistemas.com.ar\/site\/wp-json\/wp\/v2\/comments?post=2970"}],"wp:featuredmedia":[{"embeddable":true,"href":"https:\/\/bonomosistemas.com.ar\/site\/wp-json\/wp\/v2\/media\/2971"}],"wp:attachment":[{"href":"https:\/\/bonomosistemas.com.ar\/site\/wp-json\/wp\/v2\/media?parent=2970"}],"wp:term":[{"taxonomy":"product_brand","embeddable":true,"href":"https:\/\/bonomosistemas.com.ar\/site\/wp-json\/wp\/v2\/product_brand?post=2970"},{"taxonomy":"product_cat","embeddable":true,"href":"https:\/\/bonomosistemas.com.ar\/site\/wp-json\/wp\/v2\/product_cat?post=2970"},{"taxonomy":"product_tag","embeddable":true,"href":"https:\/\/bonomosistemas.com.ar\/site\/wp-json\/wp\/v2\/product_tag?post=2970"}],"curies":[{"name":"wp","href":"https:\/\/api.w.org\/{rel}","templated":true}]}}