{"id":2982,"date":"2024-08-24T16:44:11","date_gmt":"2024-08-24T19:44:11","guid":{"rendered":"https:\/\/bonomosistemas.com.ar\/site\/?post_type=product&#038;p=2982"},"modified":"2026-02-28T22:13:49","modified_gmt":"2026-03-01T01:13:49","slug":"disco-solido-ssd-hiksemi-waven-m-2-sata-512gb","status":"publish","type":"product","link":"https:\/\/bonomosistemas.com.ar\/site\/producto\/disco-solido-ssd-hiksemi-waven-m-2-sata-512gb\/","title":{"rendered":"Disco Solido SSD HikSemi Wave(N) M.2 SATA 512GB"},"content":{"rendered":"<ul>\n<li><strong>Marca:<\/strong> HikSemi<\/li>\n<li><strong>Modelo:<\/strong> HS-SSD-WAVE(N) 512G<\/li>\n<li class=\"target-even-odd border-b border-grey-light flex items-center pb-3 pt-4 pl-7\">\n<div class=\"flex-1 text-sm inheritPara\"><strong>Capacidad:<\/strong> 512GB<\/div>\n<\/li>\n<li class=\"target-even-odd border-b border-grey-light flex items-center pb-3 pt-4 pl-7\">\n<div class=\"flex-1 text-sm inheritPara\"><strong>Interfaz: <\/strong>SATA<\/div>\n<\/li>\n<li class=\"target-even-odd border-b border-grey-light flex items-center pb-3 pt-4 pl-7\">\n<div class=\"flex-1 text-sm inheritPara\"><strong>Factor de forma:<\/strong> M.2 2280<\/div>\n<\/li>\n<li class=\"target-even-odd border-b border-grey-light flex items-center pb-3 pt-4 pl-7\">\n<div class=\"flex-1 text-sm inheritPara\"><strong>Velocidad de lectura: <\/strong>560MB\/s<\/div>\n<\/li>\n<li><strong>Velocidad de escritura:<\/strong> 500MB\/s<\/li>\n<\/ul>\n","protected":false},"excerpt":{"rendered":"<p>La serie de unidades de estado s\u00f3lido WAVE(N) se ha desarrollado a partir de a\u00f1os de experiencia y conocimientos en tecnolog\u00eda de almacenamiento y gesti\u00f3n de memoria flash. Este producto est\u00e1 especializado en la optimizaci\u00f3n de sistemas operativos de computadoras y ofrece un servicio de datos estable y r\u00e1pido al acelerar el inicio y el rendimiento.<\/p>\n","protected":false},"featured_media":2980,"comment_status":"open","ping_status":"closed","template":"","meta":{"_et_pb_use_builder":"","_et_pb_old_content":"","_et_gb_content_width":""},"product_brand":[],"product_cat":[31],"product_tag":[113,118,393,119],"class_list":{"0":"post-2982","1":"product","2":"type-product","3":"status-publish","4":"has-post-thumbnail","6":"product_cat-almacenamiento","7":"product_tag-disco","8":"product_tag-disco-solido","9":"product_tag-hiksemi","10":"product_tag-ssd","12":"first","13":"instock","14":"shipping-taxable","15":"purchasable","16":"product-type-simple"},"_links":{"self":[{"href":"https:\/\/bonomosistemas.com.ar\/site\/wp-json\/wp\/v2\/product\/2982","targetHints":{"allow":["GET"]}}],"collection":[{"href":"https:\/\/bonomosistemas.com.ar\/site\/wp-json\/wp\/v2\/product"}],"about":[{"href":"https:\/\/bonomosistemas.com.ar\/site\/wp-json\/wp\/v2\/types\/product"}],"replies":[{"embeddable":true,"href":"https:\/\/bonomosistemas.com.ar\/site\/wp-json\/wp\/v2\/comments?post=2982"}],"wp:featuredmedia":[{"embeddable":true,"href":"https:\/\/bonomosistemas.com.ar\/site\/wp-json\/wp\/v2\/media\/2980"}],"wp:attachment":[{"href":"https:\/\/bonomosistemas.com.ar\/site\/wp-json\/wp\/v2\/media?parent=2982"}],"wp:term":[{"taxonomy":"product_brand","embeddable":true,"href":"https:\/\/bonomosistemas.com.ar\/site\/wp-json\/wp\/v2\/product_brand?post=2982"},{"taxonomy":"product_cat","embeddable":true,"href":"https:\/\/bonomosistemas.com.ar\/site\/wp-json\/wp\/v2\/product_cat?post=2982"},{"taxonomy":"product_tag","embeddable":true,"href":"https:\/\/bonomosistemas.com.ar\/site\/wp-json\/wp\/v2\/product_tag?post=2982"}],"curies":[{"name":"wp","href":"https:\/\/api.w.org\/{rel}","templated":true}]}}