{"id":3083,"date":"2024-09-24T23:14:53","date_gmt":"2024-09-25T02:14:53","guid":{"rendered":"https:\/\/bonomosistemas.com.ar\/site\/?post_type=product&#038;p=3083"},"modified":"2026-02-28T21:36:48","modified_gmt":"2026-03-01T00:36:48","slug":"pendrive-kingston-datatraveler-exodia-onyx-64gb-usb-3-2","status":"publish","type":"product","link":"https:\/\/bonomosistemas.com.ar\/site\/producto\/pendrive-kingston-datatraveler-exodia-onyx-64gb-usb-3-2\/","title":{"rendered":"Pendrive Kingston Datatraveler Exodia Onyx 64GB USB 3.2"},"content":{"rendered":"<ul>\n<li>Capacidad: 64GB<\/li>\n<li>Interfaz: USB 3.2 Gen 1<\/li>\n<\/ul>\n","protected":false},"excerpt":{"rendered":"<p>DataTraveler\u00ae Exodia&#x2122; Onyx de Kingston es un dispositivo flash compatible con USB 3.2 Gen 1\u00a0que ofrece transferencias r\u00e1pidas para un almacenamiento simple y f\u00e1cil Dise\u00f1ado con una elegante carcasa negra mate, el DT Exodia Onyx es el compa\u00f1ero asequible perfecto para un almacenamiento con estilo.<\/p>\n","protected":false},"featured_media":3084,"comment_status":"open","ping_status":"closed","template":"","meta":{"_et_pb_use_builder":"","_et_pb_old_content":"","_et_gb_content_width":""},"product_brand":[],"product_cat":[42],"product_tag":[230,120,231],"class_list":{"0":"post-3083","1":"product","2":"type-product","3":"status-publish","4":"has-post-thumbnail","6":"product_cat-pendrives","7":"product_tag-almacenamiento","8":"product_tag-kingston","9":"product_tag-pendrive","11":"first","12":"instock","13":"shipping-taxable","14":"purchasable","15":"product-type-simple"},"_links":{"self":[{"href":"https:\/\/bonomosistemas.com.ar\/site\/wp-json\/wp\/v2\/product\/3083","targetHints":{"allow":["GET"]}}],"collection":[{"href":"https:\/\/bonomosistemas.com.ar\/site\/wp-json\/wp\/v2\/product"}],"about":[{"href":"https:\/\/bonomosistemas.com.ar\/site\/wp-json\/wp\/v2\/types\/product"}],"replies":[{"embeddable":true,"href":"https:\/\/bonomosistemas.com.ar\/site\/wp-json\/wp\/v2\/comments?post=3083"}],"wp:featuredmedia":[{"embeddable":true,"href":"https:\/\/bonomosistemas.com.ar\/site\/wp-json\/wp\/v2\/media\/3084"}],"wp:attachment":[{"href":"https:\/\/bonomosistemas.com.ar\/site\/wp-json\/wp\/v2\/media?parent=3083"}],"wp:term":[{"taxonomy":"product_brand","embeddable":true,"href":"https:\/\/bonomosistemas.com.ar\/site\/wp-json\/wp\/v2\/product_brand?post=3083"},{"taxonomy":"product_cat","embeddable":true,"href":"https:\/\/bonomosistemas.com.ar\/site\/wp-json\/wp\/v2\/product_cat?post=3083"},{"taxonomy":"product_tag","embeddable":true,"href":"https:\/\/bonomosistemas.com.ar\/site\/wp-json\/wp\/v2\/product_tag?post=3083"}],"curies":[{"name":"wp","href":"https:\/\/api.w.org\/{rel}","templated":true}]}}