{"id":3086,"date":"2024-09-24T23:17:36","date_gmt":"2024-09-25T02:17:36","guid":{"rendered":"https:\/\/bonomosistemas.com.ar\/site\/?post_type=product&#038;p=3086"},"modified":"2026-02-28T21:35:23","modified_gmt":"2026-03-01T00:35:23","slug":"pendrive-sandisk-ultra-shift-64gb-usb-3-0","status":"publish","type":"product","link":"https:\/\/bonomosistemas.com.ar\/site\/producto\/pendrive-sandisk-ultra-shift-64gb-usb-3-0\/","title":{"rendered":"Pendrive Sandisk Ultra Shift 64GB USB 3.0"},"content":{"rendered":"<ul>\n<li>Capacidad: 64GB<\/li>\n<li>Interfaz: USB 3.0<\/li>\n<\/ul>\n","protected":false},"excerpt":{"rendered":"<p>Mant\u00e9n tu mundo digital al alcance de la mano con la SanDisk Ultra Shift USB. Con velocidades de lectura de hasta 100 MB\/s, puedes pasar menos tiempo esperando y m\u00e1s tiempo concentr\u00e1ndote en lo que es importante para ti. Esta unidad compacta te ofrece una forma elegante, port\u00e1til y f\u00e1cil de almacenar, organizar, transferir y compartir tu contenido.<\/p>\n","protected":false},"featured_media":3087,"comment_status":"open","ping_status":"closed","template":"","meta":{"_et_pb_use_builder":"","_et_pb_old_content":"","_et_gb_content_width":""},"product_brand":[],"product_cat":[42],"product_tag":[230,231,232],"class_list":{"0":"post-3086","1":"product","2":"type-product","3":"status-publish","4":"has-post-thumbnail","6":"product_cat-pendrives","7":"product_tag-almacenamiento","8":"product_tag-pendrive","9":"product_tag-sandisk","11":"first","12":"instock","13":"shipping-taxable","14":"purchasable","15":"product-type-simple"},"_links":{"self":[{"href":"https:\/\/bonomosistemas.com.ar\/site\/wp-json\/wp\/v2\/product\/3086","targetHints":{"allow":["GET"]}}],"collection":[{"href":"https:\/\/bonomosistemas.com.ar\/site\/wp-json\/wp\/v2\/product"}],"about":[{"href":"https:\/\/bonomosistemas.com.ar\/site\/wp-json\/wp\/v2\/types\/product"}],"replies":[{"embeddable":true,"href":"https:\/\/bonomosistemas.com.ar\/site\/wp-json\/wp\/v2\/comments?post=3086"}],"wp:featuredmedia":[{"embeddable":true,"href":"https:\/\/bonomosistemas.com.ar\/site\/wp-json\/wp\/v2\/media\/3087"}],"wp:attachment":[{"href":"https:\/\/bonomosistemas.com.ar\/site\/wp-json\/wp\/v2\/media?parent=3086"}],"wp:term":[{"taxonomy":"product_brand","embeddable":true,"href":"https:\/\/bonomosistemas.com.ar\/site\/wp-json\/wp\/v2\/product_brand?post=3086"},{"taxonomy":"product_cat","embeddable":true,"href":"https:\/\/bonomosistemas.com.ar\/site\/wp-json\/wp\/v2\/product_cat?post=3086"},{"taxonomy":"product_tag","embeddable":true,"href":"https:\/\/bonomosistemas.com.ar\/site\/wp-json\/wp\/v2\/product_tag?post=3086"}],"curies":[{"name":"wp","href":"https:\/\/api.w.org\/{rel}","templated":true}]}}