{"id":3100,"date":"2024-10-03T20:00:58","date_gmt":"2024-10-03T23:00:58","guid":{"rendered":"https:\/\/bonomosistemas.com.ar\/site\/?post_type=product&#038;p=3100"},"modified":"2026-05-01T16:07:34","modified_gmt":"2026-05-01T19:07:34","slug":"auriculares-jbl-tune-520-bt","status":"publish","type":"product","link":"https:\/\/bonomosistemas.com.ar\/site\/producto\/auriculares-jbl-tune-520-bt\/","title":{"rendered":"Auriculares JBL Tune 520 BT"},"content":{"rendered":"<p><strong>CARACTERISTICAS GENERALES<\/strong><\/p>\n<ul>\n<li>Driver (mm): <span class=\"spec-value\">33<\/span><\/li>\n<li>Cantidad de Micr\u00f3fonos: 1<\/li>\n<\/ul>\n<p><strong>CARACTERISTICAS AUDIO<\/strong><\/p>\n<ul>\n<li class=\"spec-row\"><span class=\"spec-key\">Sensibilidad del driver a 1kHz1mW (dB): <\/span><span class=\"spec-value\">102 dB SPL@ 1kHz 1mW<\/span><\/li>\n<li class=\"spec-row\"><span class=\"spec-key\">Respuesta de frecuencia din\u00e1mica: <\/span><span class=\"spec-value\">20 Hz \u2013 20 kHz<\/span><\/li>\n<li class=\"spec-row\"><span class=\"spec-key\">Impedancia de entrada (ohms): <\/span><span class=\"spec-value\">30<\/span><\/li>\n<\/ul>\n<p><strong>CARACTERISTICAS DE CONTROL Y CONEXION<\/strong><\/p>\n<ul>\n<li class=\"spec-row\"><span class=\"spec-key\">Perfiles Bluetooth: <\/span><span class=\"spec-value\">HFP 1.7.2, AVRCP 1.6.2, A2DP 1.3.2<\/span><\/li>\n<li class=\"spec-row\">Rango de frecuencia de transmisi\u00f3n Bluetooth: <span class=\"spec-value\">2.4 GHz \u2013 2.4835 GHz<\/span><\/li>\n<li class=\"spec-row\">Transmisi\u00f3n de modulaci\u00f3n GFSK v\u00eda Bluetooth: <span class=\"spec-value\">GFSK, \u03c0\/4-DQPSK, 8-DPSK<\/span><\/li>\n<li class=\"spec-row\">Potencia de transmisi\u00f3n Bluetooth: <span class=\"spec-value\">6 dBm (E.I.R.P)<\/span><\/li>\n<li class=\"spec-row\">Versi\u00f3n Bluetooth: <span class=\"spec-value\">5.3<\/span><\/li>\n<\/ul>\n<p><strong>BATERIA<\/strong><\/p>\n<ul>\n<li class=\"spec-row\"><span class=\"spec-key\">Tiempo de carga (horas): <\/span><span class=\"spec-value\">2<\/span><\/li>\n<li class=\"spec-row\"><span class=\"spec-key\">Tiempo de juego m\u00e1ximo (horas): <\/span><span class=\"spec-value\">57<\/span><\/li>\n<\/ul>\n<p><strong>OTRAS CARACTERISTICAS<\/strong><\/p>\n<ul>\n<li class=\"spec-row\"><span class=\"spec-key\">Bluetooth: <\/span><span class=\"spec-value\">S\u00ed<\/span><\/li>\n<li class=\"spec-row\"><span class=\"spec-key\">Charging cable: <\/span><span class=\"spec-value\">S\u00ed<\/span><\/li>\n<li class=\"spec-row\"><span class=\"spec-key\">Plegable: <\/span><span class=\"spec-value\">S\u00ed<\/span><\/li>\n<li class=\"spec-row\"><span class=\"spec-key\">Micr\u00f3fono integrado: <\/span><span class=\"spec-value\">S\u00ed<\/span><\/li>\n<li class=\"spec-row\"><span class=\"spec-key\">Llamadas con manos libres: <\/span><span class=\"spec-value\">S\u00ed<\/span><\/li>\n<li class=\"spec-row\"><span class=\"spec-key\">Sonido JBL Pure Bass: <\/span><span class=\"spec-value\">S\u00ed<\/span><\/li>\n<li class=\"spec-row\"><span class=\"spec-key\">Conexi\u00f3n Multipunto: <\/span><span class=\"spec-value\">S\u00ed<\/span><\/li>\n<li class=\"spec-row\"><span class=\"spec-key\">On-ear: <\/span><span class=\"spec-value\">S\u00ed<\/span><\/li>\n<li class=\"spec-row\"><span class=\"spec-key\">Carga r\u00e1pida: <\/span><span class=\"spec-value\">S\u00ed<\/span><\/li>\n<li class=\"spec-row\"><span class=\"spec-key\">Voice Aware: <\/span><span class=\"spec-value\">S\u00ed<\/span><\/li>\n<\/ul>\n","protected":false},"excerpt":{"rendered":"<h4>Auriculares inal\u00e1mbricos supraaurales con sonido JBL Pure Bass<\/h4>\n<div class=\"spec-row\"><span class=\"spec-key -full\">Los auriculares JBL Tune 520BT transmiten el potente sonido JBL Pure Bass gracias a la \u00faltima tecnolog\u00eda 5.3\u00a0BT. Estos auriculares, muy f\u00e1ciles de usar, ofrecen hasta 57\u00a0horas de puro placer auditivo y 3\u00a0horas adicionales de bater\u00eda con solo 5\u00a0minutos de carga. Descarga la aplicaci\u00f3n gratuita JBL Headphones y personaliza tu sonido a trav\u00e9s del ecualizador, las indicaciones de voz te ayudar\u00e1n a conocer las prestaciones de los auriculares. Gestiona las llamadas, el sonido y el volumen desde el auricular, todo ello con el c\u00f3modo control de botones. Si recibes una llamada mientras est\u00e1s viendo un v\u00eddeo en otro dispositivo, los auriculares JBL Tune 520BT se conectan f\u00e1cilmente a tu m\u00f3vil para que nunca pierdas una llamada. Los auriculares JBL Tune 520BT son ligeros y c\u00f3modos incluso despu\u00e9s de horas de escucha, y puedes plegarlos para llev\u00e1rtelos en tu mochila a todas partes.<\/span><\/div>\n","protected":false},"featured_media":3101,"comment_status":"open","ping_status":"closed","template":"","meta":{"_et_pb_use_builder":"off","_et_pb_old_content":"<div class=\"specification-row dark-border\" data-v-d1ec4f24=\"\">\r\n<ul>\r\n \t<li class=\"specification-row-title\"><strong>Peso:<\/strong> 280g (sin cable)<\/li>\r\n \t<li><strong>Longitud del cable:<\/strong> 2m<\/li>\r\n \t<li><b>Aud\u00edfono:<\/b>\r\n<ul>\r\n \t<li class=\"specification-row-title\"><strong>Transductor:<\/strong> \u042450 mm<\/li>\r\n \t<li class=\"specification-row-title\"><strong>Respuesta de frecuencia:<\/strong> 20 \u2013 20k Hz<\/li>\r\n \t<li><strong>Impedancia:<\/strong> 39 ohmios (pasiva), 5 kilohmios (activa)<\/li>\r\n \t<li class=\"specification-row-title\"><strong>Sensibilidad:<\/strong>107dB +\/- 3dB<\/li>\r\n<\/ul>\r\n<\/li>\r\n \t<li><b>Micr\u00f3fono (varilla):<\/b>\r\n<ul>\r\n \t<li class=\"specification-row-title\"><strong>Direccionalidad del micr\u00f3fono:<\/strong> Cardioide (unidireccional)<\/li>\r\n \t<li><strong>Tama\u00f1o:<\/strong> 6mm<\/li>\r\n \t<li><strong>Respuesta de Frecuencia:<\/strong> 100Hz - 20 KHz<\/li>\r\n<\/ul>\r\n<\/li>\r\n \t<li class=\"specification-row-title\"><strong>Sistemas operativos compatibles:<\/strong> Windows 10\/8\/7 \/ Mac \/ Nintendo Switch \/ Playstation 4 \/ Tablet \/ Dispositivo M\u00f3vil<\/li>\r\n<\/ul>\r\n<\/div>","_et_gb_content_width":""},"product_brand":[],"product_cat":[80],"product_tag":[134,387,135],"class_list":{"0":"post-3100","1":"product","2":"type-product","3":"status-publish","4":"has-post-thumbnail","6":"product_cat-auriculares","7":"product_tag-auriculares","8":"product_tag-jbl","9":"product_tag-sonido","11":"first","12":"instock","13":"shipping-taxable","14":"purchasable","15":"product-type-simple"},"_links":{"self":[{"href":"https:\/\/bonomosistemas.com.ar\/site\/wp-json\/wp\/v2\/product\/3100","targetHints":{"allow":["GET"]}}],"collection":[{"href":"https:\/\/bonomosistemas.com.ar\/site\/wp-json\/wp\/v2\/product"}],"about":[{"href":"https:\/\/bonomosistemas.com.ar\/site\/wp-json\/wp\/v2\/types\/product"}],"replies":[{"embeddable":true,"href":"https:\/\/bonomosistemas.com.ar\/site\/wp-json\/wp\/v2\/comments?post=3100"}],"wp:featuredmedia":[{"embeddable":true,"href":"https:\/\/bonomosistemas.com.ar\/site\/wp-json\/wp\/v2\/media\/3101"}],"wp:attachment":[{"href":"https:\/\/bonomosistemas.com.ar\/site\/wp-json\/wp\/v2\/media?parent=3100"}],"wp:term":[{"taxonomy":"product_brand","embeddable":true,"href":"https:\/\/bonomosistemas.com.ar\/site\/wp-json\/wp\/v2\/product_brand?post=3100"},{"taxonomy":"product_cat","embeddable":true,"href":"https:\/\/bonomosistemas.com.ar\/site\/wp-json\/wp\/v2\/product_cat?post=3100"},{"taxonomy":"product_tag","embeddable":true,"href":"https:\/\/bonomosistemas.com.ar\/site\/wp-json\/wp\/v2\/product_tag?post=3100"}],"curies":[{"name":"wp","href":"https:\/\/api.w.org\/{rel}","templated":true}]}}