{"id":3109,"date":"2024-10-19T16:06:33","date_gmt":"2024-10-19T19:06:33","guid":{"rendered":"https:\/\/bonomosistemas.com.ar\/site\/?post_type=product&#038;p=3109"},"modified":"2026-02-28T22:14:47","modified_gmt":"2026-03-01T01:14:47","slug":"memoria-sodimm-kingston-32gb-ddr4-3200mhz","status":"publish","type":"product","link":"https:\/\/bonomosistemas.com.ar\/site\/producto\/memoria-sodimm-kingston-32gb-ddr4-3200mhz\/","title":{"rendered":"Memoria SODIMM Kingston 32GB DDR4 3200Mhz"},"content":{"rendered":"<ul>\n<li class=\"mb-0\"><b>Marca: <\/b>Kingston<\/li>\n<li class=\"mb-0\"><b>Modelo:\u00a0<\/b>KCP432SD8\/32<\/li>\n<li class=\"mb-0\"><b>L\u00ednea: <\/b>ValueRAM<\/li>\n<li class=\"mb-0\"><b>Tipo: <\/b>DDR4 SODIMM<\/li>\n<li class=\"mb-0\"><b>Latencia: <\/b>22<\/li>\n<li class=\"mb-0\"><b>Voltaje: <\/b>1.2V<\/li>\n<li class=\"mb-0\"><b>Capacidad: <\/b>32 GB<\/li>\n<li class=\"mb-0\"><b>Velocidad: <\/b>3200 MHz<\/li>\n<li class=\"mb-0\"><b>Aplicaci\u00f3n: <\/b>Notebook<\/li>\n<li class=\"mb-0\"><b>Disipador: <\/b>No<\/li>\n<li class=\"mb-0\"><b>Iluminaci\u00f3n: <\/b>No<\/li>\n<\/ul>\n","protected":false},"excerpt":{"rendered":"<p>Marca: Kingston Modelo:\u00a0KCP432SD8\/32 L\u00ednea: ValueRAM Tipo: DDR4 SODIMM Latencia: 22 Voltaje: 1.2V Capacidad: 32 GB Velocidad: 3200 MHz Aplicaci\u00f3n: Notebook Disipador: No Iluminaci\u00f3n: No<\/p>\n","protected":false},"featured_media":3110,"comment_status":"open","ping_status":"closed","template":"","meta":{"_et_pb_use_builder":"","_et_pb_old_content":"","_et_gb_content_width":""},"product_brand":[],"product_cat":[62],"product_tag":[126,120,124,125,128],"class_list":{"0":"post-3109","1":"product","2":"type-product","3":"status-publish","4":"has-post-thumbnail","6":"product_cat-memorias-ram","7":"product_tag-ddr4","8":"product_tag-kingston","9":"product_tag-memoria","10":"product_tag-ram","11":"product_tag-sodimm","13":"first","14":"instock","15":"shipping-taxable","16":"purchasable","17":"product-type-simple"},"_links":{"self":[{"href":"https:\/\/bonomosistemas.com.ar\/site\/wp-json\/wp\/v2\/product\/3109","targetHints":{"allow":["GET"]}}],"collection":[{"href":"https:\/\/bonomosistemas.com.ar\/site\/wp-json\/wp\/v2\/product"}],"about":[{"href":"https:\/\/bonomosistemas.com.ar\/site\/wp-json\/wp\/v2\/types\/product"}],"replies":[{"embeddable":true,"href":"https:\/\/bonomosistemas.com.ar\/site\/wp-json\/wp\/v2\/comments?post=3109"}],"wp:featuredmedia":[{"embeddable":true,"href":"https:\/\/bonomosistemas.com.ar\/site\/wp-json\/wp\/v2\/media\/3110"}],"wp:attachment":[{"href":"https:\/\/bonomosistemas.com.ar\/site\/wp-json\/wp\/v2\/media?parent=3109"}],"wp:term":[{"taxonomy":"product_brand","embeddable":true,"href":"https:\/\/bonomosistemas.com.ar\/site\/wp-json\/wp\/v2\/product_brand?post=3109"},{"taxonomy":"product_cat","embeddable":true,"href":"https:\/\/bonomosistemas.com.ar\/site\/wp-json\/wp\/v2\/product_cat?post=3109"},{"taxonomy":"product_tag","embeddable":true,"href":"https:\/\/bonomosistemas.com.ar\/site\/wp-json\/wp\/v2\/product_tag?post=3109"}],"curies":[{"name":"wp","href":"https:\/\/api.w.org\/{rel}","templated":true}]}}