{"id":3137,"date":"2024-10-22T19:07:56","date_gmt":"2024-10-22T22:07:56","guid":{"rendered":"https:\/\/bonomosistemas.com.ar\/site\/?post_type=product&#038;p=3137"},"modified":"2026-01-13T16:28:18","modified_gmt":"2026-01-13T19:28:18","slug":"monitor-led-19-philips-193v5lhb2-77","status":"publish","type":"product","link":"https:\/\/bonomosistemas.com.ar\/site\/producto\/monitor-led-19-philips-193v5lhb2-77\/","title":{"rendered":"Monitor LED 19&#8243; Philips 193V5LHB2\/77"},"content":{"rendered":"<p class=\"p-heading-03 p-heading-light p-s08__spec-title\"><strong>IMAGEN\/PANTALLA<\/strong><\/p>\n<ul>\n<li><strong>Tama\u00f1o del panel:<\/strong> 18,5 pulgadas \/ 47 cm<\/li>\n<li><strong>Relaci\u00f3n de aspecto:<\/strong> 16:9<\/li>\n<li><strong>Tipo de panel LCD:<\/strong> LCD TFT<\/li>\n<li><strong>Tipo de retroiluminaci\u00f3n:<\/strong> Sistema W-LED<\/li>\n<li><strong>Tama\u00f1o del p\u00edxel:<\/strong> 0,30 x 0,30\u00a0mm<\/li>\n<li><strong>Brillo:<\/strong> 200 \u00a0cd\/m\u00b2<\/li>\n<li><strong>Colores de la pantalla:<\/strong> 16,7\u00a0M<\/li>\n<li><strong>Relaci\u00f3n de contraste (t\u00edpica):<\/strong> 700:1<\/li>\n<li><strong>Tiempo de respuesta (t\u00edpico):<\/strong> 5 \u00a0ms<\/li>\n<li><strong>\u00c1ngulo de visi\u00f3n:<\/strong>\n<ul class=\"p-bullets\">\n<li>\n<div class=\"p-body-copy-02 \">90\u00b0 (alto) \/ 65\u00b0 (ancho)<\/div>\n<\/li>\n<li>\n<div class=\"p-body-copy-02 \">A C\/R &gt; 10<\/div>\n<\/li>\n<\/ul>\n<\/li>\n<\/ul>\n<ul class=\"p-s08__main-list\">\n<li class=\"p-heading-04 p-heading-bold p-s08__main-list-title\"><strong>Resoluci\u00f3n m\u00e1xima:<\/strong> 1366 x 768 a 60 Hz<\/li>\n<li class=\"p-heading-04 p-heading-bold p-s08__main-list-title\"><strong>\u00c1rea de visualizaci\u00f3n de alto rendimiento:<\/strong> 409,8 (H) x 230,4 (V)<\/li>\n<li class=\"p-heading-04 p-heading-bold p-s08__main-list-title\"><strong>Frecuencia de exploraci\u00f3n:<\/strong> 30 &#8211; 83 kHz (H)\/56 &#8211; 76 Hz (V)<\/li>\n<li class=\"p-heading-04 p-heading-bold p-s08__main-list-title\"><strong>sRGB:<\/strong> S\u00ed<\/li>\n<\/ul>\n<p class=\"p-heading-03 p-heading-light p-s08__spec-title\"><strong>CONECTIVIDAD<\/strong><\/p>\n<ul>\n<li><strong>Entrada de se\u00f1al:<\/strong>\n<ul>\n<li>VGA (anal\u00f3gico)<\/li>\n<li>HDMI (digital, HDCP)<\/li>\n<\/ul>\n<\/li>\n<\/ul>\n<ul class=\"p-s08__main-list\">\n<li style=\"list-style-type: none;\"><\/li>\n<li class=\"p-heading-04 p-heading-bold p-s08__main-list-title\"><strong>Entrada de la sincronizaci\u00f3n:<\/strong>\n<ul class=\"p-bullets\">\n<li>\n<div class=\"p-body-copy-02 \">Sincronizaci\u00f3n separada<\/div>\n<\/li>\n<li>\n<div class=\"p-body-copy-02 \">Sincronizaci\u00f3n en verde<\/div>\n<\/li>\n<\/ul>\n<\/li>\n<\/ul>\n","protected":false},"excerpt":{"rendered":"<p class=\"p-p18v2-pex-area__desc-title pv-subheading--m pv-bold pv-margin-block-end--2xs\">Im\u00e1genes LED fant\u00e1sticas con colores vivos<\/p>\n<p class=\"p-p18v2-pex-area__desc-body pv-body--m pv-margin-block-end--2xs\">Disfruta de im\u00e1genes LED n\u00edtidas en esta pantalla Philips que est\u00e1 equipada con HDMI, lo que la convierte en una opci\u00f3n fant\u00e1stica.<\/p>\n","protected":false},"featured_media":1758,"comment_status":"open","ping_status":"closed","template":"","meta":{"_et_pb_use_builder":"","_et_pb_old_content":"","_et_gb_content_width":""},"product_brand":[],"product_cat":[411,70],"product_tag":[177,333],"class_list":{"0":"post-3137","1":"product","2":"type-product","3":"status-publish","4":"has-post-thumbnail","6":"product_cat-dia-del-nino","7":"product_cat-monitores-y-tv","8":"product_tag-monitor","9":"product_tag-philips","11":"first","12":"instock","13":"shipping-taxable","14":"purchasable","15":"product-type-simple"},"_links":{"self":[{"href":"https:\/\/bonomosistemas.com.ar\/site\/wp-json\/wp\/v2\/product\/3137","targetHints":{"allow":["GET"]}}],"collection":[{"href":"https:\/\/bonomosistemas.com.ar\/site\/wp-json\/wp\/v2\/product"}],"about":[{"href":"https:\/\/bonomosistemas.com.ar\/site\/wp-json\/wp\/v2\/types\/product"}],"replies":[{"embeddable":true,"href":"https:\/\/bonomosistemas.com.ar\/site\/wp-json\/wp\/v2\/comments?post=3137"}],"wp:featuredmedia":[{"embeddable":true,"href":"https:\/\/bonomosistemas.com.ar\/site\/wp-json\/wp\/v2\/media\/1758"}],"wp:attachment":[{"href":"https:\/\/bonomosistemas.com.ar\/site\/wp-json\/wp\/v2\/media?parent=3137"}],"wp:term":[{"taxonomy":"product_brand","embeddable":true,"href":"https:\/\/bonomosistemas.com.ar\/site\/wp-json\/wp\/v2\/product_brand?post=3137"},{"taxonomy":"product_cat","embeddable":true,"href":"https:\/\/bonomosistemas.com.ar\/site\/wp-json\/wp\/v2\/product_cat?post=3137"},{"taxonomy":"product_tag","embeddable":true,"href":"https:\/\/bonomosistemas.com.ar\/site\/wp-json\/wp\/v2\/product_tag?post=3137"}],"curies":[{"name":"wp","href":"https:\/\/api.w.org\/{rel}","templated":true}]}}